{"id":73847,"date":"2025-12-03T20:43:22","date_gmt":"2025-12-03T17:43:22","guid":{"rendered":"https:\/\/baldumarket.lt\/product\/lozko-mlodziezowe-pojedyncze-max-4-80x200-z-biurkiem-rozowe\/"},"modified":"2026-04-07T01:55:42","modified_gmt":"2026-04-06T22:55:42","slug":"lozko-mlodziezowe-pojedyncze-max-4-80x200-z-biurkiem-rozowe","status":"publish","type":"product","link":"https:\/\/baldumarket.lt\/lt\/product\/lozko-mlodziezowe-pojedyncze-max-4-80x200-z-biurkiem-rozowe\/","title":{"rendered":"MAX 4 viengul\u0117 jaunimo lova 80\u00d7200 su stalu, ro\u017ein\u0117"},"content":{"rendered":"<p>MDF plok\u0161t\u0117 \u2013 da\u017eyta vandens pagrindo laku.<br \/>\nLaminuota med\u017eio dro\u017eli\u0173 plok\u0161t\u0117.<br \/>\n\u010ciu\u017einys: n\u0117ra<br \/>\nR\u0117mas \u2013 Esame vienintel\u0117 \u012fmon\u0117, si\u016blanti r\u0117m\u0105, pagamint\u0105 i\u0161 spyruoklini\u0173 ber\u017eo medienos lenteli\u0173, pritvirtint\u0105 PVC laikikliu prie metalin\u0117s juostel\u0117s, naudojant spragtel\u0117jimo sistem\u0105 (greitas surinkimas).<br \/>\nTvirtinimo priedai \u2013 greitas ir paprastas surinkimas.<br \/>\nApsauginis tur\u0117klas.<br \/>\nKreipiamasis b\u0117gelis.<br \/>\nPVC laikiklis.<br \/>\nKreiv\u0117 \u2013 R2 spindulys.<br \/>\nSertifikuota lova \u2013 kokyb\u0117 ir saugumas atitinka TUV standartus.<br \/>\nKeliamoji galia \u2013 100 kg.<\/p>","protected":false},"excerpt":{"rendered":"<p>MDF plok\u0161t\u0117 \u2013 da\u017eyta vandens pagrindo laku. Laminuota med\u017eio dro\u017eli\u0173 plok\u0161t\u0117. \u010ciu\u017einys: n\u0117ra. R\u0117mas \u2013 esame vienintel\u0117 \u012fmon\u0117, si\u016blanti r\u0117m\u0105, pagamint\u0105 i\u0161 spyruoklini\u0173 ber\u017eo medienos lenteli\u0173, pritvirtint\u0105 PVC laikikliu prie metalin\u0117s juostel\u0117s, naudojant spragtel\u0117jimo sistem\u0105 (greitas surinkimas). Tvirtinimo priedai \u2013 greitas ir paprastas surinkimas. Apsauginis tur\u0117klas. Kreipiamoji b\u0117gel\u0117. PVC laikiklis. I\u0161lenktas [\u2026]<\/p>","protected":false},"featured_media":73848,"comment_status":"open","ping_status":"open","template":"","meta":[],"product_brand":[],"product_cat":[505,2014,9181],"product_tag":[],"class_list":{"0":"post-73847","1":"product","2":"type-product","3":"status-publish","4":"has-post-thumbnail","6":"product_cat-bedroom-beds","7":"product_cat-bms-group","8":"product_cat-youth-beds-bms","10":"first","11":"instock","12":"purchasable","13":"product-type-simple"},"_links":{"self":[{"href":"https:\/\/baldumarket.lt\/lt\/wp-json\/wp\/v2\/product\/73847","targetHints":{"allow":["GET"]}}],"collection":[{"href":"https:\/\/baldumarket.lt\/lt\/wp-json\/wp\/v2\/product"}],"about":[{"href":"https:\/\/baldumarket.lt\/lt\/wp-json\/wp\/v2\/types\/product"}],"replies":[{"embeddable":true,"href":"https:\/\/baldumarket.lt\/lt\/wp-json\/wp\/v2\/comments?post=73847"}],"wp:featuredmedia":[{"embeddable":true,"href":"https:\/\/baldumarket.lt\/lt\/wp-json\/wp\/v2\/media\/73848"}],"wp:attachment":[{"href":"https:\/\/baldumarket.lt\/lt\/wp-json\/wp\/v2\/media?parent=73847"}],"wp:term":[{"taxonomy":"product_brand","embeddable":true,"href":"https:\/\/baldumarket.lt\/lt\/wp-json\/wp\/v2\/product_brand?post=73847"},{"taxonomy":"product_cat","embeddable":true,"href":"https:\/\/baldumarket.lt\/lt\/wp-json\/wp\/v2\/product_cat?post=73847"},{"taxonomy":"product_tag","embeddable":true,"href":"https:\/\/baldumarket.lt\/lt\/wp-json\/wp\/v2\/product_tag?post=73847"}],"curies":[{"name":"wp","href":"https:\/\/api.w.org\/{rel}","templated":true}]}}