{"id":73763,"date":"2025-12-03T20:42:19","date_gmt":"2025-12-03T17:42:19","guid":{"rendered":"https:\/\/baldumarket.lt\/product\/lozko-mlodziezowe-pietrowe-max-3-120x200-z-szuflada-grafitowe\/"},"modified":"2026-04-07T02:35:16","modified_gmt":"2026-04-06T23:35:16","slug":"lozko-mlodziezowe-pietrowe-max-3-120x200-z-szuflada-grafitowe","status":"publish","type":"product","link":"https:\/\/baldumarket.lt\/lt\/product\/lozko-mlodziezowe-pietrowe-max-3-120x200-z-szuflada-grafitowe\/","title":{"rendered":"MAX 3 jaunimo dviauk\u0161t\u0117 lova 120\u00d7200 su stal\u010diumi, grafito spalvos"},"content":{"rendered":"<p>MDF plok\u0161t\u0117 \u2013 da\u017eyta vandens pagrindo laku.<br \/>\nLaminuota med\u017eio dro\u017eli\u0173 plok\u0161t\u0117.<br \/>\n\u010ciu\u017einys: n\u0117ra<br \/>\nR\u0117mas \u2013 Esame vienintel\u0117 \u012fmon\u0117, si\u016blanti r\u0117m\u0105, pagamint\u0105 i\u0161 spyruoklini\u0173 ber\u017eo medienos lenteli\u0173, pritvirtint\u0105 PVC rankena prie metalin\u0117s juostel\u0117s, naudojant spragtel\u0117jimo sistem\u0105 (greitas surinkimas).<br \/>\nSurinkimo priedai \u2013 greitas ir paprastas surinkimas.<br \/>\nStal\u010diaus rankena \u2013 pagaminta i\u0161 PVC.<br \/>\nB\u0117gikai.<br \/>\nApsauginis tur\u0117klas.<br \/>\nHDF plok\u0161t\u0117.<br \/>\nStal\u010di\u0173 ratukai.<br \/>\nApvalinimas \u2013 R2 spindulys.<br \/>\nSertifikuota lova \u2013 kokyb\u0117 ir saugumas atitinka TUV standartus.<br \/>\nMaksimali apkrova \u2013 100 kg vienam lygiui.<\/p>","protected":false},"excerpt":{"rendered":"<p>MDF plok\u0161t\u0117 \u2013 da\u017eyta vandens pagrindo laku. Laminuota med\u017eio dro\u017eli\u0173 plok\u0161t\u0117. \u010ciu\u017einys: n\u0117ra. R\u0117mas \u2013 esame vienintel\u0117 \u012fmon\u0117, si\u016blanti r\u0117m\u0105, pagamint\u0105 i\u0161 spyruoklini\u0173 ber\u017eo medienos lenteli\u0173, pritvirtint\u0105 PVC rankena prie metalin\u0117s juostel\u0117s, naudojant spragtel\u0117jimo sistem\u0105 (greitas surinkimas). Surinkimo priedai \u2013 greitas ir paprastas surinkimas. Stal\u010diaus rankena \u2013 pagaminta i\u0161 PVC. [\u2026]<\/p>","protected":false},"featured_media":73764,"comment_status":"open","ping_status":"open","template":"","meta":[],"product_brand":[],"product_cat":[505,1969,2014,9180],"product_tag":[],"class_list":{"0":"post-73763","1":"product","2":"type-product","3":"status-publish","4":"has-post-thumbnail","6":"product_cat-bedroom-beds","7":"product_cat-beds-120x200","8":"product_cat-bms-group","9":"product_cat-bunk-beds-bms","11":"first","12":"instock","13":"purchasable","14":"product-type-simple"},"_links":{"self":[{"href":"https:\/\/baldumarket.lt\/lt\/wp-json\/wp\/v2\/product\/73763","targetHints":{"allow":["GET"]}}],"collection":[{"href":"https:\/\/baldumarket.lt\/lt\/wp-json\/wp\/v2\/product"}],"about":[{"href":"https:\/\/baldumarket.lt\/lt\/wp-json\/wp\/v2\/types\/product"}],"replies":[{"embeddable":true,"href":"https:\/\/baldumarket.lt\/lt\/wp-json\/wp\/v2\/comments?post=73763"}],"wp:featuredmedia":[{"embeddable":true,"href":"https:\/\/baldumarket.lt\/lt\/wp-json\/wp\/v2\/media\/73764"}],"wp:attachment":[{"href":"https:\/\/baldumarket.lt\/lt\/wp-json\/wp\/v2\/media?parent=73763"}],"wp:term":[{"taxonomy":"product_brand","embeddable":true,"href":"https:\/\/baldumarket.lt\/lt\/wp-json\/wp\/v2\/product_brand?post=73763"},{"taxonomy":"product_cat","embeddable":true,"href":"https:\/\/baldumarket.lt\/lt\/wp-json\/wp\/v2\/product_cat?post=73763"},{"taxonomy":"product_tag","embeddable":true,"href":"https:\/\/baldumarket.lt\/lt\/wp-json\/wp\/v2\/product_tag?post=73763"}],"curies":[{"name":"wp","href":"https:\/\/api.w.org\/{rel}","templated":true}]}}