{"id":72693,"date":"2025-12-03T20:28:38","date_gmt":"2025-12-03T17:28:38","guid":{"rendered":"https:\/\/baldumarket.lt\/product\/lozko-mlodziezowe-pietrowe-kubus-90x190-grafitowe\/"},"modified":"2026-04-07T01:59:28","modified_gmt":"2026-04-06T22:59:28","slug":"lozko-mlodziezowe-pietrowe-kubus-90x190-grafitowe","status":"publish","type":"product","link":"https:\/\/baldumarket.lt\/lt\/product\/lozko-mlodziezowe-pietrowe-kubus-90x190-grafitowe\/","title":{"rendered":"KUBU\u015a jaunimo dviauk\u0161t\u0117 lova 90X190, grafito spalvos"},"content":{"rendered":"<p>Lovos r\u0117mas \u2013 pagamintas i\u0161 pu\u0161ies medienos, da\u017eytas vandens pagrindo laku. Surinkimo priedai \u2013 greitas ir paprastas surinkimas. R\u0117mas \u2013 esame vienintel\u0117 \u012fmon\u0117, si\u016blanti r\u0117m\u0105 i\u0161 spyruoklini\u0173 lenteli\u0173, pagaminto i\u0161 ber\u017eo medienos, tvirtinamo PVC laikikliu ant metalin\u0117s juostel\u0117s, su spragtel\u0117jimo sistema (greitas surinkimas). \u010ciu\u017einys: n\u0117ra. Maksimali apkrova \u2013 100 kg vienam lygiui. I\u0161linkis \u2013 R2 spindulys. Sertifikuota lova \u2013 kokyb\u0117 ir saugumas pagal TUV standartus.<\/p>","protected":false},"excerpt":{"rendered":"<p>Lovos r\u0117mas \u2013 pagamintas i\u0161 pu\u0161ies medienos, da\u017eytas vandens pagrindo laku. Surinkimo priedai \u2013 greitas ir paprastas surinkimas. R\u0117mas \u2013 esame vienintel\u0117 \u012fmon\u0117, si\u016blanti r\u0117m\u0105 i\u0161 spyruoklini\u0173 lenteli\u0173, pagamint\u0173 i\u0161 ber\u017eo medienos, tvirtinam\u0173 PVC laikikliu ant metalin\u0117s juostel\u0117s, su spragtel\u0117jimo sistema (greitas surinkimas). \u010ciu\u017einys: n\u0117ra. \u012ekrova [\u2026]<\/p>","protected":false},"featured_media":72694,"comment_status":"open","ping_status":"open","template":"","meta":[],"product_brand":[],"product_cat":[505,2014,9180],"product_tag":[],"class_list":{"0":"post-72693","1":"product","2":"type-product","3":"status-publish","4":"has-post-thumbnail","6":"product_cat-bedroom-beds","7":"product_cat-bms-group","8":"product_cat-bunk-beds-bms","10":"first","11":"instock","12":"purchasable","13":"product-type-simple"},"_links":{"self":[{"href":"https:\/\/baldumarket.lt\/lt\/wp-json\/wp\/v2\/product\/72693","targetHints":{"allow":["GET"]}}],"collection":[{"href":"https:\/\/baldumarket.lt\/lt\/wp-json\/wp\/v2\/product"}],"about":[{"href":"https:\/\/baldumarket.lt\/lt\/wp-json\/wp\/v2\/types\/product"}],"replies":[{"embeddable":true,"href":"https:\/\/baldumarket.lt\/lt\/wp-json\/wp\/v2\/comments?post=72693"}],"wp:featuredmedia":[{"embeddable":true,"href":"https:\/\/baldumarket.lt\/lt\/wp-json\/wp\/v2\/media\/72694"}],"wp:attachment":[{"href":"https:\/\/baldumarket.lt\/lt\/wp-json\/wp\/v2\/media?parent=72693"}],"wp:term":[{"taxonomy":"product_brand","embeddable":true,"href":"https:\/\/baldumarket.lt\/lt\/wp-json\/wp\/v2\/product_brand?post=72693"},{"taxonomy":"product_cat","embeddable":true,"href":"https:\/\/baldumarket.lt\/lt\/wp-json\/wp\/v2\/product_cat?post=72693"},{"taxonomy":"product_tag","embeddable":true,"href":"https:\/\/baldumarket.lt\/lt\/wp-json\/wp\/v2\/product_tag?post=72693"}],"curies":[{"name":"wp","href":"https:\/\/api.w.org\/{rel}","templated":true}]}}