{"id":7206,"date":"2025-11-14T03:02:22","date_gmt":"2025-11-14T00:02:22","guid":{"rendered":"https:\/\/baldumarket.lt\/product\/aderito-140x200\/"},"modified":"2026-04-06T23:36:04","modified_gmt":"2026-04-06T20:36:04","slug":"aderito-140x200","status":"publish","type":"product","link":"https:\/\/baldumarket.lt\/lt\/product\/aderito-140x200\/","title":{"rendered":"Aderito 140X200"},"content":{"rendered":"<p>Apib\u016bdindami m\u016bs\u0173 \u201eAderito Boxspyruoklin\u0119\u201c lov\u0105 keliais \u017eod\u017eiais, galime pasakyti, kad ji derina modernum\u0105, elegancij\u0105, ger\u0105 stili\u0173 ir maksimal\u0173 komfort\u0105 su dideliu funkcionalumu. Erdvi lova, kurios matmenys 140\/160\/180 x 200 cm, yra puiki vieta miegoti ir atsipalaiduoti bet kuriuo metu. Papildomos \u0161io modelio savyb\u0117s: tvirtas \u010diu\u017einys ir patvarus, apmu\u0161tas r\u0117mas, sujungti su dviem erdviais patalyn\u0117s skyriais. Auk\u0161t\u0105 komforto lyg\u012f padidina \u201eBonnell\u201c spyruoklinis \u010diu\u017einys su T25 lanks\u010diomis putomis ir 4 cm storio T30 put\u0173 vir\u0161utiniu sluoksniu. Unikalus lovos dizainas su skoningais, mink\u0161tais apmu\u0161alais, nuo\u017eulniu galv\u016bgaliu ir juodomis, 14 cm metalin\u0117mis kojel\u0117mis j\u0105 dar labiau i\u0161skiria. \u201eAderito\u201c spinduliuoja dizainerio meistri\u0161kum\u0105, elegancij\u0105 ir klas\u0119 \u2013 toki\u0105 lov\u0105 verta tur\u0117ti savo miegamajame.<\/p>","protected":false},"excerpt":{"rendered":"<p>Apib\u016bdindami m\u016bs\u0173 \u201eAderito Boxspyruoklin\u0119\u201c lov\u0105 keliais \u017eod\u017eiais, galime pasakyti, kad ji derina modernum\u0105, elegancij\u0105, ger\u0105 stili\u0173 ir maksimal\u0173 komfort\u0105 su dideliu funkcionalumu. Erdvi lova, kurios matmenys 140\/160\/180 x 200 cm, yra puiki vieta miegoti ir atsipalaiduoti bet kuriuo metu. Papildomos \u0161io modelio savyb\u0117s: [\u2026]<\/p>","protected":false},"featured_media":7207,"comment_status":"open","ping_status":"open","template":"","meta":[],"product_brand":[],"product_cat":[505,514,2012,9174],"product_tag":[],"class_list":{"0":"post-7206","1":"product","2":"type-product","3":"status-publish","4":"has-post-thumbnail","6":"product_cat-bedroom-beds","7":"product_cat-continental-beds","8":"product_cat-eltap","9":"product_cat-lozka-kontynentalne-eltap","11":"first","12":"instock","13":"purchasable","14":"product-type-variable","15":"wvs-archive-product-wrapper"},"_links":{"self":[{"href":"https:\/\/baldumarket.lt\/lt\/wp-json\/wp\/v2\/product\/7206","targetHints":{"allow":["GET"]}}],"collection":[{"href":"https:\/\/baldumarket.lt\/lt\/wp-json\/wp\/v2\/product"}],"about":[{"href":"https:\/\/baldumarket.lt\/lt\/wp-json\/wp\/v2\/types\/product"}],"replies":[{"embeddable":true,"href":"https:\/\/baldumarket.lt\/lt\/wp-json\/wp\/v2\/comments?post=7206"}],"wp:featuredmedia":[{"embeddable":true,"href":"https:\/\/baldumarket.lt\/lt\/wp-json\/wp\/v2\/media\/7207"}],"wp:attachment":[{"href":"https:\/\/baldumarket.lt\/lt\/wp-json\/wp\/v2\/media?parent=7206"}],"wp:term":[{"taxonomy":"product_brand","embeddable":true,"href":"https:\/\/baldumarket.lt\/lt\/wp-json\/wp\/v2\/product_brand?post=7206"},{"taxonomy":"product_cat","embeddable":true,"href":"https:\/\/baldumarket.lt\/lt\/wp-json\/wp\/v2\/product_cat?post=7206"},{"taxonomy":"product_tag","embeddable":true,"href":"https:\/\/baldumarket.lt\/lt\/wp-json\/wp\/v2\/product_tag?post=7206"}],"curies":[{"name":"wp","href":"https:\/\/api.w.org\/{rel}","templated":true}]}}