{"id":71053,"date":"2025-12-03T20:08:46","date_gmt":"2025-12-03T17:08:46","guid":{"rendered":"https:\/\/baldumarket.lt\/product\/lozko-dzieciece-pojedyncze-julia-80x160-z-materacem-i-szuflada-biale\/"},"modified":"2026-02-04T00:34:20","modified_gmt":"2026-02-03T21:34:20","slug":"lozko-dzieciece-pojedyncze-julia-80x160-z-materacem-i-szuflada-biale","status":"publish","type":"product","link":"https:\/\/baldumarket.lt\/lt\/product\/lozko-dzieciece-pojedyncze-julia-80x160-z-materacem-i-szuflada-biale\/","title":{"rendered":"Julia viengul\u0117 vaiki\u0161ka lova 80\u00d7160 su \u010diu\u017einiu ir stal\u010diumi, balta"},"content":{"rendered":"<p>Lovos r\u0117mas \u2013 pagamintas i\u0161 pu\u0161ies medienos, da\u017eytas vandens pagrindo laku. Universalus b\u0117gelis \u2013 dvipusis montavimas. Surinkimo priedai \u2013 greitas ir paprastas surinkimas. MDF plok\u0161t\u0117 \u2013 da\u017eyta vandens pagrindo laku. \u010ciu\u017einys \u2013 matmenys 160x80x7, su nuimamu u\u017evalkalu, oro kondicionavimo pluo\u0161tu ir poliuretano putomis. U\u017evalkalas \u2013 dygsniuotas hipoalerginis audinys, pagamintas i\u0161 poliesterio, su u\u017etrauktuku. R\u0117mas \u2013 HDF plok\u0161t\u0117. Bald\u0173 plok\u0161t\u0117. Stal\u010dius \u2013 laminuota med\u017eio dro\u017eli\u0173 plok\u0161t\u0117. PVC rankena. Stal\u010diaus ratukai \u2013 be b\u0117geli\u0173. Stal\u010diaus gylis 48,5 cm. Apvalinimo spindulys \u2013 R2.<\/p>","protected":false},"excerpt":{"rendered":"<p>Lovos r\u0117mas \u2013 pagamintas i\u0161 pu\u0161ies medienos, da\u017eytas vandens pagrindo laku. Universalus b\u0117gelis \u2013 montuojamas i\u0161 dviej\u0173 pusi\u0173. Surinkimo priedai \u2013 greitas ir paprastas surinkimas. MDF plok\u0161t\u0117 \u2013 da\u017eyta vandens pagrindo laku. \u010ciu\u017einys \u2013 matmenys 160x80x7, su nuimamu u\u017evalkalu, oro kondicionavimo pluo\u0161tu ir poliuretano putomis. U\u017evalkalas \u2013 dygsniuotas hipoalerginis audinys, pagamintas i\u0161 poliesterio, su [\u2026]<\/p>","protected":false},"featured_media":71054,"comment_status":"open","ping_status":"open","template":"","meta":[],"product_brand":[],"product_cat":[505,2014,9179],"product_tag":[],"class_list":{"0":"post-71053","1":"product","2":"type-product","3":"status-publish","4":"has-post-thumbnail","6":"product_cat-bedroom-beds","7":"product_cat-bms-group","8":"product_cat-beds-for-children-bms","10":"first","11":"instock","12":"purchasable","13":"product-type-simple"},"_links":{"self":[{"href":"https:\/\/baldumarket.lt\/lt\/wp-json\/wp\/v2\/product\/71053","targetHints":{"allow":["GET"]}}],"collection":[{"href":"https:\/\/baldumarket.lt\/lt\/wp-json\/wp\/v2\/product"}],"about":[{"href":"https:\/\/baldumarket.lt\/lt\/wp-json\/wp\/v2\/types\/product"}],"replies":[{"embeddable":true,"href":"https:\/\/baldumarket.lt\/lt\/wp-json\/wp\/v2\/comments?post=71053"}],"wp:featuredmedia":[{"embeddable":true,"href":"https:\/\/baldumarket.lt\/lt\/wp-json\/wp\/v2\/media\/71054"}],"wp:attachment":[{"href":"https:\/\/baldumarket.lt\/lt\/wp-json\/wp\/v2\/media?parent=71053"}],"wp:term":[{"taxonomy":"product_brand","embeddable":true,"href":"https:\/\/baldumarket.lt\/lt\/wp-json\/wp\/v2\/product_brand?post=71053"},{"taxonomy":"product_cat","embeddable":true,"href":"https:\/\/baldumarket.lt\/lt\/wp-json\/wp\/v2\/product_cat?post=71053"},{"taxonomy":"product_tag","embeddable":true,"href":"https:\/\/baldumarket.lt\/lt\/wp-json\/wp\/v2\/product_tag?post=71053"}],"curies":[{"name":"wp","href":"https:\/\/api.w.org\/{rel}","templated":true}]}}