{"id":70752,"date":"2025-12-03T20:05:08","date_gmt":"2025-12-03T17:05:08","guid":{"rendered":"https:\/\/baldumarket.lt\/product\/lozko-mlodziezowe-dwuosobowe-rozkladane-hermes-80x200-z-materacem-i-szuflada-biale\/"},"modified":"2026-02-04T00:34:26","modified_gmt":"2026-02-03T21:34:26","slug":"lozko-mlodziezowe-dwuosobowe-rozkladane-hermes-80x200-z-materacem-i-szuflada-biale","status":"publish","type":"product","link":"https:\/\/baldumarket.lt\/lt\/product\/lozko-mlodziezowe-dwuosobowe-rozkladane-hermes-80x200-z-materacem-i-szuflada-biale\/","title":{"rendered":"HERMES 80X200 jaunimo dvigul\u0117 sulankstoma lova su \u010diu\u017einiu ir stal\u010diumi, balta"},"content":{"rendered":"<p>MDF plok\u0161t\u0117 \u2013 da\u017eyta vandens pagrindo laku. \u010ciu\u017einiai \u2013 200x80x9 (2 vnt.) dyd\u017eio, su nuimamu u\u017evalkalu, oro kondicionavimo pluo\u0161tu ir poliuretano putomis. U\u017evalkalas \u2013 dygsniuotas hipoalerginis poliesterio audinys, su u\u017etrauktuku. I\u0161skleistos miegojimo zonos dydis yra 160\u00d7200. Medinis r\u0117mas \u2013 tvirtinamas ant metalini\u0173 lenteli\u0173. Laminuota med\u017eio dro\u017eli\u0173 plok\u0161t\u0117. MDF plok\u0161t\u0117. Konteineriai (2 vnt.) \u2013 i\u0161traukiami ant b\u0117geli\u0173. Maksimali apkrova \u2013 10 kg vienam konteineriui. Skyl\u0117 stal\u010diuje tarnauja kaip rankena. Surinkimo priedai \u2013 greitas ir paprastas surinkimas. Stal\u010diaus ratukai \u2013 be b\u0117geli\u0173. Maksimali apkrova \u2013 160 kg. Apvalinimo spindulys \u2013 R2. Sertifikuota lova \u2013 kokyb\u0117 ir saugumas pagal TUV standartus.<\/p>","protected":false},"excerpt":{"rendered":"<p>MDF plok\u0161t\u0117 \u2013 da\u017eyta vandens pagrindo laku. \u010ciu\u017einiai \u2013 200x80x9 dyd\u017eio (2 vnt.), su nuimamu u\u017evalkalu, oro kondicionavimo pluo\u0161tu ir poliuretano putomis. U\u017evalkalas \u2013 dygsniuotas hipoalerginis poliesterio audinys, su u\u017etrauktuku. I\u0161skleistas, miegojimo plotas yra 160\u00d7200. Medinis r\u0117mas \u2013 tvirtinamas ant metalini\u0173 lenteli\u0173. Laminuota med\u017eio dro\u017eli\u0173 plok\u0161t\u0117. MDF plok\u0161t\u0117. Konteineriai (2 vnt.) \u2013 i\u0161traukiami [\u2026]<\/p>","protected":false},"featured_media":70753,"comment_status":"open","ping_status":"open","template":"","meta":[],"product_brand":[],"product_cat":[505,2014,9181],"product_tag":[],"class_list":{"0":"post-70752","1":"product","2":"type-product","3":"status-publish","4":"has-post-thumbnail","6":"product_cat-bedroom-beds","7":"product_cat-bms-group","8":"product_cat-youth-beds-bms","10":"first","11":"instock","12":"purchasable","13":"product-type-simple"},"_links":{"self":[{"href":"https:\/\/baldumarket.lt\/lt\/wp-json\/wp\/v2\/product\/70752","targetHints":{"allow":["GET"]}}],"collection":[{"href":"https:\/\/baldumarket.lt\/lt\/wp-json\/wp\/v2\/product"}],"about":[{"href":"https:\/\/baldumarket.lt\/lt\/wp-json\/wp\/v2\/types\/product"}],"replies":[{"embeddable":true,"href":"https:\/\/baldumarket.lt\/lt\/wp-json\/wp\/v2\/comments?post=70752"}],"wp:featuredmedia":[{"embeddable":true,"href":"https:\/\/baldumarket.lt\/lt\/wp-json\/wp\/v2\/media\/70753"}],"wp:attachment":[{"href":"https:\/\/baldumarket.lt\/lt\/wp-json\/wp\/v2\/media?parent=70752"}],"wp:term":[{"taxonomy":"product_brand","embeddable":true,"href":"https:\/\/baldumarket.lt\/lt\/wp-json\/wp\/v2\/product_brand?post=70752"},{"taxonomy":"product_cat","embeddable":true,"href":"https:\/\/baldumarket.lt\/lt\/wp-json\/wp\/v2\/product_cat?post=70752"},{"taxonomy":"product_tag","embeddable":true,"href":"https:\/\/baldumarket.lt\/lt\/wp-json\/wp\/v2\/product_tag?post=70752"}],"curies":[{"name":"wp","href":"https:\/\/api.w.org\/{rel}","templated":true}]}}