{"id":70409,"date":"2025-12-03T20:01:02","date_gmt":"2025-12-03T17:01:02","guid":{"rendered":"https:\/\/baldumarket.lt\/product\/lozko-mlodziezowe-trzyosobowe-max-1-80x200-z-materacem-i-biurkiem-rozowe\/"},"modified":"2026-02-04T00:34:33","modified_gmt":"2026-02-03T21:34:33","slug":"lozko-mlodziezowe-trzyosobowe-max-1-80x200-z-materacem-i-biurkiem-rozowe","status":"publish","type":"product","link":"https:\/\/baldumarket.lt\/lt\/product\/lozko-mlodziezowe-trzyosobowe-max-1-80x200-z-materacem-i-biurkiem-rozowe\/","title":{"rendered":"MAX 1 80X200 trij\u0173 asmen\u0173 jaunimo lova su \u010diu\u017einiu ir stalu, ro\u017ein\u0117"},"content":{"rendered":"<p>MDF plok\u0161t\u0117 \u2013 da\u017eyta vandens pagrindo laku. Laminuota med\u017eio dro\u017eli\u0173 plok\u0161t\u0117. \u010ciu\u017einiai \u2013 200x80x9 (1 vnt.), 190x80x9 (1 vnt.), 180x80x7 (1 vnt.), su nuimamu u\u017evalkalu, oro kondicionavimo pluo\u0161tu ir poliuretano putomis. U\u017evalkalas \u2013 dygsniuotas hipoalerginis poliesterio audinys, su u\u017etrauktuku. R\u0117mas \u2013 esame vienintel\u0117 \u012fmon\u0117, si\u016blanti r\u0117m\u0105 i\u0161 spyruoklini\u0173 lenteli\u0173, pagaminto i\u0161 ber\u017eo medienos, tvirtinamo PVC rankena ant metalin\u0117s juostel\u0117s, su spragtel\u0117jimo sistema (greitas surinkimas). Surinkimo priedai \u2013 greitas ir paprastas surinkimas. Stal\u010diaus rankena \u2013 pagaminta i\u0161 PVC. B\u0117gelis. Stal\u010diaus ratukai. Apvalinimo spindulys \u2013 R2. Sertifikuota lova \u2013 kokyb\u0117 ir saugumas pagal TUV standartus. Keliamoji galia \u2013 100 kg vienam lygiui.<\/p>","protected":false},"excerpt":{"rendered":"<p>MDF plok\u0161t\u0117 \u2013 da\u017eyta vandens pagrindo laku. Laminuota med\u017eio dro\u017eli\u0173 plok\u0161t\u0117. \u010ciu\u017einiai \u2013 200x80x9 (1 vnt.), 190x80x9 (1 vnt.), 180x80x7 (1 vnt.), su nuimamu u\u017evalkalu, oro kondicionavimo pluo\u0161tu ir poliuretano putomis. U\u017evalkalas \u2013 dygsniuotas hipoalerginis poliesterio audinys, su u\u017etrauktuku. R\u0117mas \u2013 esame vienintel\u0117 \u012fmon\u0117, si\u016blanti r\u0117m\u0105 i\u0161 spyruoklini\u0173 lenteli\u0173, pagamint\u0173 i\u0161 ber\u017eo medienos, [\u2026]<\/p>","protected":false},"featured_media":70410,"comment_status":"open","ping_status":"open","template":"","meta":[],"product_brand":[],"product_cat":[505,2014,9192],"product_tag":[],"class_list":{"0":"post-70409","1":"product","2":"type-product","3":"status-publish","4":"has-post-thumbnail","6":"product_cat-bedroom-beds","7":"product_cat-bms-group","8":"product_cat-youth-triple-bed-bms","10":"first","11":"instock","12":"purchasable","13":"product-type-simple"},"_links":{"self":[{"href":"https:\/\/baldumarket.lt\/lt\/wp-json\/wp\/v2\/product\/70409","targetHints":{"allow":["GET"]}}],"collection":[{"href":"https:\/\/baldumarket.lt\/lt\/wp-json\/wp\/v2\/product"}],"about":[{"href":"https:\/\/baldumarket.lt\/lt\/wp-json\/wp\/v2\/types\/product"}],"replies":[{"embeddable":true,"href":"https:\/\/baldumarket.lt\/lt\/wp-json\/wp\/v2\/comments?post=70409"}],"wp:featuredmedia":[{"embeddable":true,"href":"https:\/\/baldumarket.lt\/lt\/wp-json\/wp\/v2\/media\/70410"}],"wp:attachment":[{"href":"https:\/\/baldumarket.lt\/lt\/wp-json\/wp\/v2\/media?parent=70409"}],"wp:term":[{"taxonomy":"product_brand","embeddable":true,"href":"https:\/\/baldumarket.lt\/lt\/wp-json\/wp\/v2\/product_brand?post=70409"},{"taxonomy":"product_cat","embeddable":true,"href":"https:\/\/baldumarket.lt\/lt\/wp-json\/wp\/v2\/product_cat?post=70409"},{"taxonomy":"product_tag","embeddable":true,"href":"https:\/\/baldumarket.lt\/lt\/wp-json\/wp\/v2\/product_tag?post=70409"}],"curies":[{"name":"wp","href":"https:\/\/api.w.org\/{rel}","templated":true}]}}