{"id":70332,"date":"2025-12-03T20:00:08","date_gmt":"2025-12-03T17:00:08","guid":{"rendered":"https:\/\/baldumarket.lt\/product\/lozko-mlodziezowe-pojedyncze-erni-90x200-z-materacem-i-pojemnikiem-grafitowe\/"},"modified":"2026-04-07T02:31:52","modified_gmt":"2026-04-06T23:31:52","slug":"lozko-mlodziezowe-pojedyncze-erni-90x200-z-materacem-i-pojemnikiem-grafitowe","status":"publish","type":"product","link":"https:\/\/baldumarket.lt\/lt\/product\/lozko-mlodziezowe-pojedyncze-erni-90x200-z-materacem-i-pojemnikiem-grafitowe\/","title":{"rendered":"ERNI 90X200 viengul\u0117 jaunimo lova su \u010diu\u017einiu ir daiktad\u0117\u017ee, grafito spalvos"},"content":{"rendered":"<p>Lovos r\u0117mas \u2013 pagamintas i\u0161 pu\u0161ies medienos, da\u017eytas vandens pagrindo laku. Surinkimo priedai \u2013 greitas ir paprastas surinkimas. Maksimali apkrova \u2013 100 kg. \u010ciu\u017einys \u2013 7 cm storio, su nuimamu u\u017evalkalu, oro kondicionavimo pluo\u0161tu ir poliuretano putomis. U\u017evalkalas \u2013 dygsniuotas hipoalerginis poliesterio audinys, su u\u017etrauktuku. R\u0117mas \u2013 esame vienintel\u0117 \u012fmon\u0117, si\u016blanti r\u0117m\u0105 i\u0161 spyruoklini\u0173 lentjuos\u010di\u0173, pagamint\u0173 i\u0161 ber\u017eo medienos, tvirtinam\u0173 PVC laikikliu ant metalin\u0117s juostel\u0117s, naudojant spragtel\u0117jimo sistem\u0105 (greitas surinkimas). Automatinis spyruoklinis mechanizmas. Apvalinimo spindulys \u2013 R2. Sertifikuota lova \u2013 kokyb\u0117 ir saugumas pagal TUV standartus.<\/p>","protected":false},"excerpt":{"rendered":"<p>Lovos r\u0117mas \u2013 pagamintas i\u0161 pu\u0161ies medienos, da\u017eytas vandens pagrindo laku. Surinkimo priedai \u2013 greitas ir paprastas surinkimas. Maksimali apkrova \u2013 100 kg. \u010ciu\u017einys \u2013 7 cm storio, su nuimamu u\u017evalkalu, oro kondicionavimo pluo\u0161tu ir poliuretano putomis. U\u017evalkalas \u2013 dygsniuotas hipoalerginis poliesterio audinys, su u\u017etrauktuku. R\u0117mas \u2013 esame vienintel\u0117 \u012fmon\u0117, si\u016blanti [\u2026]<\/p>","protected":false},"featured_media":70333,"comment_status":"open","ping_status":"open","template":"","meta":[],"product_brand":[],"product_cat":[505,1968,2014,9181],"product_tag":[],"class_list":{"0":"post-70332","1":"product","2":"type-product","3":"status-publish","4":"has-post-thumbnail","6":"product_cat-bedroom-beds","7":"product_cat-beds-90x200","8":"product_cat-bms-group","9":"product_cat-youth-beds-bms","11":"first","12":"instock","13":"purchasable","14":"product-type-simple"},"_links":{"self":[{"href":"https:\/\/baldumarket.lt\/lt\/wp-json\/wp\/v2\/product\/70332","targetHints":{"allow":["GET"]}}],"collection":[{"href":"https:\/\/baldumarket.lt\/lt\/wp-json\/wp\/v2\/product"}],"about":[{"href":"https:\/\/baldumarket.lt\/lt\/wp-json\/wp\/v2\/types\/product"}],"replies":[{"embeddable":true,"href":"https:\/\/baldumarket.lt\/lt\/wp-json\/wp\/v2\/comments?post=70332"}],"wp:featuredmedia":[{"embeddable":true,"href":"https:\/\/baldumarket.lt\/lt\/wp-json\/wp\/v2\/media\/70333"}],"wp:attachment":[{"href":"https:\/\/baldumarket.lt\/lt\/wp-json\/wp\/v2\/media?parent=70332"}],"wp:term":[{"taxonomy":"product_brand","embeddable":true,"href":"https:\/\/baldumarket.lt\/lt\/wp-json\/wp\/v2\/product_brand?post=70332"},{"taxonomy":"product_cat","embeddable":true,"href":"https:\/\/baldumarket.lt\/lt\/wp-json\/wp\/v2\/product_cat?post=70332"},{"taxonomy":"product_tag","embeddable":true,"href":"https:\/\/baldumarket.lt\/lt\/wp-json\/wp\/v2\/product_tag?post=70332"}],"curies":[{"name":"wp","href":"https:\/\/api.w.org\/{rel}","templated":true}]}}