{"id":70256,"date":"2025-12-03T19:59:19","date_gmt":"2025-12-03T16:59:19","guid":{"rendered":"https:\/\/baldumarket.lt\/product\/lozko-dzieciece-pojedyncze-luki-1-80x160-ze-schowkiem-autko-grafitowe\/"},"modified":"2026-02-04T00:34:36","modified_gmt":"2026-02-03T21:34:36","slug":"lozko-dzieciece-pojedyncze-luki-1-80x160-ze-schowkiem-autko-grafitowe","status":"publish","type":"product","link":"https:\/\/baldumarket.lt\/lt\/product\/lozko-dzieciece-pojedyncze-luki-1-80x160-ze-schowkiem-autko-grafitowe\/","title":{"rendered":"LUKI 1 viengul\u0117 vaiki\u0161ka lova 80\u00d7160 su daiktad\u0117\u017ee, Automobiliui, grafito spalvos"},"content":{"rendered":"<p>Lovos r\u0117mas \u2013 pagamintas i\u0161 pu\u0161ies medienos, da\u017eytas vandens pagrindo laku. Surinkimo priedai \u2013 greitas ir paprastas surinkimas. Lipdukas su automobilio motyvu. Stumdom\u0173 fasad\u0173 rankena \u2013 pagaminta i\u0161 PVC. \u010ciu\u017einys \u2013 n\u0117ra. Medinis r\u0117mas (pu\u0161ies lentjuost\u0117s). HDF plok\u0161t\u0117 \u2013 stumdoma sistema. Apatinis konteineris be lentos. Keliamoji galia \u2013 100 kg. Apvalinimo spindulys \u2013 R2.<\/p>","protected":false},"excerpt":{"rendered":"<p>Lovos r\u0117mas \u2013 pagamintas i\u0161 pu\u0161ies medienos, da\u017eytas vandens pagrindo laku. Surinkimo priedai \u2013 greitas ir paprastas surinkimas. Lipdukas su automobilio motyvu. Stumdom\u0173 fasad\u0173 rankena \u2013 pagaminta i\u0161 PVC. \u010ciu\u017einys \u2013 n\u0117ra. Medinis r\u0117mas (pu\u0161ies lentjuost\u0117s). HDF plok\u0161t\u0117 \u2013 stumdoma sistema. Apatin\u0117 d\u0117\u017e\u0117 be lentos. Maksimali apkrova \u2013 [\u2026]<\/p>","protected":false},"featured_media":70257,"comment_status":"open","ping_status":"open","template":"","meta":[],"product_brand":[],"product_cat":[505,2014,9179],"product_tag":[],"class_list":{"0":"post-70256","1":"product","2":"type-product","3":"status-publish","4":"has-post-thumbnail","6":"product_cat-bedroom-beds","7":"product_cat-bms-group","8":"product_cat-beds-for-children-bms","10":"first","11":"instock","12":"purchasable","13":"product-type-simple"},"_links":{"self":[{"href":"https:\/\/baldumarket.lt\/lt\/wp-json\/wp\/v2\/product\/70256","targetHints":{"allow":["GET"]}}],"collection":[{"href":"https:\/\/baldumarket.lt\/lt\/wp-json\/wp\/v2\/product"}],"about":[{"href":"https:\/\/baldumarket.lt\/lt\/wp-json\/wp\/v2\/types\/product"}],"replies":[{"embeddable":true,"href":"https:\/\/baldumarket.lt\/lt\/wp-json\/wp\/v2\/comments?post=70256"}],"wp:featuredmedia":[{"embeddable":true,"href":"https:\/\/baldumarket.lt\/lt\/wp-json\/wp\/v2\/media\/70257"}],"wp:attachment":[{"href":"https:\/\/baldumarket.lt\/lt\/wp-json\/wp\/v2\/media?parent=70256"}],"wp:term":[{"taxonomy":"product_brand","embeddable":true,"href":"https:\/\/baldumarket.lt\/lt\/wp-json\/wp\/v2\/product_brand?post=70256"},{"taxonomy":"product_cat","embeddable":true,"href":"https:\/\/baldumarket.lt\/lt\/wp-json\/wp\/v2\/product_cat?post=70256"},{"taxonomy":"product_tag","embeddable":true,"href":"https:\/\/baldumarket.lt\/lt\/wp-json\/wp\/v2\/product_tag?post=70256"}],"curies":[{"name":"wp","href":"https:\/\/api.w.org\/{rel}","templated":true}]}}