{"id":69561,"date":"2025-12-03T19:51:42","date_gmt":"2025-12-03T16:51:42","guid":{"rendered":"https:\/\/baldumarket.lt\/product\/lozko-sypialniane-tapicerowane-galaxy-160x200-naturalne-drewno-popiel\/"},"modified":"2026-04-07T02:40:26","modified_gmt":"2026-04-06T23:40:26","slug":"lozko-sypialniane-tapicerowane-galaxy-160x200-naturalne-drewno-popiel","status":"publish","type":"product","link":"https:\/\/baldumarket.lt\/lt\/product\/lozko-sypialniane-tapicerowane-galaxy-160x200-naturalne-drewno-popiel\/","title":{"rendered":"Mink\u0161ta miegamojo lova Galaxy 160\u00d7200, nat\u016brali mediena\/uosis"},"content":{"rendered":"<p>Lovos r\u0117mas \u2013 pagamintas i\u0161 nelakuotos pu\u0161ies medienos. Surinkimo priedai \u2013 greitas ir paprastas surinkimas. Medinis r\u0117mas, tvirtinamas PVC laikikliu ant metalin\u0117s juostel\u0117s, \u201eclick-clack\u201c sistema (greitas surinkimas). Maksimali apkrova \u2013 160 kg. Apmu\u0161tas galv\u016bgalis uosio spalvos. I\u0161lenkimo spindulys \u2013 R2. \u010ciu\u017einys: n\u0117ra.<\/p>","protected":false},"excerpt":{"rendered":"<p>Lovos r\u0117mas \u2013 pagamintas i\u0161 nelakuotos pu\u0161ies medienos. Surinkimo priedai \u2013 greitas ir paprastas surinkimas. Medinis r\u0117mas, tvirtinamas PVC laikikliu ant metalin\u0117s juostel\u0117s, \u201eclick-clack\u201c sistema (greitas surinkimas). Maksimali apkrova \u2013 160 kg. Apmu\u0161tas galv\u016bgalis uosio spalvos. I\u0161lenkimo spindulys \u2013 R2. \u010ciu\u017einys: n\u0117ra.<\/p>","protected":false},"featured_media":69562,"comment_status":"open","ping_status":"open","template":"","meta":[],"product_brand":[],"product_cat":[505,1971,2014,9182],"product_tag":[],"class_list":{"0":"post-69561","1":"product","2":"type-product","3":"status-publish","4":"has-post-thumbnail","6":"product_cat-bedroom-beds","7":"product_cat-beds-160x200","8":"product_cat-bms-group","9":"product_cat-bedroom-beds-bms","11":"first","12":"instock","13":"purchasable","14":"product-type-simple"},"_links":{"self":[{"href":"https:\/\/baldumarket.lt\/lt\/wp-json\/wp\/v2\/product\/69561","targetHints":{"allow":["GET"]}}],"collection":[{"href":"https:\/\/baldumarket.lt\/lt\/wp-json\/wp\/v2\/product"}],"about":[{"href":"https:\/\/baldumarket.lt\/lt\/wp-json\/wp\/v2\/types\/product"}],"replies":[{"embeddable":true,"href":"https:\/\/baldumarket.lt\/lt\/wp-json\/wp\/v2\/comments?post=69561"}],"wp:featuredmedia":[{"embeddable":true,"href":"https:\/\/baldumarket.lt\/lt\/wp-json\/wp\/v2\/media\/69562"}],"wp:attachment":[{"href":"https:\/\/baldumarket.lt\/lt\/wp-json\/wp\/v2\/media?parent=69561"}],"wp:term":[{"taxonomy":"product_brand","embeddable":true,"href":"https:\/\/baldumarket.lt\/lt\/wp-json\/wp\/v2\/product_brand?post=69561"},{"taxonomy":"product_cat","embeddable":true,"href":"https:\/\/baldumarket.lt\/lt\/wp-json\/wp\/v2\/product_cat?post=69561"},{"taxonomy":"product_tag","embeddable":true,"href":"https:\/\/baldumarket.lt\/lt\/wp-json\/wp\/v2\/product_tag?post=69561"}],"curies":[{"name":"wp","href":"https:\/\/api.w.org\/{rel}","templated":true}]}}