{"id":69543,"date":"2025-12-03T19:51:30","date_gmt":"2025-12-03T16:51:30","guid":{"rendered":"https:\/\/baldumarket.lt\/product\/lozko-mlodziezowe-pietrowe-kacper-90x200-z-materacem-sosna\/"},"modified":"2026-04-07T02:32:48","modified_gmt":"2026-04-06T23:32:48","slug":"lozko-mlodziezowe-pietrowe-kacper-90x200-z-materacem-sosna","status":"publish","type":"product","link":"https:\/\/baldumarket.lt\/lt\/product\/lozko-mlodziezowe-pietrowe-kacper-90x200-z-materacem-sosna\/","title":{"rendered":"KACPER 90X200 jaunimo dviauk\u0161t\u0117 lova su \u010diu\u017einiu, pu\u0161is"},"content":{"rendered":"<p>Lovos r\u0117mas \u2013 pagamintas i\u0161 neda\u017eytos pu\u0161ies medienos. Galima padalinti \u012f dvi viengules lovas. Surinkimo priedai \u2013 greitas ir paprastas surinkimas. R\u0117mas \u2013 si\u016blome r\u0117m\u0105, pagamint\u0105 i\u0161 spyruoklini\u0173 ber\u017eo medienos lenteli\u0173, pritvirtint\u0105 PVC laikikliu prie metalin\u0117s juostel\u0117s naudojant spragtel\u0117jimo sistem\u0105 (greitas surinkimas). \u010ciu\u017einys \u2013 matmenys 190x90x7 (2 dalys), su nuimamu u\u017evalkalu, oro kondicionavimo pluo\u0161tu ir poliuretano putomis. U\u017evalkalas \u2013 dygsniuotas, hipoalerginis poliesterio audinys, su u\u017etrauktuku. Maksimali r\u0117mo apkrova: 100 kg vienam lygiui. I\u0161linkis \u2013 spindulys R2.<\/p>","protected":false},"excerpt":{"rendered":"<p>Lovos r\u0117mas \u2013 pagamintas i\u0161 neda\u017eytos pu\u0161ies medienos. Galima padalinti \u012f dvi viengules lovas. Surinkimo priedai \u2013 greitas ir paprastas surinkimas. R\u0117mas \u2013 si\u016blome r\u0117m\u0105, pagamint\u0105 i\u0161 spyruoklini\u0173 ber\u017eo medienos lenteli\u0173, pritvirtint\u0105 PVC laikikliu prie metalin\u0117s juostel\u0117s naudojant spragtel\u0117jimo sistem\u0105 (greitas surinkimas). \u010ciu\u017einys \u2013 matmenys 190x90x7 (2 dalys), [\u2026]<\/p>","protected":false},"featured_media":69544,"comment_status":"open","ping_status":"open","template":"","meta":[],"product_brand":[],"product_cat":[505,1968,2014,9180],"product_tag":[],"class_list":{"0":"post-69543","1":"product","2":"type-product","3":"status-publish","4":"has-post-thumbnail","6":"product_cat-bedroom-beds","7":"product_cat-beds-90x200","8":"product_cat-bms-group","9":"product_cat-bunk-beds-bms","11":"first","12":"instock","13":"purchasable","14":"product-type-simple"},"_links":{"self":[{"href":"https:\/\/baldumarket.lt\/lt\/wp-json\/wp\/v2\/product\/69543","targetHints":{"allow":["GET"]}}],"collection":[{"href":"https:\/\/baldumarket.lt\/lt\/wp-json\/wp\/v2\/product"}],"about":[{"href":"https:\/\/baldumarket.lt\/lt\/wp-json\/wp\/v2\/types\/product"}],"replies":[{"embeddable":true,"href":"https:\/\/baldumarket.lt\/lt\/wp-json\/wp\/v2\/comments?post=69543"}],"wp:featuredmedia":[{"embeddable":true,"href":"https:\/\/baldumarket.lt\/lt\/wp-json\/wp\/v2\/media\/69544"}],"wp:attachment":[{"href":"https:\/\/baldumarket.lt\/lt\/wp-json\/wp\/v2\/media?parent=69543"}],"wp:term":[{"taxonomy":"product_brand","embeddable":true,"href":"https:\/\/baldumarket.lt\/lt\/wp-json\/wp\/v2\/product_brand?post=69543"},{"taxonomy":"product_cat","embeddable":true,"href":"https:\/\/baldumarket.lt\/lt\/wp-json\/wp\/v2\/product_cat?post=69543"},{"taxonomy":"product_tag","embeddable":true,"href":"https:\/\/baldumarket.lt\/lt\/wp-json\/wp\/v2\/product_tag?post=69543"}],"curies":[{"name":"wp","href":"https:\/\/api.w.org\/{rel}","templated":true}]}}