{"id":69525,"date":"2025-12-03T19:51:19","date_gmt":"2025-12-03T16:51:19","guid":{"rendered":"https:\/\/baldumarket.lt\/product\/lozko-drewniane-140x200-continental-sosnowy-z-podnoszonym-stelazem\/"},"modified":"2026-04-07T02:46:23","modified_gmt":"2026-04-06T23:46:23","slug":"lozko-drewniane-140x200-continental-sosnowy-z-podnoszonym-stelazem","status":"publish","type":"product","link":"https:\/\/baldumarket.lt\/lt\/product\/lozko-drewniane-140x200-continental-sosnowy-z-podnoszonym-stelazem\/","title":{"rendered":"Medin\u0117 lova 140\u00d7200 \u2013 Kontinentin\u0117 pu\u0161is su pak\u0117limo r\u0117mu"},"content":{"rendered":"<p>Neda\u017eytas pu\u0161inis medinis r\u0117mas. Surinkimo priedai pridedami. Greitas ir paprastas surinkimas. Metalinis r\u0117mas: tvirtinamas ant dviej\u0173 metalini\u0173 spyruoklini\u0173 mechanizm\u0173, sudaryt\u0173 i\u0161 tvirt\u0173 ber\u017eo sm\u016bgius sugerian\u010di\u0173 lentjuos\u010di\u0173, pritvirtint\u0173 prie metalin\u0117s konstrukcijos. \u010ciu\u017einys \u2013 ne\u012fskai\u010diuotas. Spyruoklinis mechanizmas. Stabili medin\u0117 konstrukcija. Maksimali apkrova: 400 kg.<\/p>","protected":false},"excerpt":{"rendered":"<p>Neda\u017eytas pu\u0161inis medinis r\u0117mas. Surinkimo priedai pridedami. Greitas ir paprastas surinkimas. Metalinis r\u0117mas: tvirtinamas ant dviej\u0173 metalini\u0173 spyruoklini\u0173 mechanizm\u0173, sudaryt\u0173 i\u0161 tvirt\u0173 ber\u017eo sm\u016bgius sugerian\u010di\u0173 lentjuos\u010di\u0173, pritvirtint\u0173 prie metalin\u0117s konstrukcijos. \u010ciu\u017einys \u2013 ne\u012fskai\u010diuotas. Spyruoklinis mechanizmas. Stabili medin\u0117 konstrukcija. Maksimali apkrova: 400 kg.<\/p>","protected":false},"featured_media":69526,"comment_status":"open","ping_status":"open","template":"","meta":[],"product_brand":[],"product_cat":[505,1970,2014,9182,514],"product_tag":[],"class_list":{"0":"post-69525","1":"product","2":"type-product","3":"status-publish","4":"has-post-thumbnail","6":"product_cat-bedroom-beds","7":"product_cat-beds-140x200","8":"product_cat-bms-group","9":"product_cat-bedroom-beds-bms","10":"product_cat-continental-beds","12":"first","13":"instock","14":"purchasable","15":"product-type-simple"},"_links":{"self":[{"href":"https:\/\/baldumarket.lt\/lt\/wp-json\/wp\/v2\/product\/69525","targetHints":{"allow":["GET"]}}],"collection":[{"href":"https:\/\/baldumarket.lt\/lt\/wp-json\/wp\/v2\/product"}],"about":[{"href":"https:\/\/baldumarket.lt\/lt\/wp-json\/wp\/v2\/types\/product"}],"replies":[{"embeddable":true,"href":"https:\/\/baldumarket.lt\/lt\/wp-json\/wp\/v2\/comments?post=69525"}],"wp:featuredmedia":[{"embeddable":true,"href":"https:\/\/baldumarket.lt\/lt\/wp-json\/wp\/v2\/media\/69526"}],"wp:attachment":[{"href":"https:\/\/baldumarket.lt\/lt\/wp-json\/wp\/v2\/media?parent=69525"}],"wp:term":[{"taxonomy":"product_brand","embeddable":true,"href":"https:\/\/baldumarket.lt\/lt\/wp-json\/wp\/v2\/product_brand?post=69525"},{"taxonomy":"product_cat","embeddable":true,"href":"https:\/\/baldumarket.lt\/lt\/wp-json\/wp\/v2\/product_cat?post=69525"},{"taxonomy":"product_tag","embeddable":true,"href":"https:\/\/baldumarket.lt\/lt\/wp-json\/wp\/v2\/product_tag?post=69525"}],"curies":[{"name":"wp","href":"https:\/\/api.w.org\/{rel}","templated":true}]}}