{"id":69501,"date":"2025-12-03T19:51:04","date_gmt":"2025-12-03T16:51:04","guid":{"rendered":"https:\/\/baldumarket.lt\/product\/lozko-mlodziezowe-pietrowe-kacper-90x190-z-szuflada-sosna\/"},"modified":"2026-04-07T02:11:34","modified_gmt":"2026-04-06T23:11:34","slug":"lozko-mlodziezowe-pietrowe-kacper-90x190-z-szuflada-sosna","status":"publish","type":"product","link":"https:\/\/baldumarket.lt\/lt\/product\/lozko-mlodziezowe-pietrowe-kacper-90x190-z-szuflada-sosna\/","title":{"rendered":"KACPER jaunimo dviauk\u0161t\u0117 lova 90\u00d7190 su stal\u010diumi, pu\u0161is"},"content":{"rendered":"<p>Lovos r\u0117mas \u2013 pagamintas i\u0161 nelakuotos pu\u0161ies medienos. Galima padalinti \u012f dvi viengules lovas. Surinkimo priedai \u2013 greitas ir paprastas surinkimas. R\u0117mas \u2013 si\u016blome r\u0117m\u0105, pagamint\u0105 i\u0161 spyruoklini\u0173 ber\u017eo medienos lenteli\u0173, tvirtinam\u0105 PVC rankena ant metalin\u0117s juostel\u0117s, naudojant spragtel\u0117jimo sistem\u0105 (greitas surinkimas). \u010ciu\u017einys: n\u0117ra. PVC stal\u010diaus rankena. Laminuota plok\u0161t\u0117. HDF plok\u0161t\u0117. Apvalinimas \u2013 spindulys R2.<\/p>\n<li style=\"text-align: left;\">Did\u017eiausia r\u0117mo apkrova yra 100 kg vienam lygiui.<br \/>","protected":false},"excerpt":{"rendered":"<p>Lovos r\u0117mas \u2013 pagamintas i\u0161 nelakuotos pu\u0161ies medienos. Galima padalinti \u012f dvi viengules lovas. Surinkimo priedai \u2013 greitas ir paprastas surinkimas. R\u0117mas \u2013 si\u016blome r\u0117m\u0105, pagamint\u0105 i\u0161 spyruoklini\u0173 ber\u017eo medienos lenteli\u0173, pritvirtint\u0105 PVC rankena prie metalin\u0117s juostel\u0117s, naudojant spragtel\u0117jimo sistem\u0105 (greitas surinkimas). \u010ciu\u017einys: n\u0117ra. PVC stal\u010diaus rankena. Laminuota [\u2026]<\/p>","protected":false},"featured_media":69502,"comment_status":"open","ping_status":"open","template":"","meta":[],"product_brand":[],"product_cat":[505,2014,9180],"product_tag":[],"class_list":{"0":"post-69501","1":"product","2":"type-product","3":"status-publish","4":"has-post-thumbnail","6":"product_cat-bedroom-beds","7":"product_cat-bms-group","8":"product_cat-bunk-beds-bms","10":"first","11":"instock","12":"purchasable","13":"product-type-simple"},"_links":{"self":[{"href":"https:\/\/baldumarket.lt\/lt\/wp-json\/wp\/v2\/product\/69501","targetHints":{"allow":["GET"]}}],"collection":[{"href":"https:\/\/baldumarket.lt\/lt\/wp-json\/wp\/v2\/product"}],"about":[{"href":"https:\/\/baldumarket.lt\/lt\/wp-json\/wp\/v2\/types\/product"}],"replies":[{"embeddable":true,"href":"https:\/\/baldumarket.lt\/lt\/wp-json\/wp\/v2\/comments?post=69501"}],"wp:featuredmedia":[{"embeddable":true,"href":"https:\/\/baldumarket.lt\/lt\/wp-json\/wp\/v2\/media\/69502"}],"wp:attachment":[{"href":"https:\/\/baldumarket.lt\/lt\/wp-json\/wp\/v2\/media?parent=69501"}],"wp:term":[{"taxonomy":"product_brand","embeddable":true,"href":"https:\/\/baldumarket.lt\/lt\/wp-json\/wp\/v2\/product_brand?post=69501"},{"taxonomy":"product_cat","embeddable":true,"href":"https:\/\/baldumarket.lt\/lt\/wp-json\/wp\/v2\/product_cat?post=69501"},{"taxonomy":"product_tag","embeddable":true,"href":"https:\/\/baldumarket.lt\/lt\/wp-json\/wp\/v2\/product_tag?post=69501"}],"curies":[{"name":"wp","href":"https:\/\/api.w.org\/{rel}","templated":true}]}}