{"id":69465,"date":"2025-12-03T19:50:37","date_gmt":"2025-12-03T16:50:37","guid":{"rendered":"https:\/\/baldumarket.lt\/product\/lozko-kontynentalne-140x200-z-pojemnikiem-i-materacami-debowe-imperial\/"},"modified":"2026-04-07T02:46:23","modified_gmt":"2026-04-06T23:46:23","slug":"lozko-kontynentalne-140x200-z-pojemnikiem-i-materacami-debowe-imperial","status":"publish","type":"product","link":"https:\/\/baldumarket.lt\/lt\/product\/lozko-kontynentalne-140x200-z-pojemnikiem-i-materacami-debowe-imperial\/","title":{"rendered":"Kontinentin\u0117 lova 140\u00d7200 su daiktad\u0117\u017ee ir imperatori\u0161kojo \u0105\u017euolo \u010diu\u017einiais"},"content":{"rendered":"<p>Technin\u0117s specifikacijos: Lovos r\u0117mas pagamintas i\u0161 nat\u016bralaus \u0105\u017euolo medienos, gars\u0117jan\u010dios savo patvarumu ir rafinuota i\u0161vaizda. Subtilus ra\u0161tas ir \u0161iltas \u0105\u017euolo atspalvis suteikia baldui nesenstant\u012f elegancij\u0105 ir unikal\u0173 charakter\u012f. Galv\u016bgalis aptrauktas mink\u0161tu apmu\u0161alu. Du \u010diu\u017einiai pagaminti i\u0161 didelio elastingumo put\u0173 ir aptraukti audiniu, kuris \u017eavi modernia i\u0161vaizda ir universaliu stiliumi. D\u0117l prislopintos spalvos jis puikiai dera tiek \u0161viesiame, tiek tamsiame interjere. \u0160is estetikos ir patvarumo derinys suteiks jaukumo ir klas\u0117s bet kuriai erdvei. Du daiktad\u0117\u017e\u0117s (atskirtos pertvaromis) su spyruokliniais keltuvais. Surinkimo priedai \u2013 greitas ir paprastas surinkimas. Metalin\u0117s lovos kojel\u0117s. Maksimali apkrova: 400 kg. Miegamasis plotas: 140 x 200 cm.<\/p>","protected":false},"excerpt":{"rendered":"<p>Technin\u0117s specifikacijos: Lovos r\u0117mas pagamintas i\u0161 nat\u016bralaus \u0105\u017euolo medienos, gars\u0117jan\u010dios savo patvarumu ir rafinuota i\u0161vaizda. Subtilus ra\u0161tas ir \u0161iltas \u0105\u017euolo atspalvis suteikia baldui nesenstant\u012f elegancij\u0105 ir unikal\u0173 charakter\u012f. Lovos galv\u016bgalis yra apmu\u0161tas. Du \u010diu\u017einiai pagaminti i\u0161 didelio elastingumo put\u0173 ir aptraukti audiniu, kuris \u017eavi savo modernia i\u0161vaizda ir [\u2026]<\/p>","protected":false},"featured_media":69466,"comment_status":"open","ping_status":"open","template":"","meta":[],"product_brand":[],"product_cat":[505,1970,2014,9182,514],"product_tag":[],"class_list":{"0":"post-69465","1":"product","2":"type-product","3":"status-publish","4":"has-post-thumbnail","6":"product_cat-bedroom-beds","7":"product_cat-beds-140x200","8":"product_cat-bms-group","9":"product_cat-bedroom-beds-bms","10":"product_cat-continental-beds","12":"first","13":"instock","14":"purchasable","15":"product-type-simple"},"_links":{"self":[{"href":"https:\/\/baldumarket.lt\/lt\/wp-json\/wp\/v2\/product\/69465","targetHints":{"allow":["GET"]}}],"collection":[{"href":"https:\/\/baldumarket.lt\/lt\/wp-json\/wp\/v2\/product"}],"about":[{"href":"https:\/\/baldumarket.lt\/lt\/wp-json\/wp\/v2\/types\/product"}],"replies":[{"embeddable":true,"href":"https:\/\/baldumarket.lt\/lt\/wp-json\/wp\/v2\/comments?post=69465"}],"wp:featuredmedia":[{"embeddable":true,"href":"https:\/\/baldumarket.lt\/lt\/wp-json\/wp\/v2\/media\/69466"}],"wp:attachment":[{"href":"https:\/\/baldumarket.lt\/lt\/wp-json\/wp\/v2\/media?parent=69465"}],"wp:term":[{"taxonomy":"product_brand","embeddable":true,"href":"https:\/\/baldumarket.lt\/lt\/wp-json\/wp\/v2\/product_brand?post=69465"},{"taxonomy":"product_cat","embeddable":true,"href":"https:\/\/baldumarket.lt\/lt\/wp-json\/wp\/v2\/product_cat?post=69465"},{"taxonomy":"product_tag","embeddable":true,"href":"https:\/\/baldumarket.lt\/lt\/wp-json\/wp\/v2\/product_tag?post=69465"}],"curies":[{"name":"wp","href":"https:\/\/api.w.org\/{rel}","templated":true}]}}