{"id":69450,"date":"2025-12-03T19:50:27","date_gmt":"2025-12-03T16:50:27","guid":{"rendered":"https:\/\/baldumarket.lt\/product\/lozko-tapicerowane-160x200-hilton-bialy\/"},"modified":"2026-04-07T02:40:34","modified_gmt":"2026-04-06T23:40:34","slug":"lozko-tapicerowane-160x200-hilton-bialy","status":"publish","type":"product","link":"https:\/\/baldumarket.lt\/lt\/product\/lozko-tapicerowane-160x200-hilton-bialy\/","title":{"rendered":"Mink\u0161ta lova 160\u00d7200 Hilton, balta"},"content":{"rendered":"<p>Technin\u0117s specifikacijos: Konstrukcija pagaminta i\u0161 auk\u0161tos kokyb\u0117s laminuotos plok\u0161t\u0117s, pasi\u017eymin\u010dios patvarumu ir lengvu valymu. Galv\u016bgalis ir r\u0117mas yra apmu\u0161ti. Apmu\u0161al\u0173 med\u017eiaga pasi\u017eymi subtilia strukt\u016bra ir smulkiai p\u016bkuotais pavir\u0161iais, atspari trin\u010diai, pumpuravimuisi ir \u0161viesai. Med\u017eiaga ma\u017eai sugeria skys\u010dius, o tai teigiamai veikia jos \u0161var\u0105. Surinkimo priedai: greitas ir paprastas surinkimas. R\u0117mas: sudarytas i\u0161 32 tvirt\u0173 ber\u017eo lenteli\u0173, pritvirtint\u0173 prie medin\u0117s konstrukcijos. Maksimali r\u0117mo apkrova: 400 kg. \u010ciu\u017einys: ne\u012fskai\u010diuotas. Lova neturi daiktad\u0117\u017e\u0117s.<\/p>","protected":false},"excerpt":{"rendered":"<p>Technin\u0117s specifikacijos: Konstrukcija pagaminta i\u0161 auk\u0161tos kokyb\u0117s laminuotos plok\u0161t\u0117s, pasi\u017eymin\u010dios patvarumu ir lengvu valymu. Galv\u016bgalis ir r\u0117mas yra apmu\u0161ti. Apmu\u0161al\u0173 med\u017eiaga pasi\u017eymi subtilia strukt\u016bra ir smulkiai p\u016bkuotu pavir\u0161iumi, atspari trin\u010diai, pumpuravimuisi ir \u0161viesai. Med\u017eiaga ma\u017eai sugeria skys\u010dius, o tai teigiamai veikia jos \u0161var\u0105. Surinkimo priedai: greitas [\u2026]<\/p>","protected":false},"featured_media":69451,"comment_status":"open","ping_status":"open","template":"","meta":[],"product_brand":[],"product_cat":[505,1971,2014],"product_tag":[],"class_list":{"0":"post-69450","1":"product","2":"type-product","3":"status-publish","4":"has-post-thumbnail","6":"product_cat-bedroom-beds","7":"product_cat-beds-160x200","8":"product_cat-bms-group","10":"first","11":"instock","12":"purchasable","13":"product-type-simple"},"_links":{"self":[{"href":"https:\/\/baldumarket.lt\/lt\/wp-json\/wp\/v2\/product\/69450","targetHints":{"allow":["GET"]}}],"collection":[{"href":"https:\/\/baldumarket.lt\/lt\/wp-json\/wp\/v2\/product"}],"about":[{"href":"https:\/\/baldumarket.lt\/lt\/wp-json\/wp\/v2\/types\/product"}],"replies":[{"embeddable":true,"href":"https:\/\/baldumarket.lt\/lt\/wp-json\/wp\/v2\/comments?post=69450"}],"wp:featuredmedia":[{"embeddable":true,"href":"https:\/\/baldumarket.lt\/lt\/wp-json\/wp\/v2\/media\/69451"}],"wp:attachment":[{"href":"https:\/\/baldumarket.lt\/lt\/wp-json\/wp\/v2\/media?parent=69450"}],"wp:term":[{"taxonomy":"product_brand","embeddable":true,"href":"https:\/\/baldumarket.lt\/lt\/wp-json\/wp\/v2\/product_brand?post=69450"},{"taxonomy":"product_cat","embeddable":true,"href":"https:\/\/baldumarket.lt\/lt\/wp-json\/wp\/v2\/product_cat?post=69450"},{"taxonomy":"product_tag","embeddable":true,"href":"https:\/\/baldumarket.lt\/lt\/wp-json\/wp\/v2\/product_tag?post=69450"}],"curies":[{"name":"wp","href":"https:\/\/api.w.org\/{rel}","templated":true}]}}