{"id":69430,"date":"2025-12-03T19:50:12","date_gmt":"2025-12-03T16:50:12","guid":{"rendered":"https:\/\/baldumarket.lt\/product\/lozko-dzieciece-pojedyncze-bella-sima-90x190-grafitowe\/"},"modified":"2026-02-04T00:34:54","modified_gmt":"2026-02-03T21:34:54","slug":"lozko-dzieciece-pojedyncze-bella-sima-90x190-grafitowe","status":"publish","type":"product","link":"https:\/\/baldumarket.lt\/lt\/product\/lozko-dzieciece-pojedyncze-bella-sima-90x190-grafitowe\/","title":{"rendered":"Bella Sima viengul\u0117 vaiki\u0161ka lova 90\u00d7190, grafito spalvos"},"content":{"rendered":"<p>Vaiki\u0161ka lova \u201eBella Sima\u201c. Komplekt\u0105 sudaro: pu\u0161ies medienos lovos r\u0117mas. Vienpus\u0117 lova. De\u0161in\u0117s pus\u0117s atbraila. Bald\u0173 furnit\u016bra su instrukcijomis. R\u0117mas \u2013 HDF plok\u0161t\u0117. R2 spindulio apvalinimas \u2013 u\u017eapvalinti lovos kra\u0161tai efektyviai suma\u017eina traum\u0173 rizik\u0105, apsaugodami vaik\u0105 nuo \u012fbr\u0117\u017eim\u0173 ir sumu\u0161im\u0173 \u017eaid\u017eiant ar atsistojant. Maksimali apkrova: 200 kg.<\/p>","protected":false},"excerpt":{"rendered":"<p>Vaiki\u0161ka lova \u201eBella Sima\u201c. Komplekt\u0105 sudaro: pu\u0161ies medienos lovos r\u0117mas. Vienpus\u0117 lova. De\u0161in\u0117s pus\u0117s atbraila. Bald\u0173 furnit\u016bra su instrukcijomis. R\u0117mas \u2013 HDF plok\u0161t\u0117. R2 spindulio apvalinimas \u2013 u\u017eapvalinti lovos kra\u0161tai efektyviai suma\u017eina traum\u0173 rizik\u0105, apsaugodami vaik\u0105 nuo \u012fbr\u0117\u017eim\u0173 ir sumu\u0161im\u0173 \u017eaid\u017eiant ar atsistojant. Maksimali apkrova: 200 kg.<\/p>","protected":false},"featured_media":69431,"comment_status":"open","ping_status":"open","template":"","meta":[],"product_brand":[],"product_cat":[505,2014,9179],"product_tag":[],"class_list":{"0":"post-69430","1":"product","2":"type-product","3":"status-publish","4":"has-post-thumbnail","6":"product_cat-bedroom-beds","7":"product_cat-bms-group","8":"product_cat-beds-for-children-bms","10":"first","11":"instock","12":"purchasable","13":"product-type-simple"},"_links":{"self":[{"href":"https:\/\/baldumarket.lt\/lt\/wp-json\/wp\/v2\/product\/69430","targetHints":{"allow":["GET"]}}],"collection":[{"href":"https:\/\/baldumarket.lt\/lt\/wp-json\/wp\/v2\/product"}],"about":[{"href":"https:\/\/baldumarket.lt\/lt\/wp-json\/wp\/v2\/types\/product"}],"replies":[{"embeddable":true,"href":"https:\/\/baldumarket.lt\/lt\/wp-json\/wp\/v2\/comments?post=69430"}],"wp:featuredmedia":[{"embeddable":true,"href":"https:\/\/baldumarket.lt\/lt\/wp-json\/wp\/v2\/media\/69431"}],"wp:attachment":[{"href":"https:\/\/baldumarket.lt\/lt\/wp-json\/wp\/v2\/media?parent=69430"}],"wp:term":[{"taxonomy":"product_brand","embeddable":true,"href":"https:\/\/baldumarket.lt\/lt\/wp-json\/wp\/v2\/product_brand?post=69430"},{"taxonomy":"product_cat","embeddable":true,"href":"https:\/\/baldumarket.lt\/lt\/wp-json\/wp\/v2\/product_cat?post=69430"},{"taxonomy":"product_tag","embeddable":true,"href":"https:\/\/baldumarket.lt\/lt\/wp-json\/wp\/v2\/product_tag?post=69430"}],"curies":[{"name":"wp","href":"https:\/\/api.w.org\/{rel}","templated":true}]}}