{"id":69376,"date":"2025-12-03T19:49:36","date_gmt":"2025-12-03T16:49:36","guid":{"rendered":"https:\/\/baldumarket.lt\/product\/lozko-pietrowe-domek-ze-zjezdzalnia-daszkiem-i-schodami-antresola-z-naturalnego-drewna-90x200-z-materacem\/"},"modified":"2026-04-07T02:32:48","modified_gmt":"2026-04-06T23:32:48","slug":"lozko-pietrowe-domek-ze-zjezdzalnia-daszkiem-i-schodami-antresola-z-naturalnego-drewna-90x200-z-materacem","status":"publish","type":"product","link":"https:\/\/baldumarket.lt\/lt\/product\/lozko-pietrowe-domek-ze-zjezdzalnia-daszkiem-i-schodami-antresola-z-naturalnego-drewna-90x200-z-materacem\/","title":{"rendered":"Dviauk\u0161t\u0117 lova su \u010diuo\u017eykla, stogeliu ir laiptais \u2013 antresol\u0117 i\u0161 nat\u016bralaus med\u017eio 90\u00d7200 su \u010diu\u017einiu"},"content":{"rendered":"<p>Komplekt\u0105 sudaro: Lovos r\u0117mas i\u0161 nelakuotos pu\u0161ies medienos. \u010ciu\u017einys 200\u00d790 (1 vnt.) (dygsniuotas hipoalerginis audinys i\u0161 poliesterio + oro kondicionavimo pluo\u0161tas + poliuretano putos + u\u017etrauktukas). Prat\u0119simas \u2013 baldakimas su langeliu. \u010ciuo\u017eykla vaikui. Laiptai \u2013 patogus \u012f\u0117jimas \u012f lov\u0105 su daiktad\u0117\u017ee. Saugus tur\u0117klas. Bald\u0173 furnit\u016bra su instrukcijomis. R\u0117mas \u2013 si\u016blome r\u0117m\u0105 i\u0161 spyruoklini\u0173 lenteli\u0173, pagamint\u0173 i\u0161 ber\u017eo medienos, tvirtinam\u0105 PVC laikikliu ant metalin\u0117s juostel\u0117s, naudojant \u201eclick-clack\u201c sistem\u0105 (greitas surinkimas). U\u017eapvalintas spindulys R2 \u2013 u\u017eapvalinti lovos kra\u0161tai efektyviai suma\u017eina traum\u0173 rizik\u0105, apsaugodami vaik\u0105 nuo \u012fbr\u0117\u017eim\u0173 ir sumu\u0161im\u0173 \u017eaid\u017eiant ar keliantis. Maksimali apkrova 100 kg.<\/p>","protected":false},"excerpt":{"rendered":"<p>Komplekt\u0105 sudaro: Lovos r\u0117mas i\u0161 nelakuotos pu\u0161ies medienos. \u010ciu\u017einys 200\u00d790 (1 vnt.) (dygsniuotas hipoalerginis audinys i\u0161 poliesterio + oro kondicionavimo pluo\u0161tas + poliuretano putos + u\u017etrauktukas). Prat\u0119simas \u2013 baldakimas su langeliu. \u010ciuo\u017eykla vaikui. Laipteliai \u2013 patogus \u012f\u0117jimas \u012f lov\u0105 su daiktad\u0117\u017ee. Saugus tur\u0117klas. Bald\u0173 furnit\u016bra su instrukcijomis. R\u0117mas \u2013 [\u2026]<\/p>","protected":false},"featured_media":69377,"comment_status":"open","ping_status":"open","template":"","meta":[],"product_brand":[],"product_cat":[505,1968,2014,9195],"product_tag":[],"class_list":{"0":"post-69376","1":"product","2":"type-product","3":"status-publish","4":"has-post-thumbnail","6":"product_cat-bedroom-beds","7":"product_cat-beds-90x200","8":"product_cat-bms-group","9":"product_cat-cottage-bunk-beds-bms","11":"first","12":"instock","13":"purchasable","14":"product-type-simple"},"_links":{"self":[{"href":"https:\/\/baldumarket.lt\/lt\/wp-json\/wp\/v2\/product\/69376","targetHints":{"allow":["GET"]}}],"collection":[{"href":"https:\/\/baldumarket.lt\/lt\/wp-json\/wp\/v2\/product"}],"about":[{"href":"https:\/\/baldumarket.lt\/lt\/wp-json\/wp\/v2\/types\/product"}],"replies":[{"embeddable":true,"href":"https:\/\/baldumarket.lt\/lt\/wp-json\/wp\/v2\/comments?post=69376"}],"wp:featuredmedia":[{"embeddable":true,"href":"https:\/\/baldumarket.lt\/lt\/wp-json\/wp\/v2\/media\/69377"}],"wp:attachment":[{"href":"https:\/\/baldumarket.lt\/lt\/wp-json\/wp\/v2\/media?parent=69376"}],"wp:term":[{"taxonomy":"product_brand","embeddable":true,"href":"https:\/\/baldumarket.lt\/lt\/wp-json\/wp\/v2\/product_brand?post=69376"},{"taxonomy":"product_cat","embeddable":true,"href":"https:\/\/baldumarket.lt\/lt\/wp-json\/wp\/v2\/product_cat?post=69376"},{"taxonomy":"product_tag","embeddable":true,"href":"https:\/\/baldumarket.lt\/lt\/wp-json\/wp\/v2\/product_tag?post=69376"}],"curies":[{"name":"wp","href":"https:\/\/api.w.org\/{rel}","templated":true}]}}