{"id":69361,"date":"2025-12-03T19:49:26","date_gmt":"2025-12-03T16:49:26","guid":{"rendered":"https:\/\/baldumarket.lt\/product\/lozko-pietrowe-ze-zjezdzalnia-antresola-domek-z-naturalnego-drewna-90x200\/"},"modified":"2026-04-07T02:32:57","modified_gmt":"2026-04-06T23:32:57","slug":"lozko-pietrowe-ze-zjezdzalnia-antresola-domek-z-naturalnego-drewna-90x200","status":"publish","type":"product","link":"https:\/\/baldumarket.lt\/lt\/product\/lozko-pietrowe-ze-zjezdzalnia-antresola-domek-z-naturalnego-drewna-90x200\/","title":{"rendered":"Dviauk\u0161t\u0117 lova su \u010diuo\u017eykla \u2013 antresol\u0117, nat\u016bralaus med\u017eio namelis 90\u00d7200"},"content":{"rendered":"<p>Komplekt\u0105 sudaro: Neda\u017eytas pu\u0161ies medienos lovos r\u0117mas. \u010ciu\u017einys: n\u0117ra. Stogelis su langeliu. Vaiki\u0161ka \u010diuo\u017eykla. Saugus apsauginis tur\u0117klas. Bald\u0173 furnit\u016bra su instrukcijomis. R\u0117mas \u2013 si\u016blome r\u0117m\u0105, pagamint\u0105 i\u0161 spyruoklini\u0173 ber\u017eo medienos lenteli\u0173, pritvirtint\u0105 PVC laikikliu prie metalin\u0117s juostel\u0117s naudojant \u201eclick-clack\u201c sistem\u0105 (greitas surinkimas). Suapvalintas spindulys R2 \u2013 suapvalinti lovos kra\u0161tai efektyviai suma\u017eina traum\u0173 rizik\u0105, apsaugodami j\u016bs\u0173 vaik\u0105 nuo \u012fbr\u0117\u017eim\u0173 ir sumu\u0161im\u0173 \u017eaid\u017eiant ar atsistojant. Maksimali apkrova: 100 kg.<\/p>","protected":false},"excerpt":{"rendered":"<p>Komplekt\u0105 sudaro: Neda\u017eytas pu\u0161ies medienos lovos r\u0117mas. \u010ciu\u017einys: n\u0117ra. Stogelis su langeliu. Vaiki\u0161ka \u010diuo\u017eykla. Apsauginis tur\u0117klas. Bald\u0173 furnit\u016bra su instrukcijomis. R\u0117mas \u2013 si\u016blome r\u0117m\u0105, pagamint\u0105 i\u0161 spyruoklini\u0173 ber\u017eo medienos lenteli\u0173, pritvirtint\u0105 PVC laikikliu prie metalin\u0117s juostel\u0117s naudojant \u201eclick-clack\u201c sistem\u0105 (greitas surinkimas). Suapvalintas spindulys R2 \u2013 suapvalinti lovos kra\u0161tai [\u2026]<\/p>","protected":false},"featured_media":69362,"comment_status":"open","ping_status":"open","template":"","meta":[],"product_brand":[],"product_cat":[505,1968,2014,9195],"product_tag":[],"class_list":{"0":"post-69361","1":"product","2":"type-product","3":"status-publish","4":"has-post-thumbnail","6":"product_cat-bedroom-beds","7":"product_cat-beds-90x200","8":"product_cat-bms-group","9":"product_cat-cottage-bunk-beds-bms","11":"first","12":"instock","13":"purchasable","14":"product-type-simple"},"_links":{"self":[{"href":"https:\/\/baldumarket.lt\/lt\/wp-json\/wp\/v2\/product\/69361","targetHints":{"allow":["GET"]}}],"collection":[{"href":"https:\/\/baldumarket.lt\/lt\/wp-json\/wp\/v2\/product"}],"about":[{"href":"https:\/\/baldumarket.lt\/lt\/wp-json\/wp\/v2\/types\/product"}],"replies":[{"embeddable":true,"href":"https:\/\/baldumarket.lt\/lt\/wp-json\/wp\/v2\/comments?post=69361"}],"wp:featuredmedia":[{"embeddable":true,"href":"https:\/\/baldumarket.lt\/lt\/wp-json\/wp\/v2\/media\/69362"}],"wp:attachment":[{"href":"https:\/\/baldumarket.lt\/lt\/wp-json\/wp\/v2\/media?parent=69361"}],"wp:term":[{"taxonomy":"product_brand","embeddable":true,"href":"https:\/\/baldumarket.lt\/lt\/wp-json\/wp\/v2\/product_brand?post=69361"},{"taxonomy":"product_cat","embeddable":true,"href":"https:\/\/baldumarket.lt\/lt\/wp-json\/wp\/v2\/product_cat?post=69361"},{"taxonomy":"product_tag","embeddable":true,"href":"https:\/\/baldumarket.lt\/lt\/wp-json\/wp\/v2\/product_tag?post=69361"}],"curies":[{"name":"wp","href":"https:\/\/api.w.org\/{rel}","templated":true}]}}