{"id":69343,"date":"2025-12-03T19:49:13","date_gmt":"2025-12-03T16:49:13","guid":{"rendered":"https:\/\/baldumarket.lt\/product\/lozko-pietrowe-domek-z-daszkiem-kacper-z-naturalnego-drewna-90x190\/"},"modified":"2026-04-07T02:11:50","modified_gmt":"2026-04-06T23:11:50","slug":"lozko-pietrowe-domek-z-daszkiem-kacper-z-naturalnego-drewna-90x190","status":"publish","type":"product","link":"https:\/\/baldumarket.lt\/lt\/product\/lozko-pietrowe-domek-z-daszkiem-kacper-z-naturalnego-drewna-90x190\/","title":{"rendered":"Namo formos dviauk\u0161t\u0117 lova su stogeliu \u2013 Kacper pagaminta i\u0161 nat\u016bralios medienos 90\u00d7190"},"content":{"rendered":"<p>Komplekt\u0105 sudaro: Neda\u017eytas pu\u0161ies medienos lovos r\u0117mas. \u010ciu\u017einys: n\u0117ra. Bald\u0173 stogelis su langeliu. Galima sulankstyti \u012f dvi viengules lovas. Saugus tur\u0117klas. Bald\u0173 furnit\u016bra su instrukcijomis. R\u0117mas \u2013 si\u016blome r\u0117m\u0105, pagamint\u0105 i\u0161 spyruoklini\u0173 ber\u017eo medienos lenteli\u0173, pritvirtint\u0105 PVC laikikliu prie metalin\u0117s juostel\u0117s naudojant \u201eclick-clack\u201c sistem\u0105 (greitas surinkimas). R2 spindulio u\u017eapvalinimas \u2013 u\u017eapvalinti lovos kra\u0161tai efektyviai suma\u017eina traum\u0173 rizik\u0105, apsaugodami j\u016bs\u0173 vaik\u0105 nuo \u012fbr\u0117\u017eim\u0173 ir sumu\u0161im\u0173 \u017eaid\u017eiant ar keliantis. Maksimali apkrova: 100 kg vienam lygiui.<\/p>","protected":false},"excerpt":{"rendered":"<p>Komplekt\u0105 sudaro: Neda\u017eytas pu\u0161ies medienos lovos r\u0117mas. \u010ciu\u017einys: n\u0117ra. Baldakimas su langeliu. Galima sulankstyti \u012f dvi viengules lovas. Saugus tur\u0117klas. Bald\u0173 furnit\u016bra su instrukcijomis. R\u0117mas \u2013 si\u016blome r\u0117m\u0105, pagamint\u0105 i\u0161 spyruoklini\u0173 ber\u017eo medienos lenteli\u0173, pritvirtint\u0105 PVC laikikliu prie metalin\u0117s juostel\u0117s naudojant \u201eclick-clack\u201c sistem\u0105 (greitas surinkimas). R2 spindulys [\u2026]<\/p>","protected":false},"featured_media":69344,"comment_status":"open","ping_status":"open","template":"","meta":[],"product_brand":[],"product_cat":[505,2014,9195],"product_tag":[],"class_list":{"0":"post-69343","1":"product","2":"type-product","3":"status-publish","4":"has-post-thumbnail","6":"product_cat-bedroom-beds","7":"product_cat-bms-group","8":"product_cat-cottage-bunk-beds-bms","10":"first","11":"instock","12":"purchasable","13":"product-type-simple"},"_links":{"self":[{"href":"https:\/\/baldumarket.lt\/lt\/wp-json\/wp\/v2\/product\/69343","targetHints":{"allow":["GET"]}}],"collection":[{"href":"https:\/\/baldumarket.lt\/lt\/wp-json\/wp\/v2\/product"}],"about":[{"href":"https:\/\/baldumarket.lt\/lt\/wp-json\/wp\/v2\/types\/product"}],"replies":[{"embeddable":true,"href":"https:\/\/baldumarket.lt\/lt\/wp-json\/wp\/v2\/comments?post=69343"}],"wp:featuredmedia":[{"embeddable":true,"href":"https:\/\/baldumarket.lt\/lt\/wp-json\/wp\/v2\/media\/69344"}],"wp:attachment":[{"href":"https:\/\/baldumarket.lt\/lt\/wp-json\/wp\/v2\/media?parent=69343"}],"wp:term":[{"taxonomy":"product_brand","embeddable":true,"href":"https:\/\/baldumarket.lt\/lt\/wp-json\/wp\/v2\/product_brand?post=69343"},{"taxonomy":"product_cat","embeddable":true,"href":"https:\/\/baldumarket.lt\/lt\/wp-json\/wp\/v2\/product_cat?post=69343"},{"taxonomy":"product_tag","embeddable":true,"href":"https:\/\/baldumarket.lt\/lt\/wp-json\/wp\/v2\/product_tag?post=69343"}],"curies":[{"name":"wp","href":"https:\/\/api.w.org\/{rel}","templated":true}]}}