{"id":69337,"date":"2025-12-03T19:49:06","date_gmt":"2025-12-03T16:49:06","guid":{"rendered":"https:\/\/baldumarket.lt\/product\/lozko-pietrowe-domek-z-daszkiem-kacper-z-naturalnego-drewna-90x190-z-materacem\/"},"modified":"2026-04-07T02:12:04","modified_gmt":"2026-04-06T23:12:04","slug":"lozko-pietrowe-domek-z-daszkiem-kacper-z-naturalnego-drewna-90x190-z-materacem","status":"publish","type":"product","link":"https:\/\/baldumarket.lt\/lt\/product\/lozko-pietrowe-domek-z-daszkiem-kacper-z-naturalnego-drewna-90x190-z-materacem\/","title":{"rendered":"Dviauk\u0161t\u0117 lova \u201eCottage\u201c su stogeliu \u2013 \u201eKacper\u201c pagaminta i\u0161 nat\u016bralios medienos 90\u00d7190 su \u010diu\u017einiu"},"content":{"rendered":"<p>Komplekt\u0105 sudaro: Lovos r\u0117mas, pagamintas i\u0161 pu\u0161ies medienos, nelakuotas. \u010ciu\u017einiai 190\u00d790 2 vnt. (dygsniuotas hipoalerginis audinys i\u0161 poliesterio + oro kondicionavimo pluo\u0161tas + poliuretano putos + u\u017etrauktukas). Prat\u0119simas \u2013 baldakimas su langeliu. Galima padalinti \u012f dvi viengules lovas. Saugus tur\u0117klas. Bald\u0173 furnit\u016bra su instrukcijomis. R\u0117mas \u2013 si\u016blome r\u0117m\u0105, pagamint\u0105 i\u0161 spyruoklini\u0173 lenteli\u0173, pagamint\u0173 i\u0161 ber\u017eo medienos, tvirtinam\u0105 PVC laikikliu ant metalin\u0117s juostel\u0117s, naudojant \u201eclick-clack\u201c sistem\u0105 (greitas surinkimas). Suapvalintas spindulys R2 \u2013 suapvalinti lovos kra\u0161tai efektyviai suma\u017eina traum\u0173 rizik\u0105, apsaugodami vaik\u0105 nuo \u012fbr\u0117\u017eim\u0173 ir sumu\u0161im\u0173 \u017eaid\u017eiant ar keliantis. Maksimali apkrova 100 kg vienam lygiui.<\/p>","protected":false},"excerpt":{"rendered":"<p>Komplekt\u0105 sudaro: Lovos r\u0117mas, pagamintas i\u0161 nelakuotos pu\u0161ies medienos. \u010ciu\u017einiai 190\u00d790 2 vnt. (dygsniuotas hipoalerginis audinys i\u0161 poliesterio + oro kondicionavimo pluo\u0161tas + poliuretano putos + u\u017etrauktukas). Prapl\u0117timas \u2013 baldakimas su langeliu. Galima padalinti \u012f dvi viengules lovas. Seifas. Bald\u0173 furnit\u016bra su instrukcijomis. R\u0117mas \u2013 si\u016blome r\u0117m\u0105, pagamint\u0105 i\u0161 [\u2026]<\/p>","protected":false},"featured_media":69338,"comment_status":"open","ping_status":"open","template":"","meta":[],"product_brand":[],"product_cat":[505,2014,9195],"product_tag":[],"class_list":{"0":"post-69337","1":"product","2":"type-product","3":"status-publish","4":"has-post-thumbnail","6":"product_cat-bedroom-beds","7":"product_cat-bms-group","8":"product_cat-cottage-bunk-beds-bms","10":"first","11":"instock","12":"purchasable","13":"product-type-simple"},"_links":{"self":[{"href":"https:\/\/baldumarket.lt\/lt\/wp-json\/wp\/v2\/product\/69337","targetHints":{"allow":["GET"]}}],"collection":[{"href":"https:\/\/baldumarket.lt\/lt\/wp-json\/wp\/v2\/product"}],"about":[{"href":"https:\/\/baldumarket.lt\/lt\/wp-json\/wp\/v2\/types\/product"}],"replies":[{"embeddable":true,"href":"https:\/\/baldumarket.lt\/lt\/wp-json\/wp\/v2\/comments?post=69337"}],"wp:featuredmedia":[{"embeddable":true,"href":"https:\/\/baldumarket.lt\/lt\/wp-json\/wp\/v2\/media\/69338"}],"wp:attachment":[{"href":"https:\/\/baldumarket.lt\/lt\/wp-json\/wp\/v2\/media?parent=69337"}],"wp:term":[{"taxonomy":"product_brand","embeddable":true,"href":"https:\/\/baldumarket.lt\/lt\/wp-json\/wp\/v2\/product_brand?post=69337"},{"taxonomy":"product_cat","embeddable":true,"href":"https:\/\/baldumarket.lt\/lt\/wp-json\/wp\/v2\/product_cat?post=69337"},{"taxonomy":"product_tag","embeddable":true,"href":"https:\/\/baldumarket.lt\/lt\/wp-json\/wp\/v2\/product_tag?post=69337"}],"curies":[{"name":"wp","href":"https:\/\/api.w.org\/{rel}","templated":true}]}}