{"id":69307,"date":"2025-12-03T19:48:39","date_gmt":"2025-12-03T16:48:39","guid":{"rendered":"https:\/\/baldumarket.lt\/product\/lozko-dzieciece-domek-z-daszkiem-grafitowe-80x160\/"},"modified":"2026-02-04T00:34:57","modified_gmt":"2026-02-03T21:34:57","slug":"lozko-dzieciece-domek-z-daszkiem-grafitowe-80x160","status":"publish","type":"product","link":"https:\/\/baldumarket.lt\/lt\/product\/lozko-dzieciece-domek-z-daszkiem-grafitowe-80x160\/","title":{"rendered":"Vaiki\u0161ka namelio lova su stogeliu, grafito spalvos, 80\u00d7160"},"content":{"rendered":"<p>Komplekt\u0105 sudaro: Pu\u0161ies medienos lovos r\u0117mas, da\u017eytas vandens pagrindo laku. \u010ciu\u017einys: n\u0117ra. Saugi lango formos pertvara. Bald\u0173 furnit\u016bra su instrukcijomis. R\u0117mas \u2013 esame vienintel\u0117 \u012fmon\u0117, si\u016blanti r\u0117m\u0105, pagamint\u0105 i\u0161 spyruoklini\u0173 ber\u017eo medienos lenteli\u0173, pritvirtint\u0173 PVC laikikliu prie metalin\u0117s juostel\u0117s naudojant \u201eclick-clack\u201c sistem\u0105 (greitas surinkimas). Suapvalintas spindulys R2 \u2013 suapvalinti lovos kra\u0161tai efektyviai suma\u017eina traum\u0173 rizik\u0105, apsaugodami j\u016bs\u0173 vaik\u0105 nuo \u012fbr\u0117\u017eim\u0173 ir sumu\u0161im\u0173 \u017eaid\u017eiant ar keliantis. Maksimali apkrova: 200 kg.<\/p>","protected":false},"excerpt":{"rendered":"<p>Komplekt\u0105 sudaro: Pu\u0161in\u0117s medienos lovos r\u0117mas, da\u017eytas vandens pagrindo laku. \u010ciu\u017einys: n\u0117ra. Saugi lango formos pertvara. Bald\u0173 furnit\u016bra su instrukcijomis. R\u0117mas \u2013 esame vienintel\u0117 \u012fmon\u0117, si\u016blanti r\u0117m\u0105, pagamint\u0105 i\u0161 spyruoklini\u0173 ber\u017eo medienos lenteli\u0173, pritvirtint\u0173 PVC laikikliu prie metalin\u0117s juostel\u0117s naudojant \u201eclick-clack\u201c sistem\u0105 (greitas surinkimas). Suapvalintas spindulys R2 [\u2026]<\/p>","protected":false},"featured_media":69308,"comment_status":"open","ping_status":"open","template":"","meta":[],"product_brand":[],"product_cat":[505,2014,9179],"product_tag":[],"class_list":{"0":"post-69307","1":"product","2":"type-product","3":"status-publish","4":"has-post-thumbnail","6":"product_cat-bedroom-beds","7":"product_cat-bms-group","8":"product_cat-beds-for-children-bms","10":"first","11":"instock","12":"purchasable","13":"product-type-simple"},"_links":{"self":[{"href":"https:\/\/baldumarket.lt\/lt\/wp-json\/wp\/v2\/product\/69307","targetHints":{"allow":["GET"]}}],"collection":[{"href":"https:\/\/baldumarket.lt\/lt\/wp-json\/wp\/v2\/product"}],"about":[{"href":"https:\/\/baldumarket.lt\/lt\/wp-json\/wp\/v2\/types\/product"}],"replies":[{"embeddable":true,"href":"https:\/\/baldumarket.lt\/lt\/wp-json\/wp\/v2\/comments?post=69307"}],"wp:featuredmedia":[{"embeddable":true,"href":"https:\/\/baldumarket.lt\/lt\/wp-json\/wp\/v2\/media\/69308"}],"wp:attachment":[{"href":"https:\/\/baldumarket.lt\/lt\/wp-json\/wp\/v2\/media?parent=69307"}],"wp:term":[{"taxonomy":"product_brand","embeddable":true,"href":"https:\/\/baldumarket.lt\/lt\/wp-json\/wp\/v2\/product_brand?post=69307"},{"taxonomy":"product_cat","embeddable":true,"href":"https:\/\/baldumarket.lt\/lt\/wp-json\/wp\/v2\/product_cat?post=69307"},{"taxonomy":"product_tag","embeddable":true,"href":"https:\/\/baldumarket.lt\/lt\/wp-json\/wp\/v2\/product_tag?post=69307"}],"curies":[{"name":"wp","href":"https:\/\/api.w.org\/{rel}","templated":true}]}}