{"id":69285,"date":"2025-12-03T19:48:23","date_gmt":"2025-12-03T16:48:23","guid":{"rendered":"https:\/\/baldumarket.lt\/product\/lozko-mlodziezowe-pietrowe-antresola-90x200-z-materacem-biale\/"},"modified":"2026-04-07T02:32:57","modified_gmt":"2026-04-06T23:32:57","slug":"lozko-mlodziezowe-pietrowe-antresola-90x200-z-materacem-biale","status":"publish","type":"product","link":"https:\/\/baldumarket.lt\/lt\/product\/lozko-mlodziezowe-pietrowe-antresola-90x200-z-materacem-biale\/","title":{"rendered":"Dviauk\u0161t\u0117 lova jaunimui, antresol\u0117, 90\u00d7200, su \u010diu\u017einiu, balta"},"content":{"rendered":"<p>Dviauk\u0161t\u0117s lovos antresol\u0117s komplekt\u0105 sudaro: pu\u0161ies medienos lovos r\u0117mas. 200\u00d790 \u010diu\u017einys (dygsniuotas hipoalerginis poliesterio audinys + oro kondicionavimo pluo\u0161tas + poliuretano putos + u\u017etrauktukas). Saugus tur\u0117klas. Bald\u0173 furnit\u016bra su instrukcijomis. R\u0117mas \u2013 si\u016blome r\u0117m\u0105, pagamint\u0105 i\u0161 spyruoklini\u0173 ber\u017eo medienos lenteli\u0173, pritvirtint\u0173 PVC laikikliu prie metalin\u0117s juostel\u0117s, naudojant \u201eclick-clack\u201c sistem\u0105 (greitas surinkimas). R2 spindulio u\u017eapvalinimas \u2013 u\u017eapvalinti lovos kra\u0161tai efektyviai suma\u017eina traum\u0173 rizik\u0105, apsaugodami vaik\u0105 nuo \u012fbr\u0117\u017eim\u0173 ir sumu\u0161im\u0173 \u017eaid\u017eiant ar atsistojant. Maksimali apkrova: 100 kg.<\/p>","protected":false},"excerpt":{"rendered":"<p>Dviauk\u0161t\u0117s lovos antresol\u0117s komplekt\u0105 sudaro: pu\u0161ies medienos lovos r\u0117mas. 200\u00d790 \u010diu\u017einys (dygsniuotas hipoalerginis poliesterio audinys + oro kondicionavimo pluo\u0161tas + poliuretano putos + u\u017etrauktukas). Saugus tur\u0117klas. Bald\u0173 furnit\u016bra su instrukcijomis. R\u0117mas \u2013 si\u016blome r\u0117m\u0105, pagamint\u0105 i\u0161 spyruoklini\u0173 ber\u017eo medienos lenteli\u0173, pritvirtint\u0173 PVC laikikliu prie metalin\u0117s juostel\u0117s, naudojant \u201eclick-clack\u201c sistem\u0105 (greitas tvirtinimas [\u2026]).<\/p>","protected":false},"featured_media":69286,"comment_status":"open","ping_status":"open","template":"","meta":[],"product_brand":[],"product_cat":[505,1968,2014,9194],"product_tag":[],"class_list":{"0":"post-69285","1":"product","2":"type-product","3":"status-publish","4":"has-post-thumbnail","6":"product_cat-bedroom-beds","7":"product_cat-beds-90x200","8":"product_cat-bms-group","9":"product_cat-youth-mezzanine-beds-bms","11":"first","12":"instock","13":"purchasable","14":"product-type-simple"},"_links":{"self":[{"href":"https:\/\/baldumarket.lt\/lt\/wp-json\/wp\/v2\/product\/69285","targetHints":{"allow":["GET"]}}],"collection":[{"href":"https:\/\/baldumarket.lt\/lt\/wp-json\/wp\/v2\/product"}],"about":[{"href":"https:\/\/baldumarket.lt\/lt\/wp-json\/wp\/v2\/types\/product"}],"replies":[{"embeddable":true,"href":"https:\/\/baldumarket.lt\/lt\/wp-json\/wp\/v2\/comments?post=69285"}],"wp:featuredmedia":[{"embeddable":true,"href":"https:\/\/baldumarket.lt\/lt\/wp-json\/wp\/v2\/media\/69286"}],"wp:attachment":[{"href":"https:\/\/baldumarket.lt\/lt\/wp-json\/wp\/v2\/media?parent=69285"}],"wp:term":[{"taxonomy":"product_brand","embeddable":true,"href":"https:\/\/baldumarket.lt\/lt\/wp-json\/wp\/v2\/product_brand?post=69285"},{"taxonomy":"product_cat","embeddable":true,"href":"https:\/\/baldumarket.lt\/lt\/wp-json\/wp\/v2\/product_cat?post=69285"},{"taxonomy":"product_tag","embeddable":true,"href":"https:\/\/baldumarket.lt\/lt\/wp-json\/wp\/v2\/product_tag?post=69285"}],"curies":[{"name":"wp","href":"https:\/\/api.w.org\/{rel}","templated":true}]}}