{"id":69235,"date":"2025-12-03T19:47:50","date_gmt":"2025-12-03T16:47:50","guid":{"rendered":"https:\/\/baldumarket.lt\/product\/continental-sosna-stelaz-czarny-duo-160-x-200-kpl\/"},"modified":"2026-02-04T00:34:59","modified_gmt":"2026-02-03T21:34:59","slug":"continental-sosna-stelaz-czarny-duo-160-x-200-kpl","status":"publish","type":"product","link":"https:\/\/baldumarket.lt\/lt\/product\/continental-sosna-stelaz-czarny-duo-160-x-200-kpl\/","title":{"rendered":"Kontinentin\u0117s pu\u0161ies r\u0117mas, juodas, dvigubas, 160 x 200 komplektas"},"content":{"rendered":"<p>Neda\u017eytas pu\u0161ies medinis r\u0117mas. Surinkimo priedai pridedami. Greitas ir paprastas surinkimas. Metalinis r\u0117mas, spyruoklin\u0117s juostos, PVC laikikliais pritvirtintos prie metalin\u0117s juostos, \u201eclick-clack\u201c sistema (greitas surinkimas). \u010ciu\u017einiai \u2013 80x200x9 dyd\u017eio (2 vnt.), su nuimamu u\u017evalkalu, oro kondicionavimo pluo\u0161tu ir poliuretano putomis. U\u017evalkalas \u2013 dygsniuotas, hipoalerginis poliesterio audinys, su u\u017etrauktuku. Miegojimo plotas: 160 \u00d7 200 cm. Daiktad\u0117\u017e\u0117 per vis\u0105 lov\u0105, padalinta pertvara. Automatinis spyruoklinis mechanizmas. Stabili medin\u0117 konstrukcija. Maksimali apkrova: 400 kg.<\/p>","protected":false},"excerpt":{"rendered":"<p>Neda\u017eytas pu\u0161ies medinis r\u0117mas. Surinkimo priedai pridedami. Greitas ir paprastas surinkimas. Metalinis r\u0117mas, spyruoklin\u0117s lentel\u0117s, pritvirtintos PVC laikikliais prie metalin\u0117s lentel\u0117s, spragtel\u0117jimo sistema (greitas surinkimas). \u010ciu\u017einiai \u2013 80x200x9 dyd\u017eio (2 vnt.), su nuimamu u\u017evalkalu, oro kondicionavimo pluo\u0161tu ir poliuretano putomis. U\u017evalkalas \u2013 dygsniuotas, hipoalerginis poliesterio audinys, su u\u017etrauktuku. Miegamoji erdv\u0117: 160\u00d7200 cm. Daiktad\u0117\u017e\u0117 [\u2026]<\/p>","protected":false},"featured_media":69236,"comment_status":"open","ping_status":"open","template":"","meta":[],"product_brand":[],"product_cat":[505,2014,9182,514],"product_tag":[],"class_list":{"0":"post-69235","1":"product","2":"type-product","3":"status-publish","4":"has-post-thumbnail","6":"product_cat-bedroom-beds","7":"product_cat-bms-group","8":"product_cat-bedroom-beds-bms","9":"product_cat-continental-beds","11":"first","12":"instock","13":"purchasable","14":"product-type-simple"},"_links":{"self":[{"href":"https:\/\/baldumarket.lt\/lt\/wp-json\/wp\/v2\/product\/69235","targetHints":{"allow":["GET"]}}],"collection":[{"href":"https:\/\/baldumarket.lt\/lt\/wp-json\/wp\/v2\/product"}],"about":[{"href":"https:\/\/baldumarket.lt\/lt\/wp-json\/wp\/v2\/types\/product"}],"replies":[{"embeddable":true,"href":"https:\/\/baldumarket.lt\/lt\/wp-json\/wp\/v2\/comments?post=69235"}],"wp:featuredmedia":[{"embeddable":true,"href":"https:\/\/baldumarket.lt\/lt\/wp-json\/wp\/v2\/media\/69236"}],"wp:attachment":[{"href":"https:\/\/baldumarket.lt\/lt\/wp-json\/wp\/v2\/media?parent=69235"}],"wp:term":[{"taxonomy":"product_brand","embeddable":true,"href":"https:\/\/baldumarket.lt\/lt\/wp-json\/wp\/v2\/product_brand?post=69235"},{"taxonomy":"product_cat","embeddable":true,"href":"https:\/\/baldumarket.lt\/lt\/wp-json\/wp\/v2\/product_cat?post=69235"},{"taxonomy":"product_tag","embeddable":true,"href":"https:\/\/baldumarket.lt\/lt\/wp-json\/wp\/v2\/product_tag?post=69235"}],"curies":[{"name":"wp","href":"https:\/\/api.w.org\/{rel}","templated":true}]}}