{"id":69223,"date":"2025-12-03T19:47:42","date_gmt":"2025-12-03T16:47:42","guid":{"rendered":"https:\/\/baldumarket.lt\/product\/lozko-sypialniane-tapicerowane-galaxy-160x200-z-materacem-naturalne-drewno-popiel\/"},"modified":"2026-04-07T02:40:41","modified_gmt":"2026-04-06T23:40:41","slug":"lozko-sypialniane-tapicerowane-galaxy-160x200-z-materacem-naturalne-drewno-popiel","status":"publish","type":"product","link":"https:\/\/baldumarket.lt\/lt\/product\/lozko-sypialniane-tapicerowane-galaxy-160x200-z-materacem-naturalne-drewno-popiel\/","title":{"rendered":"Mink\u0161ta miegamojo lova Galaxy 160\u00d7200 su \u010diu\u017einiu, nat\u016brali mediena\/uosis"},"content":{"rendered":"<p>Lovos r\u0117mas \u2013 pagamintas i\u0161 neda\u017eytos pu\u0161ies medienos. Surinkimo priedai \u2013 greitas ir paprastas surinkimas. Medinis r\u0117mas, tvirtinamas PVC laikikliu ant metalin\u0117s juostel\u0117s, \u201eclick-clack\u201c sistema (greitas surinkimas). \u010ciu\u017einiai \u2013 80x200x9 dyd\u017eio (2 vnt.), su nuimamu u\u017evalkalu, oro kondicionavimo pluo\u0161tu ir poliuretano putomis. U\u017evalkalas \u2013 dygsniuotas, hipoalerginis poliesterio audinys, su u\u017etrauktuku. Miegamasis plotas: 160\u00d7200 cm. Maksimali apkrova \u2013 160 kg. Apmu\u0161tas pelen\u0173 pilkos spalvos galv\u016bgalis. I\u0161linkis \u2013 R2 spindulys.<\/p>","protected":false},"excerpt":{"rendered":"<p>Lovos r\u0117mas \u2013 pagamintas i\u0161 neda\u017eytos pu\u0161ies medienos. Surinkimo priedai \u2013 greitas ir paprastas surinkimas. Medinis r\u0117mas, tvirtinamas PVC laikikliu ant metalin\u0117s juostel\u0117s, \u201eclick-clack\u201c sistema (greitas surinkimas). \u010ciu\u017einiai \u2013 80x200x9 dyd\u017eio (2 vnt.), su nuimamu u\u017evalkalu, oro kondicionavimo pluo\u0161tu ir poliuretano putomis. U\u017evalkalas \u2013 dygsniuotas, hipoalerginis poliesterio audinys, su u\u017etrauktuku. Miegamoji [\u2026]<\/p>","protected":false},"featured_media":69224,"comment_status":"open","ping_status":"open","template":"","meta":[],"product_brand":[],"product_cat":[505,1971,2014,9182],"product_tag":[],"class_list":{"0":"post-69223","1":"product","2":"type-product","3":"status-publish","4":"has-post-thumbnail","6":"product_cat-bedroom-beds","7":"product_cat-beds-160x200","8":"product_cat-bms-group","9":"product_cat-bedroom-beds-bms","11":"first","12":"instock","13":"purchasable","14":"product-type-simple"},"_links":{"self":[{"href":"https:\/\/baldumarket.lt\/lt\/wp-json\/wp\/v2\/product\/69223","targetHints":{"allow":["GET"]}}],"collection":[{"href":"https:\/\/baldumarket.lt\/lt\/wp-json\/wp\/v2\/product"}],"about":[{"href":"https:\/\/baldumarket.lt\/lt\/wp-json\/wp\/v2\/types\/product"}],"replies":[{"embeddable":true,"href":"https:\/\/baldumarket.lt\/lt\/wp-json\/wp\/v2\/comments?post=69223"}],"wp:featuredmedia":[{"embeddable":true,"href":"https:\/\/baldumarket.lt\/lt\/wp-json\/wp\/v2\/media\/69224"}],"wp:attachment":[{"href":"https:\/\/baldumarket.lt\/lt\/wp-json\/wp\/v2\/media?parent=69223"}],"wp:term":[{"taxonomy":"product_brand","embeddable":true,"href":"https:\/\/baldumarket.lt\/lt\/wp-json\/wp\/v2\/product_brand?post=69223"},{"taxonomy":"product_cat","embeddable":true,"href":"https:\/\/baldumarket.lt\/lt\/wp-json\/wp\/v2\/product_cat?post=69223"},{"taxonomy":"product_tag","embeddable":true,"href":"https:\/\/baldumarket.lt\/lt\/wp-json\/wp\/v2\/product_tag?post=69223"}],"curies":[{"name":"wp","href":"https:\/\/api.w.org\/{rel}","templated":true}]}}