{"id":69205,"date":"2025-12-03T19:47:30","date_gmt":"2025-12-03T16:47:30","guid":{"rendered":"https:\/\/baldumarket.lt\/product\/lozko-sypialniane-tapiecerowane-galaxy-140x200-z-materacem-naturalne-drewno-grafit\/"},"modified":"2026-04-07T02:37:31","modified_gmt":"2026-04-06T23:37:31","slug":"lozko-sypialniane-tapiecerowane-galaxy-140x200-z-materacem-naturalne-drewno-grafit","status":"publish","type":"product","link":"https:\/\/baldumarket.lt\/lt\/product\/lozko-sypialniane-tapiecerowane-galaxy-140x200-z-materacem-naturalne-drewno-grafit\/","title":{"rendered":"Mink\u0161ta miegamojo lova Galaxy 140X200 su \u010diu\u017einiu, nat\u016brali mediena\/grafitas"},"content":{"rendered":"<p>Lovos r\u0117mas \u2013 pagamintas i\u0161 neda\u017eytos pu\u0161ies medienos. Surinkimo priedai \u2013 greitas ir paprastas surinkimas. R\u0117mas \u2013 esame vienintel\u0117 \u012fmon\u0117, si\u016blanti r\u0117m\u0105, pagamint\u0105 i\u0161 spyruoklini\u0173 ber\u017eo medienos lenteli\u0173, tvirtinam\u0105 PVC laikikliu ant metalin\u0117s juostel\u0117s, naudojant spragtel\u0117jimo sistem\u0105 (greitas surinkimas). \u010ciu\u017einys: dydis 140x200x9, su nuimamu u\u017evalkalu, oro kondicionavimo pluo\u0161tu ir poliuretano putomis. U\u017evalkalas \u2013 dygsniuotas, hipoalerginis poliesterio audinys, su u\u017etrauktuku. Maksimali apkrova \u2013 160 kg. Apmu\u0161tas grafito spalvos galv\u016bgalis. I\u0161linkis \u2013 R2 spindulys.<\/p>","protected":false},"excerpt":{"rendered":"<p>Lovos r\u0117mas \u2013 pagamintas i\u0161 neda\u017eytos pu\u0161ies medienos. Surinkimo priedai \u2013 greitas ir paprastas surinkimas. R\u0117mas \u2013 esame vienintel\u0117 \u012fmon\u0117, si\u016blanti r\u0117m\u0105, pagamint\u0105 i\u0161 spyruoklini\u0173 ber\u017eo medienos lenteli\u0173, tvirtinam\u0105 PVC laikikliu ant metalin\u0117s juostel\u0117s, naudojant spragtel\u0117jimo sistem\u0105 (greitas surinkimas). \u010ciu\u017einys: dydis 140x200x9, su nuimamu u\u017evalkalu, oro kondicionavimo pluo\u0161tas, [\u2026]<\/p>","protected":false},"featured_media":69206,"comment_status":"open","ping_status":"open","template":"","meta":[],"product_brand":[],"product_cat":[505,1970,2014,9182],"product_tag":[],"class_list":{"0":"post-69205","1":"product","2":"type-product","3":"status-publish","4":"has-post-thumbnail","6":"product_cat-bedroom-beds","7":"product_cat-beds-140x200","8":"product_cat-bms-group","9":"product_cat-bedroom-beds-bms","11":"first","12":"instock","13":"purchasable","14":"product-type-simple"},"_links":{"self":[{"href":"https:\/\/baldumarket.lt\/lt\/wp-json\/wp\/v2\/product\/69205","targetHints":{"allow":["GET"]}}],"collection":[{"href":"https:\/\/baldumarket.lt\/lt\/wp-json\/wp\/v2\/product"}],"about":[{"href":"https:\/\/baldumarket.lt\/lt\/wp-json\/wp\/v2\/types\/product"}],"replies":[{"embeddable":true,"href":"https:\/\/baldumarket.lt\/lt\/wp-json\/wp\/v2\/comments?post=69205"}],"wp:featuredmedia":[{"embeddable":true,"href":"https:\/\/baldumarket.lt\/lt\/wp-json\/wp\/v2\/media\/69206"}],"wp:attachment":[{"href":"https:\/\/baldumarket.lt\/lt\/wp-json\/wp\/v2\/media?parent=69205"}],"wp:term":[{"taxonomy":"product_brand","embeddable":true,"href":"https:\/\/baldumarket.lt\/lt\/wp-json\/wp\/v2\/product_brand?post=69205"},{"taxonomy":"product_cat","embeddable":true,"href":"https:\/\/baldumarket.lt\/lt\/wp-json\/wp\/v2\/product_cat?post=69205"},{"taxonomy":"product_tag","embeddable":true,"href":"https:\/\/baldumarket.lt\/lt\/wp-json\/wp\/v2\/product_tag?post=69205"}],"curies":[{"name":"wp","href":"https:\/\/api.w.org\/{rel}","templated":true}]}}