{"id":69169,"date":"2025-12-03T19:47:08","date_gmt":"2025-12-03T16:47:08","guid":{"rendered":"https:\/\/baldumarket.lt\/product\/lozko-sypialniane-orbis-160x200-naturalne-drewno\/"},"modified":"2026-04-07T02:40:41","modified_gmt":"2026-04-06T23:40:41","slug":"lozko-sypialniane-orbis-160x200-naturalne-drewno","status":"publish","type":"product","link":"https:\/\/baldumarket.lt\/lt\/product\/lozko-sypialniane-orbis-160x200-naturalne-drewno\/","title":{"rendered":"Orbis miegamojo lova 160\u00d7200, nat\u016brali mediena"},"content":{"rendered":"<p>Lovos r\u0117mas \u2013 pagamintas i\u0161 pu\u0161ies medienos, nelakuotas. Surinkimo priedai \u2013 greitas ir paprastas surinkimas. R\u0117mas \u2013 esame vienintel\u0117 \u012fmon\u0117, si\u016blanti r\u0117m\u0105 i\u0161 spyruoklini\u0173 lentjuos\u010di\u0173, pagamint\u0173 i\u0161 ber\u017eo medienos, tvirtinam\u0105 PVC laikikliu ant metalin\u0117s juostel\u0117s, su spragtel\u0117jimo sistema (greitas surinkimas). \u010ciu\u017einys: n\u0117ra. Maksimali apkrova \u2013 160 kg. I\u0161linkimo spindulys \u2013 R2.<\/p>","protected":false},"excerpt":{"rendered":"<p>Lovos r\u0117mas \u2013 pagamintas i\u0161 pu\u0161ies medienos, nelakuotas. Surinkimo priedai \u2013 greitas ir paprastas surinkimas. R\u0117mas \u2013 esame vienintel\u0117 \u012fmon\u0117, si\u016blanti r\u0117m\u0105 i\u0161 spyruoklini\u0173 lenteli\u0173, pagamint\u0173 i\u0161 ber\u017eo medienos, tvirtinam\u0105 PVC laikikliu ant metalin\u0117s juostel\u0117s, su spragtel\u0117jimo sistema (greitas surinkimas). \u010ciu\u017einys: n\u0117ra. Maksimali apkrova \u2013 160 kg. I\u0161linkis \u2013 [\u2026]<\/p>","protected":false},"featured_media":69170,"comment_status":"open","ping_status":"open","template":"","meta":[],"product_brand":[],"product_cat":[505,1971,2014,9182],"product_tag":[],"class_list":{"0":"post-69169","1":"product","2":"type-product","3":"status-publish","4":"has-post-thumbnail","6":"product_cat-bedroom-beds","7":"product_cat-beds-160x200","8":"product_cat-bms-group","9":"product_cat-bedroom-beds-bms","11":"first","12":"instock","13":"purchasable","14":"product-type-simple"},"_links":{"self":[{"href":"https:\/\/baldumarket.lt\/lt\/wp-json\/wp\/v2\/product\/69169","targetHints":{"allow":["GET"]}}],"collection":[{"href":"https:\/\/baldumarket.lt\/lt\/wp-json\/wp\/v2\/product"}],"about":[{"href":"https:\/\/baldumarket.lt\/lt\/wp-json\/wp\/v2\/types\/product"}],"replies":[{"embeddable":true,"href":"https:\/\/baldumarket.lt\/lt\/wp-json\/wp\/v2\/comments?post=69169"}],"wp:featuredmedia":[{"embeddable":true,"href":"https:\/\/baldumarket.lt\/lt\/wp-json\/wp\/v2\/media\/69170"}],"wp:attachment":[{"href":"https:\/\/baldumarket.lt\/lt\/wp-json\/wp\/v2\/media?parent=69169"}],"wp:term":[{"taxonomy":"product_brand","embeddable":true,"href":"https:\/\/baldumarket.lt\/lt\/wp-json\/wp\/v2\/product_brand?post=69169"},{"taxonomy":"product_cat","embeddable":true,"href":"https:\/\/baldumarket.lt\/lt\/wp-json\/wp\/v2\/product_cat?post=69169"},{"taxonomy":"product_tag","embeddable":true,"href":"https:\/\/baldumarket.lt\/lt\/wp-json\/wp\/v2\/product_tag?post=69169"}],"curies":[{"name":"wp","href":"https:\/\/api.w.org\/{rel}","templated":true}]}}