{"id":69135,"date":"2025-12-03T19:46:29","date_gmt":"2025-12-03T16:46:29","guid":{"rendered":"https:\/\/baldumarket.lt\/product\/lozko-dzieciece-pojedyncze-smart-2-80x160-ze-schowkiem-naturalne-drewno\/"},"modified":"2026-02-04T00:35:02","modified_gmt":"2026-02-03T21:35:02","slug":"lozko-dzieciece-pojedyncze-smart-2-80x160-ze-schowkiem-naturalne-drewno","status":"publish","type":"product","link":"https:\/\/baldumarket.lt\/lt\/product\/lozko-dzieciece-pojedyncze-smart-2-80x160-ze-schowkiem-naturalne-drewno\/","title":{"rendered":"SMART 2 viengul\u0117 vaiki\u0161ka lova 80\u00d7160 su daiktad\u0117\u017ee, nat\u016brali mediena"},"content":{"rendered":"<p>Lovos r\u0117mas i\u0161 pu\u0161in\u0117s medienos. Plieniniai var\u017etai \u2013 bald\u0173 furnit\u016bra. Balta HDF plok\u0161t\u0117. Konteineris be dugno plok\u0161t\u0117s. \u010ciu\u017einys: n\u0117ra. Medinis r\u0117mas (pu\u0161in\u0117s lentjuost\u0117s). PVC rankena. HDF plok\u0161t\u0117. Maksimali apkrova \u2013 100 kg. Suapvalinti kra\u0161tai \u2013 R2 spindulys.<\/p>","protected":false},"excerpt":{"rendered":"<p>Lovos r\u0117mas i\u0161 pu\u0161in\u0117s medienos. Plieniniai var\u017etai \u2013 bald\u0173 furnit\u016bra. Balta HDF plok\u0161t\u0117. Konteineris be dugno plok\u0161t\u0117s. \u010ciu\u017einys: n\u0117ra. Medinis r\u0117mas (pu\u0161in\u0117s lentjuost\u0117s). PVC rankena. HDF plok\u0161t\u0117. Maksimali apkrova \u2013 100 kg. Suapvalinti kra\u0161tai \u2013 R2 spindulys.<\/p>","protected":false},"featured_media":69136,"comment_status":"open","ping_status":"open","template":"","meta":[],"product_brand":[],"product_cat":[505,2014,9179],"product_tag":[],"class_list":{"0":"post-69135","1":"product","2":"type-product","3":"status-publish","4":"has-post-thumbnail","6":"product_cat-bedroom-beds","7":"product_cat-bms-group","8":"product_cat-beds-for-children-bms","10":"first","11":"instock","12":"purchasable","13":"product-type-simple"},"_links":{"self":[{"href":"https:\/\/baldumarket.lt\/lt\/wp-json\/wp\/v2\/product\/69135","targetHints":{"allow":["GET"]}}],"collection":[{"href":"https:\/\/baldumarket.lt\/lt\/wp-json\/wp\/v2\/product"}],"about":[{"href":"https:\/\/baldumarket.lt\/lt\/wp-json\/wp\/v2\/types\/product"}],"replies":[{"embeddable":true,"href":"https:\/\/baldumarket.lt\/lt\/wp-json\/wp\/v2\/comments?post=69135"}],"wp:featuredmedia":[{"embeddable":true,"href":"https:\/\/baldumarket.lt\/lt\/wp-json\/wp\/v2\/media\/69136"}],"wp:attachment":[{"href":"https:\/\/baldumarket.lt\/lt\/wp-json\/wp\/v2\/media?parent=69135"}],"wp:term":[{"taxonomy":"product_brand","embeddable":true,"href":"https:\/\/baldumarket.lt\/lt\/wp-json\/wp\/v2\/product_brand?post=69135"},{"taxonomy":"product_cat","embeddable":true,"href":"https:\/\/baldumarket.lt\/lt\/wp-json\/wp\/v2\/product_cat?post=69135"},{"taxonomy":"product_tag","embeddable":true,"href":"https:\/\/baldumarket.lt\/lt\/wp-json\/wp\/v2\/product_tag?post=69135"}],"curies":[{"name":"wp","href":"https:\/\/api.w.org\/{rel}","templated":true}]}}