{"id":68885,"date":"2025-12-03T19:43:32","date_gmt":"2025-12-03T16:43:32","guid":{"rendered":"https:\/\/baldumarket.lt\/product\/lozko-dzieciece-pojedyncze-smart-80x160-z-materacem-i-schowkiem-sosna\/"},"modified":"2026-02-04T00:35:08","modified_gmt":"2026-02-03T21:35:08","slug":"lozko-dzieciece-pojedyncze-smart-80x160-z-materacem-i-schowkiem-sosna","status":"publish","type":"product","link":"https:\/\/baldumarket.lt\/lt\/product\/lozko-dzieciece-pojedyncze-smart-80x160-z-materacem-i-schowkiem-sosna\/","title":{"rendered":"SMART viengul\u0117 vaiki\u0161ka lova 80\u00d7160 su \u010diu\u017einiu ir daiktad\u0117\u017ee, pu\u0161is"},"content":{"rendered":"<p>Neda\u017eytas pu\u0161inis lovos r\u0117mas. Plieniniai var\u017etai \u2013 bald\u0173 furnit\u016bra. Balta HDF plok\u0161t\u0117. Konteineris be dugno plok\u0161t\u0117s. \u010ciu\u017einys \u2013 160 \u00d7 80 dydis (dygsniuotas hipoalerginis audinys i\u0161 poliesterio + oro kondicionavimo pluo\u0161to + poliuretano put\u0173 + u\u017etrauktukas). Medinis r\u0117mas (pu\u0161ies lentjuost\u0117s). PVC rankena. HDF plok\u0161t\u0117. Maksimali apkrova \u2013 100 kg. Suapvalinti kra\u0161tai \u2013 spindulys R2.<\/p>","protected":false},"excerpt":{"rendered":"<p>Neda\u017eytas pu\u0161inis lovos r\u0117mas. Plieniniai var\u017etai \u2013 bald\u0173 furnit\u016bra. Balta HDF plok\u0161t\u0117. Konteineris be dugno plok\u0161t\u0117s. \u010ciu\u017einys \u2013 160 \u00d7 80 dydis (dygsniuotas hipoalerginis audinys i\u0161 poliesterio + oro kondicionavimo pluo\u0161to + poliuretano put\u0173 + u\u017etrauktukas). Medinis r\u0117mas (pu\u0161ies lentjuost\u0117s). PVC rankena. HDF plok\u0161t\u0117. Maksimali apkrova \u2013 100 kg. Suapvalinti kra\u0161tai \u2013 spindulys R2.<\/p>","protected":false},"featured_media":68886,"comment_status":"open","ping_status":"open","template":"","meta":[],"product_brand":[],"product_cat":[505,2014,9179],"product_tag":[],"class_list":{"0":"post-68885","1":"product","2":"type-product","3":"status-publish","4":"has-post-thumbnail","6":"product_cat-bedroom-beds","7":"product_cat-bms-group","8":"product_cat-beds-for-children-bms","10":"first","11":"instock","12":"purchasable","13":"product-type-simple"},"_links":{"self":[{"href":"https:\/\/baldumarket.lt\/lt\/wp-json\/wp\/v2\/product\/68885","targetHints":{"allow":["GET"]}}],"collection":[{"href":"https:\/\/baldumarket.lt\/lt\/wp-json\/wp\/v2\/product"}],"about":[{"href":"https:\/\/baldumarket.lt\/lt\/wp-json\/wp\/v2\/types\/product"}],"replies":[{"embeddable":true,"href":"https:\/\/baldumarket.lt\/lt\/wp-json\/wp\/v2\/comments?post=68885"}],"wp:featuredmedia":[{"embeddable":true,"href":"https:\/\/baldumarket.lt\/lt\/wp-json\/wp\/v2\/media\/68886"}],"wp:attachment":[{"href":"https:\/\/baldumarket.lt\/lt\/wp-json\/wp\/v2\/media?parent=68885"}],"wp:term":[{"taxonomy":"product_brand","embeddable":true,"href":"https:\/\/baldumarket.lt\/lt\/wp-json\/wp\/v2\/product_brand?post=68885"},{"taxonomy":"product_cat","embeddable":true,"href":"https:\/\/baldumarket.lt\/lt\/wp-json\/wp\/v2\/product_cat?post=68885"},{"taxonomy":"product_tag","embeddable":true,"href":"https:\/\/baldumarket.lt\/lt\/wp-json\/wp\/v2\/product_tag?post=68885"}],"curies":[{"name":"wp","href":"https:\/\/api.w.org\/{rel}","templated":true}]}}