{"id":68849,"date":"2025-12-03T19:43:07","date_gmt":"2025-12-03T16:43:07","guid":{"rendered":"https:\/\/baldumarket.lt\/product\/lozko-dzieciece-pojedyncze-classic-80x160-ze-schowkiem-grafitowe\/"},"modified":"2026-02-04T00:35:09","modified_gmt":"2026-02-03T21:35:09","slug":"lozko-dzieciece-pojedyncze-classic-80x160-ze-schowkiem-grafitowe","status":"publish","type":"product","link":"https:\/\/baldumarket.lt\/lt\/product\/lozko-dzieciece-pojedyncze-classic-80x160-ze-schowkiem-grafitowe\/","title":{"rendered":"CLASSIC viengul\u0117 vaiki\u0161ka lova 80\u00d7160 su daiktad\u0117\u017ee, grafito spalvos"},"content":{"rendered":"<p>Lovos r\u0117mas \u2013 pagamintas i\u0161 pu\u0161ies medienos, da\u017eytas vandens pagrindo laku. Surinkimo priedai \u2013 greitas ir paprastas surinkimas. MDF plok\u0161t\u0117 \u2013 da\u017eyta vandens pagrindo laku. \u010ciu\u017einys: n\u0117ra. Medinis r\u0117mas \u2013 pu\u0161ies lentjuost\u0117s. Balta HDF plok\u0161t\u0117. Konteineris be dugno plok\u0161t\u0117s. Stumdom\u0173 fasad\u0173 rankena \u2013 pagaminta i\u0161 PVC. Keliamoji galia \u2013 100 kg. Apvalinimo spindulys \u2013 R2.<\/p>","protected":false},"excerpt":{"rendered":"<p>Lovos r\u0117mas \u2013 pagamintas i\u0161 pu\u0161ies medienos, da\u017eytas vandens pagrindo laku. Surinkimo priedai \u2013 greitas ir paprastas surinkimas. MDF plok\u0161t\u0117 \u2013 da\u017eyta vandens pagrindo laku. \u010ciu\u017einys: n\u0117ra. Medinis r\u0117mas \u2013 pu\u0161ies lentjuost\u0117s. Balta HDF plok\u0161t\u0117. Konteineris be dugno plok\u0161t\u0117s. Stumdom\u0173 fasad\u0173 rankena \u2013 pagaminta i\u0161 PVC. Keliamoji galia \u2013 100 kg. [\u2026]<\/p>","protected":false},"featured_media":68850,"comment_status":"open","ping_status":"open","template":"","meta":[],"product_brand":[],"product_cat":[505,2014,9179],"product_tag":[],"class_list":{"0":"post-68849","1":"product","2":"type-product","3":"status-publish","4":"has-post-thumbnail","6":"product_cat-bedroom-beds","7":"product_cat-bms-group","8":"product_cat-beds-for-children-bms","10":"first","11":"instock","12":"purchasable","13":"product-type-simple"},"_links":{"self":[{"href":"https:\/\/baldumarket.lt\/lt\/wp-json\/wp\/v2\/product\/68849","targetHints":{"allow":["GET"]}}],"collection":[{"href":"https:\/\/baldumarket.lt\/lt\/wp-json\/wp\/v2\/product"}],"about":[{"href":"https:\/\/baldumarket.lt\/lt\/wp-json\/wp\/v2\/types\/product"}],"replies":[{"embeddable":true,"href":"https:\/\/baldumarket.lt\/lt\/wp-json\/wp\/v2\/comments?post=68849"}],"wp:featuredmedia":[{"embeddable":true,"href":"https:\/\/baldumarket.lt\/lt\/wp-json\/wp\/v2\/media\/68850"}],"wp:attachment":[{"href":"https:\/\/baldumarket.lt\/lt\/wp-json\/wp\/v2\/media?parent=68849"}],"wp:term":[{"taxonomy":"product_brand","embeddable":true,"href":"https:\/\/baldumarket.lt\/lt\/wp-json\/wp\/v2\/product_brand?post=68849"},{"taxonomy":"product_cat","embeddable":true,"href":"https:\/\/baldumarket.lt\/lt\/wp-json\/wp\/v2\/product_cat?post=68849"},{"taxonomy":"product_tag","embeddable":true,"href":"https:\/\/baldumarket.lt\/lt\/wp-json\/wp\/v2\/product_tag?post=68849"}],"curies":[{"name":"wp","href":"https:\/\/api.w.org\/{rel}","templated":true}]}}