{"id":68791,"date":"2025-12-03T19:42:26","date_gmt":"2025-12-03T16:42:26","guid":{"rendered":"https:\/\/baldumarket.lt\/product\/lozko-sypialniane-panamax-140x200-z-pojemnikiem-kraft\/"},"modified":"2026-04-07T02:37:31","modified_gmt":"2026-04-06T23:37:31","slug":"lozko-sypialniane-panamax-140x200-z-pojemnikiem-kraft","status":"publish","type":"product","link":"https:\/\/baldumarket.lt\/lt\/product\/lozko-sypialniane-panamax-140x200-z-pojemnikiem-kraft\/","title":{"rendered":"PANAMAX 140X200 miegamojo lova su daiktad\u0117\u017ee, kraft"},"content":{"rendered":"<p>Konstrukcija pagaminta i\u0161 auk\u0161tos kokyb\u0117s laminuotos plok\u0161t\u0117s, pasi\u017eymin\u010dios patvarumu ir lengvu valymu. Galin\u0117 dalis po lova neturi dugno plok\u0161t\u0117s, tod\u0117l daiktad\u0117\u017e\u0117 yra tik lovos priekyje. Surinkimo priedai \u2013 greitas ir paprastas surinkimas. R\u0117mas \u2013 tvirtinamas ant dviej\u0173 metalini\u0173 spyruoklini\u0173 mechanizm\u0173, sudaryt\u0173 i\u0161 30 tvirt\u0173 ber\u017eo lenteli\u0173, pritvirtint\u0173 prie medin\u0117s konstrukcijos. \u010ciu\u017einys: n\u0117ra. I\u0161linkis \u2013 R2 spindulys. Keliamoji galia \u2013 400 kg.<\/p>","protected":false},"excerpt":{"rendered":"<p>Konstrukcija pagaminta i\u0161 auk\u0161tos kokyb\u0117s laminuotos plok\u0161t\u0117s, pasi\u017eymin\u010dios patvarumu ir lengvu valymu. Galin\u0117 dalis po lova neturi dugno plok\u0161t\u0117s, tod\u0117l daiktad\u0117\u017e\u0117 yra tik lovos priekyje. Surinkimo priedai \u2013 greitas ir paprastas surinkimas. R\u0117mas \u2013 sumontuotas ant dviej\u0173 metalini\u0173 spyruoklini\u0173 mechanizm\u0173, sudaryt\u0173 i\u0161 30 tvirt\u0173 [\u2026]<\/p>","protected":false},"featured_media":68792,"comment_status":"open","ping_status":"open","template":"","meta":[],"product_brand":[],"product_cat":[505,1970,2014,9182],"product_tag":[],"class_list":{"0":"post-68791","1":"product","2":"type-product","3":"status-publish","4":"has-post-thumbnail","6":"product_cat-bedroom-beds","7":"product_cat-beds-140x200","8":"product_cat-bms-group","9":"product_cat-bedroom-beds-bms","11":"first","12":"instock","13":"purchasable","14":"product-type-simple"},"_links":{"self":[{"href":"https:\/\/baldumarket.lt\/lt\/wp-json\/wp\/v2\/product\/68791","targetHints":{"allow":["GET"]}}],"collection":[{"href":"https:\/\/baldumarket.lt\/lt\/wp-json\/wp\/v2\/product"}],"about":[{"href":"https:\/\/baldumarket.lt\/lt\/wp-json\/wp\/v2\/types\/product"}],"replies":[{"embeddable":true,"href":"https:\/\/baldumarket.lt\/lt\/wp-json\/wp\/v2\/comments?post=68791"}],"wp:featuredmedia":[{"embeddable":true,"href":"https:\/\/baldumarket.lt\/lt\/wp-json\/wp\/v2\/media\/68792"}],"wp:attachment":[{"href":"https:\/\/baldumarket.lt\/lt\/wp-json\/wp\/v2\/media?parent=68791"}],"wp:term":[{"taxonomy":"product_brand","embeddable":true,"href":"https:\/\/baldumarket.lt\/lt\/wp-json\/wp\/v2\/product_brand?post=68791"},{"taxonomy":"product_cat","embeddable":true,"href":"https:\/\/baldumarket.lt\/lt\/wp-json\/wp\/v2\/product_cat?post=68791"},{"taxonomy":"product_tag","embeddable":true,"href":"https:\/\/baldumarket.lt\/lt\/wp-json\/wp\/v2\/product_tag?post=68791"}],"curies":[{"name":"wp","href":"https:\/\/api.w.org\/{rel}","templated":true}]}}