{"id":68773,"date":"2025-12-03T19:42:13","date_gmt":"2025-12-03T16:42:13","guid":{"rendered":"https:\/\/baldumarket.lt\/product\/lozko-sypialniane-panamax-140x200-z-materacem-i-pojemnikiem-grafitowe\/"},"modified":"2026-04-07T02:37:39","modified_gmt":"2026-04-06T23:37:39","slug":"lozko-sypialniane-panamax-140x200-z-materacem-i-pojemnikiem-grafitowe","status":"publish","type":"product","link":"https:\/\/baldumarket.lt\/lt\/product\/lozko-sypialniane-panamax-140x200-z-materacem-i-pojemnikiem-grafitowe\/","title":{"rendered":"PANAMAX 140X200 miegamojo lova su \u010diu\u017einiu ir daiktad\u0117\u017ee, grafito spalvos"},"content":{"rendered":"<p>Konstrukcija pagaminta i\u0161 auk\u0161tos kokyb\u0117s laminuotos plok\u0161t\u0117s, pasi\u017eymin\u010dios patvarumu ir lengvu valymu. Galin\u0117 dalis po lova neturi dugno plok\u0161t\u0117s, tod\u0117l daiktad\u0117\u017e\u0117 yra tik lovos priekyje. Surinkimo priedai \u2013 greitas ir paprastas surinkimas. R\u0117mas \u2013 sumontuotas ant dviej\u0173 metalini\u0173 spyruoklini\u0173 mechanizm\u0173, sudaryt\u0173 i\u0161 30 tvirt\u0173 ber\u017eo lenteli\u0173, sumontuot\u0173 ant medin\u0117s konstrukcijos. \u010ciu\u017einys \u2013 matmenys 140x200x9, su nuimamu u\u017evalkalu, oro kondicionavimo pluo\u0161tu ir poliuretano putomis. U\u017evalkalas \u2013 dygsniuotas hipoalerginis poliesterio audinys, su u\u017etrauktuku. I\u0161linkis \u2013 spindulys R2. Keliamoji galia \u2013 400 kg.<\/p>","protected":false},"excerpt":{"rendered":"<p>Konstrukcija pagaminta i\u0161 auk\u0161tos kokyb\u0117s laminuotos plok\u0161t\u0117s, pasi\u017eymin\u010dios patvarumu ir lengvu valymu. Galin\u0117 dalis po lova neturi dugno plok\u0161t\u0117s, tod\u0117l daiktad\u0117\u017e\u0117 yra tik lovos priekyje. Surinkimo priedai \u2013 greitas ir paprastas surinkimas. R\u0117mas \u2013 sumontuotas ant dviej\u0173 metalini\u0173 spyruoklini\u0173 mechanizm\u0173, sudaryt\u0173 i\u0161 30 [\u2026]<\/p>","protected":false},"featured_media":68774,"comment_status":"open","ping_status":"open","template":"","meta":[],"product_brand":[],"product_cat":[505,1970,2014,9182],"product_tag":[],"class_list":{"0":"post-68773","1":"product","2":"type-product","3":"status-publish","4":"has-post-thumbnail","6":"product_cat-bedroom-beds","7":"product_cat-beds-140x200","8":"product_cat-bms-group","9":"product_cat-bedroom-beds-bms","11":"first","12":"instock","13":"purchasable","14":"product-type-simple"},"_links":{"self":[{"href":"https:\/\/baldumarket.lt\/lt\/wp-json\/wp\/v2\/product\/68773","targetHints":{"allow":["GET"]}}],"collection":[{"href":"https:\/\/baldumarket.lt\/lt\/wp-json\/wp\/v2\/product"}],"about":[{"href":"https:\/\/baldumarket.lt\/lt\/wp-json\/wp\/v2\/types\/product"}],"replies":[{"embeddable":true,"href":"https:\/\/baldumarket.lt\/lt\/wp-json\/wp\/v2\/comments?post=68773"}],"wp:featuredmedia":[{"embeddable":true,"href":"https:\/\/baldumarket.lt\/lt\/wp-json\/wp\/v2\/media\/68774"}],"wp:attachment":[{"href":"https:\/\/baldumarket.lt\/lt\/wp-json\/wp\/v2\/media?parent=68773"}],"wp:term":[{"taxonomy":"product_brand","embeddable":true,"href":"https:\/\/baldumarket.lt\/lt\/wp-json\/wp\/v2\/product_brand?post=68773"},{"taxonomy":"product_cat","embeddable":true,"href":"https:\/\/baldumarket.lt\/lt\/wp-json\/wp\/v2\/product_cat?post=68773"},{"taxonomy":"product_tag","embeddable":true,"href":"https:\/\/baldumarket.lt\/lt\/wp-json\/wp\/v2\/product_tag?post=68773"}],"curies":[{"name":"wp","href":"https:\/\/api.w.org\/{rel}","templated":true}]}}