{"id":68691,"date":"2025-12-03T19:41:17","date_gmt":"2025-12-03T16:41:17","guid":{"rendered":"https:\/\/baldumarket.lt\/product\/lozko-sypialniane-loft-160x200-z-materacem-i-pojemnikiem-z-drewna-debowego\/"},"modified":"2026-04-07T02:40:50","modified_gmt":"2026-04-06T23:40:50","slug":"lozko-sypialniane-loft-160x200-z-materacem-i-pojemnikiem-z-drewna-debowego","status":"publish","type":"product","link":"https:\/\/baldumarket.lt\/lt\/product\/lozko-sypialniane-loft-160x200-z-materacem-i-pojemnikiem-z-drewna-debowego\/","title":{"rendered":"LOFT miegamojo lova 160X200 su \u010diu\u017einiu ir daiktad\u0117\u017ee, pagaminta i\u0161 \u0105\u017euolo medienos"},"content":{"rendered":"<p>Konstrukcija pagaminta i\u0161 auk\u0161tos kokyb\u0117s \u0104\u017dUOLO MEDIENOS, kurios privalumai yra ne tik I\u0160VAIZDA, bet ir, svarbiausia, ILGAAM\u017dI\u0160KUMAS.<br \/>\nPatalyn\u0117s laikymo vieta.<br \/>\nR\u0117mas \u2013 pagamintas i\u0161 stabili\u0173 ber\u017eo lent\u0173, su dujomis u\u017epildytais oru \u010diu\u017einiais.<br \/>\n\u010ciu\u017einiai \u2013 80x200x18 (\u00b1 2 cm) dyd\u017eio, 2 dali\u0173, su nuimamu u\u017evalkalu, oro kondicionavimo pluo\u0161tu ir poliuretano putomis. U\u017evalkalas \u2013 dygsniuotas, hipoalerginis poliesterio audinys, su u\u017etrauktuku.<br \/>\nGalv\u016bgalis \u2013 pagamintas i\u0161 \u0105\u017euolo medienos, pritvirtintas prie metalinio r\u0117mo.<br \/>\nDujomis u\u017epildyti oru u\u017epildyti \u010diu\u017einiai.<br \/>\nSurinkimo priedai \u2013 greitas ir paprastas surinkimas.<br \/>\nPlieninis r\u0117mas.<br \/>\nKeliamoji galia \u2013 400 kg.<\/p>","protected":false},"excerpt":{"rendered":"<p>Konstrukcija pagaminta i\u0161 auk\u0161tos kokyb\u0117s \u0104\u017dUOLO MEDIENOS, kurios privalumai yra ne tik I\u0160VAIZDA, bet ir, svarbiausia, ILGAAM\u017dI\u0160KUMAS. Patalynei skirta vieta. R\u0117mas \u2013 pagamintas i\u0161 stabili\u0173 ber\u017eo lent\u0173, su dujomis u\u017epildytais oru \u010diu\u017einiais. \u010ciu\u017einiai \u2013 80x200x18 (\u00b1 2 cm) dyd\u017eio, 2 dali\u0173, su nuimamu u\u017evalkalu, oro kondicionavimo pluo\u0161tu ir poliuretano putomis. U\u017evalkalas \u2013 dygsniuotas, [\u2026]<\/p>","protected":false},"featured_media":68692,"comment_status":"open","ping_status":"open","template":"","meta":[],"product_brand":[],"product_cat":[505,1971,2014,9182],"product_tag":[],"class_list":{"0":"post-68691","1":"product","2":"type-product","3":"status-publish","4":"has-post-thumbnail","6":"product_cat-bedroom-beds","7":"product_cat-beds-160x200","8":"product_cat-bms-group","9":"product_cat-bedroom-beds-bms","11":"first","12":"instock","13":"purchasable","14":"product-type-simple"},"_links":{"self":[{"href":"https:\/\/baldumarket.lt\/lt\/wp-json\/wp\/v2\/product\/68691","targetHints":{"allow":["GET"]}}],"collection":[{"href":"https:\/\/baldumarket.lt\/lt\/wp-json\/wp\/v2\/product"}],"about":[{"href":"https:\/\/baldumarket.lt\/lt\/wp-json\/wp\/v2\/types\/product"}],"replies":[{"embeddable":true,"href":"https:\/\/baldumarket.lt\/lt\/wp-json\/wp\/v2\/comments?post=68691"}],"wp:featuredmedia":[{"embeddable":true,"href":"https:\/\/baldumarket.lt\/lt\/wp-json\/wp\/v2\/media\/68692"}],"wp:attachment":[{"href":"https:\/\/baldumarket.lt\/lt\/wp-json\/wp\/v2\/media?parent=68691"}],"wp:term":[{"taxonomy":"product_brand","embeddable":true,"href":"https:\/\/baldumarket.lt\/lt\/wp-json\/wp\/v2\/product_brand?post=68691"},{"taxonomy":"product_cat","embeddable":true,"href":"https:\/\/baldumarket.lt\/lt\/wp-json\/wp\/v2\/product_cat?post=68691"},{"taxonomy":"product_tag","embeddable":true,"href":"https:\/\/baldumarket.lt\/lt\/wp-json\/wp\/v2\/product_tag?post=68691"}],"curies":[{"name":"wp","href":"https:\/\/api.w.org\/{rel}","templated":true}]}}