{"id":68684,"date":"2025-12-03T19:41:12","date_gmt":"2025-12-03T16:41:12","guid":{"rendered":"https:\/\/baldumarket.lt\/product\/lozko-sypialniane-loft-140x200-z-pojemnikiem-z-drewna-debowego\/"},"modified":"2026-04-07T02:37:39","modified_gmt":"2026-04-06T23:37:39","slug":"lozko-sypialniane-loft-140x200-z-pojemnikiem-z-drewna-debowego","status":"publish","type":"product","link":"https:\/\/baldumarket.lt\/lt\/product\/lozko-sypialniane-loft-140x200-z-pojemnikiem-z-drewna-debowego\/","title":{"rendered":"LOFT miegamojo lova 140\u00d7200 su daiktad\u0117\u017ee, pagaminta i\u0161 \u0105\u017euolo medienos"},"content":{"rendered":"<p>Konstrukcija pagaminta i\u0161 auk\u0161tos kokyb\u0117s \u0104\u017dUOLO MEDIENOS, kurios privalumas slypi ne tik I\u0160VAIZDOJE, bet ir svarbiausia ILGAAM\u017dIUME.<br \/>\nPatalyn\u0117s laikymo skyrius.<br \/>\nR\u0117mas \u2013 pagamintas i\u0161 stabili\u0173 ber\u017eo lenteli\u0173, su dujomis u\u017epildytais vo\u017etuvais.<br \/>\n\u010ciu\u017einys: n\u0117ra<br \/>\nGalv\u016bgalis \u2013 pagamintas i\u0161 \u0105\u017euolo medienos, pritvirtintas prie metalinio r\u0117mo.<br \/>\nDujomis u\u017epildyti vo\u017etuvai.<br \/>\nSurinkimo priedai \u2013 greitas ir paprastas surinkimas.<br \/>\nPlieninis r\u0117mas.<br \/>\nKeliamoji galia \u2013 400 kg.<\/p>","protected":false},"excerpt":{"rendered":"<p>Konstrukcija pagaminta i\u0161 auk\u0161tos kokyb\u0117s \u0104\u017dUOLO MEDIENOS, kurios privalumas yra ne tik I\u0160VAIZDA, bet ir svarbiausia \u2013 ILGAAM\u017dI\u0160KUMAS. Patalynei skirta skyrius. R\u0117mas \u2013 pagamintas i\u0161 stabili\u0173 ber\u017eo lenteli\u0173, su dujomis u\u017epildytais vo\u017etuvais. \u010ciu\u017einys: n\u0117ra. Galv\u016bgalis \u2013 pagamintas i\u0161 \u0105\u017euolo medienos, pritvirtintas prie metalinio r\u0117mo. Dujomis u\u017epildyti vo\u017etuvai. Surinkimo priedai \u2013 greitas [\u2026]<\/p>","protected":false},"featured_media":68685,"comment_status":"open","ping_status":"open","template":"","meta":[],"product_brand":[],"product_cat":[505,1970,2014,9182],"product_tag":[],"class_list":{"0":"post-68684","1":"product","2":"type-product","3":"status-publish","4":"has-post-thumbnail","6":"product_cat-bedroom-beds","7":"product_cat-beds-140x200","8":"product_cat-bms-group","9":"product_cat-bedroom-beds-bms","11":"first","12":"instock","13":"purchasable","14":"product-type-simple"},"_links":{"self":[{"href":"https:\/\/baldumarket.lt\/lt\/wp-json\/wp\/v2\/product\/68684","targetHints":{"allow":["GET"]}}],"collection":[{"href":"https:\/\/baldumarket.lt\/lt\/wp-json\/wp\/v2\/product"}],"about":[{"href":"https:\/\/baldumarket.lt\/lt\/wp-json\/wp\/v2\/types\/product"}],"replies":[{"embeddable":true,"href":"https:\/\/baldumarket.lt\/lt\/wp-json\/wp\/v2\/comments?post=68684"}],"wp:featuredmedia":[{"embeddable":true,"href":"https:\/\/baldumarket.lt\/lt\/wp-json\/wp\/v2\/media\/68685"}],"wp:attachment":[{"href":"https:\/\/baldumarket.lt\/lt\/wp-json\/wp\/v2\/media?parent=68684"}],"wp:term":[{"taxonomy":"product_brand","embeddable":true,"href":"https:\/\/baldumarket.lt\/lt\/wp-json\/wp\/v2\/product_brand?post=68684"},{"taxonomy":"product_cat","embeddable":true,"href":"https:\/\/baldumarket.lt\/lt\/wp-json\/wp\/v2\/product_cat?post=68684"},{"taxonomy":"product_tag","embeddable":true,"href":"https:\/\/baldumarket.lt\/lt\/wp-json\/wp\/v2\/product_tag?post=68684"}],"curies":[{"name":"wp","href":"https:\/\/api.w.org\/{rel}","templated":true}]}}