{"id":68651,"date":"2025-12-03T19:40:53","date_gmt":"2025-12-03T16:40:53","guid":{"rendered":"https:\/\/baldumarket.lt\/product\/lozko-sypialniane-tapicerowane-hilton-120x200-z-materacem-i-pojemnikiem-biale\/"},"modified":"2026-04-07T02:35:35","modified_gmt":"2026-04-06T23:35:35","slug":"lozko-sypialniane-tapicerowane-hilton-120x200-z-materacem-i-pojemnikiem-biale","status":"publish","type":"product","link":"https:\/\/baldumarket.lt\/lt\/product\/lozko-sypialniane-tapicerowane-hilton-120x200-z-materacem-i-pojemnikiem-biale\/","title":{"rendered":"HILTON 120\u00d7200 mink\u0161ta miegamojo lova su \u010diu\u017einiu ir daiktad\u0117\u017ee, balta"},"content":{"rendered":"<p>Konstrukcija pagaminta i\u0161 auk\u0161tos kokyb\u0117s laminuotos plok\u0161t\u0117s, pasi\u017eymin\u010dios patvarumu ir lengvu valymu. Vir\u0161us ir r\u0117mas aptraukti apmu\u0161alais. Apmu\u0161al\u0173 med\u017eiaga pasi\u017eymi subtilia strukt\u016bra ir smulkiais p\u016bkais padengtu pavir\u0161iumi, atspariu trin\u010diai, pumpuravimuisi ir \u0161viesai. Med\u017eiaga pasi\u017eymi ribotomis skys\u010di\u0173 sug\u0117rimo savyb\u0117mis, kurios teigiamai veikia jos \u0161var\u0105. Surinkimo priedai \u2013 greitas ir paprastas surinkimas. R\u0117mas \u2013 sumontuotas ant dviej\u0173 metalini\u0173 spyruokli\u0173, sudaryt\u0173 i\u0161 30 tvirt\u0173, ber\u017eini\u0173 sm\u016bgius sugerian\u010di\u0173 lenteli\u0173, sumontuot\u0173 ant metalin\u0117s konstrukcijos. \u010ciu\u017einys \u2013 matmenys 120x200x9, su nuimamu u\u017evalkalu, oro kondicionavimo pluo\u0161tu ir poliuretano putomis. U\u017evalkalas \u2013 dygsniuotas, hipoalerginis poliesterio audinys, su u\u017etrauktuku. Pak\u0117lus r\u0117m\u0105, erdv\u0117 padalinama pertvara. Galin\u0117 pertvaros dalis yra be plok\u0161t\u0117s, priekin\u0117je dalyje yra patalyn\u0117s d\u0117\u017e\u0117. Spyruoklinis mechanizmas. Keliamoji galia \u2013 400 kg.<\/p>","protected":false},"excerpt":{"rendered":"<p>Konstrukcija pagaminta i\u0161 auk\u0161tos kokyb\u0117s laminuotos plok\u0161t\u0117s, pasi\u017eymin\u010dios patvarumu ir lengvu valymu. Vir\u0161us ir r\u0117mas yra apmu\u0161ti. Apmu\u0161al\u0173 med\u017eiaga pasi\u017eymi subtilia strukt\u016bra ir pavir\u0161iumi, padengtu smulkiais p\u016bkais, atspariu trin\u010diai, pumpuravimuisi ir \u0161viesai. Med\u017eiaga pasi\u017eymi ribotomis skys\u010di\u0173 sug\u0117rimo savyb\u0117mis, o tai teigiamai veikia jos \u0161var\u0105. Surinkimo priedai [\u2026]<\/p>","protected":false},"featured_media":68652,"comment_status":"open","ping_status":"open","template":"","meta":[],"product_brand":[],"product_cat":[505,1969,2014,9182],"product_tag":[],"class_list":{"0":"post-68651","1":"product","2":"type-product","3":"status-publish","4":"has-post-thumbnail","6":"product_cat-bedroom-beds","7":"product_cat-beds-120x200","8":"product_cat-bms-group","9":"product_cat-bedroom-beds-bms","11":"first","12":"instock","13":"purchasable","14":"product-type-simple"},"_links":{"self":[{"href":"https:\/\/baldumarket.lt\/lt\/wp-json\/wp\/v2\/product\/68651","targetHints":{"allow":["GET"]}}],"collection":[{"href":"https:\/\/baldumarket.lt\/lt\/wp-json\/wp\/v2\/product"}],"about":[{"href":"https:\/\/baldumarket.lt\/lt\/wp-json\/wp\/v2\/types\/product"}],"replies":[{"embeddable":true,"href":"https:\/\/baldumarket.lt\/lt\/wp-json\/wp\/v2\/comments?post=68651"}],"wp:featuredmedia":[{"embeddable":true,"href":"https:\/\/baldumarket.lt\/lt\/wp-json\/wp\/v2\/media\/68652"}],"wp:attachment":[{"href":"https:\/\/baldumarket.lt\/lt\/wp-json\/wp\/v2\/media?parent=68651"}],"wp:term":[{"taxonomy":"product_brand","embeddable":true,"href":"https:\/\/baldumarket.lt\/lt\/wp-json\/wp\/v2\/product_brand?post=68651"},{"taxonomy":"product_cat","embeddable":true,"href":"https:\/\/baldumarket.lt\/lt\/wp-json\/wp\/v2\/product_cat?post=68651"},{"taxonomy":"product_tag","embeddable":true,"href":"https:\/\/baldumarket.lt\/lt\/wp-json\/wp\/v2\/product_tag?post=68651"}],"curies":[{"name":"wp","href":"https:\/\/api.w.org\/{rel}","templated":true}]}}