{"id":68615,"date":"2025-12-03T19:40:31","date_gmt":"2025-12-03T16:40:31","guid":{"rendered":"https:\/\/baldumarket.lt\/product\/lozko-sypialniane-tapicerowane-hilton-120x200-z-materacem-i-pojemnikiem-grafitowe\/"},"modified":"2026-04-07T02:35:35","modified_gmt":"2026-04-06T23:35:35","slug":"lozko-sypialniane-tapicerowane-hilton-120x200-z-materacem-i-pojemnikiem-grafitowe","status":"publish","type":"product","link":"https:\/\/baldumarket.lt\/lt\/product\/lozko-sypialniane-tapicerowane-hilton-120x200-z-materacem-i-pojemnikiem-grafitowe\/","title":{"rendered":"HILTON 120X200 mink\u0161ta miegamojo lova su \u010diu\u017einiu ir daiktad\u0117\u017ee, grafito spalvos"},"content":{"rendered":"<p>Konstrukcija pagaminta i\u0161 auk\u0161tos kokyb\u0117s laminuotos plok\u0161t\u0117s, pasi\u017eymin\u010dios patvarumu ir lengvu valymu. Vir\u0161us ir r\u0117mas \u2013 apmu\u0161ti. Apmu\u0161al\u0173 med\u017eiaga \u2013 jos b\u016bdingas bruo\u017eas \u2013 subtili strukt\u016bra ir pavir\u0161ius, padengtas smulkiu p\u016bku, atsparus trin\u010diai, pumpuravimuisi ir \u0161viesai. Med\u017eiaga pasi\u017eymi ribotomis skys\u010di\u0173 sug\u0117rimo savyb\u0117mis, o tai teigiamai veikia jos \u0161var\u0105. Surinkimo priedai \u2013 greitas ir paprastas surinkimas. Metalinis r\u0117mas: tvirtinamas ant dviej\u0173 metalini\u0173 spyruoklini\u0173 mechanizm\u0173, susidedan\u010di\u0173 i\u0161 30 tvirt\u0173 ber\u017eo sm\u016bgius sugerian\u010di\u0173 lenteli\u0173, pritvirtint\u0173 prie metalin\u0117s konstrukcijos. Daiktad\u0117\u017e\u0117 daiktams laikyti. \u010ciu\u017einys \u2013 120x200x9 dyd\u017eio, su nuimamu u\u017evalkalu, oro kondicionavimo pluo\u0161tu ir poliuretano putomis. U\u017evalkalas \u2013 dygsniuotas hipoalerginis audinys, pagamintas i\u0161 poliesterio, su u\u017etrauktuku. Maksimali apkrova \u2013 400 kg.<\/p>","protected":false},"excerpt":{"rendered":"<p>Konstrukcija pagaminta i\u0161 auk\u0161tos kokyb\u0117s laminuotos plok\u0161t\u0117s, pasi\u017eymin\u010dios patvarumu ir lengvu valymu. Vir\u0161us ir r\u0117mas \u2013 apmu\u0161ti. Apmu\u0161al\u0173 med\u017eiaga \u2013 jos b\u016bdingas bruo\u017eas yra subtili strukt\u016bra ir pavir\u0161ius, padengtas smulkiu p\u016bku, atsparus trin\u010diai, pumpuravimuisi ir \u0161viesai. Med\u017eiaga pasi\u017eymi ribotomis skys\u010di\u0173 sug\u0117rimo savyb\u0117mis, kurios teigiamai [\u2026]<\/p>","protected":false},"featured_media":68616,"comment_status":"open","ping_status":"open","template":"","meta":[],"product_brand":[],"product_cat":[505,1969,2014,9182],"product_tag":[],"class_list":{"0":"post-68615","1":"product","2":"type-product","3":"status-publish","4":"has-post-thumbnail","6":"product_cat-bedroom-beds","7":"product_cat-beds-120x200","8":"product_cat-bms-group","9":"product_cat-bedroom-beds-bms","11":"first","12":"instock","13":"purchasable","14":"product-type-simple"},"_links":{"self":[{"href":"https:\/\/baldumarket.lt\/lt\/wp-json\/wp\/v2\/product\/68615","targetHints":{"allow":["GET"]}}],"collection":[{"href":"https:\/\/baldumarket.lt\/lt\/wp-json\/wp\/v2\/product"}],"about":[{"href":"https:\/\/baldumarket.lt\/lt\/wp-json\/wp\/v2\/types\/product"}],"replies":[{"embeddable":true,"href":"https:\/\/baldumarket.lt\/lt\/wp-json\/wp\/v2\/comments?post=68615"}],"wp:featuredmedia":[{"embeddable":true,"href":"https:\/\/baldumarket.lt\/lt\/wp-json\/wp\/v2\/media\/68616"}],"wp:attachment":[{"href":"https:\/\/baldumarket.lt\/lt\/wp-json\/wp\/v2\/media?parent=68615"}],"wp:term":[{"taxonomy":"product_brand","embeddable":true,"href":"https:\/\/baldumarket.lt\/lt\/wp-json\/wp\/v2\/product_brand?post=68615"},{"taxonomy":"product_cat","embeddable":true,"href":"https:\/\/baldumarket.lt\/lt\/wp-json\/wp\/v2\/product_cat?post=68615"},{"taxonomy":"product_tag","embeddable":true,"href":"https:\/\/baldumarket.lt\/lt\/wp-json\/wp\/v2\/product_tag?post=68615"}],"curies":[{"name":"wp","href":"https:\/\/api.w.org\/{rel}","templated":true}]}}