{"id":68561,"date":"2025-12-03T19:39:57","date_gmt":"2025-12-03T16:39:57","guid":{"rendered":"https:\/\/baldumarket.lt\/product\/lozko-sypialniane-tapicerowane-hilton-160x200-z-pojemnikiem-niebieskie\/"},"modified":"2026-04-07T02:40:59","modified_gmt":"2026-04-06T23:40:59","slug":"lozko-sypialniane-tapicerowane-hilton-160x200-z-pojemnikiem-niebieskie","status":"publish","type":"product","link":"https:\/\/baldumarket.lt\/lt\/product\/lozko-sypialniane-tapicerowane-hilton-160x200-z-pojemnikiem-niebieskie\/","title":{"rendered":"HILTON 160X200 mink\u0161ta miegamojo lova su daiktad\u0117\u017ee, m\u0117lyna"},"content":{"rendered":"<p>Konstrukcija pagaminta i\u0161 auk\u0161tos kokyb\u0117s laminuotos plok\u0161t\u0117s, pasi\u017eymin\u010dios patvarumu ir lengvu valymu. Vir\u0161us ir r\u0117mas \u2013 apmu\u0161ti. Apmu\u0161al\u0173 med\u017eiaga \u2013 pasi\u017eymi subtilia strukt\u016bra ir smulkiais p\u016bkais padengtu pavir\u0161iumi, atspari trin\u010diai, pumpuravimuisi ir \u0161viesai. Med\u017eiaga pasi\u017eymi ribotomis skys\u010di\u0173 sug\u0117rimo savyb\u0117mis, o tai teigiamai veikia jos \u0161var\u0105. Surinkimo priedai \u2013 greitas ir paprastas surinkimas. Metalinis r\u0117mas: tvirtinamas ant dviej\u0173 metalini\u0173 spyruoklini\u0173 mechanizm\u0173, susidedan\u010di\u0173 i\u0161 30 tvirt\u0173 ber\u017eo sm\u016bgius sugerian\u010di\u0173 lenteli\u0173, pritvirtint\u0173 prie metalin\u0117s konstrukcijos. Daiktad\u0117\u017e\u0117. \u010ciu\u017einys: n\u0117ra. Keliamoji galia \u2013 400 kg.<\/p>","protected":false},"excerpt":{"rendered":"<p>Konstrukcija pagaminta i\u0161 auk\u0161tos kokyb\u0117s laminuotos plok\u0161t\u0117s, pasi\u017eymin\u010dios patvarumu ir lengvu valymu. Vir\u0161us ir r\u0117mas \u2013 apmu\u0161ti. Apmu\u0161al\u0173 med\u017eiaga \u2013 pasi\u017eymi subtilia strukt\u016bra ir smulkiais p\u016bkais padengtu pavir\u0161iumi, atspari trin\u010diai, pumpuravimuisi ir \u0161viesai. Med\u017eiaga pasi\u017eymi ribotomis skys\u010di\u0173 sug\u0117rimo savyb\u0117mis, o tai teigiamai veikia jos \u0161var\u0105. [\u2026]<\/p>","protected":false},"featured_media":68562,"comment_status":"open","ping_status":"open","template":"","meta":[],"product_brand":[],"product_cat":[505,1971,2014,9182],"product_tag":[],"class_list":{"0":"post-68561","1":"product","2":"type-product","3":"status-publish","4":"has-post-thumbnail","6":"product_cat-bedroom-beds","7":"product_cat-beds-160x200","8":"product_cat-bms-group","9":"product_cat-bedroom-beds-bms","11":"first","12":"instock","13":"purchasable","14":"product-type-simple"},"_links":{"self":[{"href":"https:\/\/baldumarket.lt\/lt\/wp-json\/wp\/v2\/product\/68561","targetHints":{"allow":["GET"]}}],"collection":[{"href":"https:\/\/baldumarket.lt\/lt\/wp-json\/wp\/v2\/product"}],"about":[{"href":"https:\/\/baldumarket.lt\/lt\/wp-json\/wp\/v2\/types\/product"}],"replies":[{"embeddable":true,"href":"https:\/\/baldumarket.lt\/lt\/wp-json\/wp\/v2\/comments?post=68561"}],"wp:featuredmedia":[{"embeddable":true,"href":"https:\/\/baldumarket.lt\/lt\/wp-json\/wp\/v2\/media\/68562"}],"wp:attachment":[{"href":"https:\/\/baldumarket.lt\/lt\/wp-json\/wp\/v2\/media?parent=68561"}],"wp:term":[{"taxonomy":"product_brand","embeddable":true,"href":"https:\/\/baldumarket.lt\/lt\/wp-json\/wp\/v2\/product_brand?post=68561"},{"taxonomy":"product_cat","embeddable":true,"href":"https:\/\/baldumarket.lt\/lt\/wp-json\/wp\/v2\/product_cat?post=68561"},{"taxonomy":"product_tag","embeddable":true,"href":"https:\/\/baldumarket.lt\/lt\/wp-json\/wp\/v2\/product_tag?post=68561"}],"curies":[{"name":"wp","href":"https:\/\/api.w.org\/{rel}","templated":true}]}}