{"id":68096,"date":"2025-11-22T03:56:38","date_gmt":"2025-11-22T00:56:38","guid":{"rendered":"https:\/\/baldumarket.lt\/product\/dolce-bunk-bed-with-desk-and-organizer-white\/"},"modified":"2026-02-04T00:35:18","modified_gmt":"2026-02-03T21:35:18","slug":"dolce-bunk-bed-with-desk-and-organizer-white","status":"publish","type":"product","link":"https:\/\/baldumarket.lt\/lt\/product\/dolce-bunk-bed-with-desk-and-organizer-white\/","title":{"rendered":"DOLCE dviauk\u0161t\u0117 lova su stalu ir organizatoriumi, balta"},"content":{"rendered":"<h5><span style=\"color: #54859b\">Apsilankykite m\u016bs\u0173 virtualioje HALMAR MEBLE prek\u0117s \u017eenklo parduotuv\u0117je<\/span><\/h5>\n<p> <a href=\"https:\/\/my.matterport.com\/show\/?m=A37Zvh6YfmB\" target=\"_blank\" rel=\"noopener\"><span style=\"color: #e47025\">https:\/\/my.matterport.com\/<\/span><\/a><\/p>\n<p>Spalva: balta<br \/>\nMed\u017eiaga: milteliniu b\u016bdu da\u017eytas plienas \/ MDF<br \/>\nProdukto i\u0161matavimai:<br \/>\nIlgis: 211 cm<br \/>\nPlotis: 102 cm<br \/>\n\u016agis: 180 cm<br \/>\nKoj\u0173 auk\u0161tis: 140 cm<br \/>\nMiegamosios dalies plotis: 90 cm<br \/>\nMiegamosios dalies ilgis: 200 cm<br \/>\n\u010ciu\u017einys: n\u0117ra<br \/>\nPatalyn\u0117s d\u0117\u017e\u0117: n\u0117ra<br \/>\nGrilis: Yra<br \/>\nIndividualus \u010diu\u017einys: 90 \u00d7 200<br \/>\nRekomenduojamas \u010diu\u017einio auk\u0161tis iki 16 cm<br \/>\n\u010ciu\u017einys \u012f kain\u0105 ne\u012fskai\u010diuotas, j\u012f galima \u012fsigyti atskirai.<br \/>\nPastaba. Baldas bus pristatytas nesurinktas, kartu su i\u0161samia surinkimo instrukcija.<\/p>","protected":false},"excerpt":{"rendered":"<p>Dviauk\u0161t\u0117 lova su stalu ir organizatoriumi, med\u017eiaga: milteliniu b\u016bdu da\u017eytas plienas \/ laminuota MDF plok\u0161t\u0117, spalva: balta, *lova be \u010diu\u017einio, pasirinktinai galima rinktis \u010diu\u017ein\u012f POLARIS 90 arba SYRIUSZ 90<\/p>","protected":false},"featured_media":68097,"comment_status":"open","ping_status":"closed","template":"","meta":[],"product_brand":[],"product_cat":[505,2013,9148],"product_tag":[],"class_list":{"0":"post-68096","1":"product","2":"type-product","3":"status-publish","4":"has-post-thumbnail","6":"product_cat-bedroom-beds","7":"product_cat-halmar","8":"product_cat-beds-halmar","10":"first","11":"instock","12":"purchasable","13":"product-type-simple"},"_links":{"self":[{"href":"https:\/\/baldumarket.lt\/lt\/wp-json\/wp\/v2\/product\/68096","targetHints":{"allow":["GET"]}}],"collection":[{"href":"https:\/\/baldumarket.lt\/lt\/wp-json\/wp\/v2\/product"}],"about":[{"href":"https:\/\/baldumarket.lt\/lt\/wp-json\/wp\/v2\/types\/product"}],"replies":[{"embeddable":true,"href":"https:\/\/baldumarket.lt\/lt\/wp-json\/wp\/v2\/comments?post=68096"}],"wp:featuredmedia":[{"embeddable":true,"href":"https:\/\/baldumarket.lt\/lt\/wp-json\/wp\/v2\/media\/68097"}],"wp:attachment":[{"href":"https:\/\/baldumarket.lt\/lt\/wp-json\/wp\/v2\/media?parent=68096"}],"wp:term":[{"taxonomy":"product_brand","embeddable":true,"href":"https:\/\/baldumarket.lt\/lt\/wp-json\/wp\/v2\/product_brand?post=68096"},{"taxonomy":"product_cat","embeddable":true,"href":"https:\/\/baldumarket.lt\/lt\/wp-json\/wp\/v2\/product_cat?post=68096"},{"taxonomy":"product_tag","embeddable":true,"href":"https:\/\/baldumarket.lt\/lt\/wp-json\/wp\/v2\/product_tag?post=68096"}],"curies":[{"name":"wp","href":"https:\/\/api.w.org\/{rel}","templated":true}]}}