{"id":67845,"date":"2025-11-22T03:52:07","date_gmt":"2025-11-22T00:52:07","guid":{"rendered":"https:\/\/baldumarket.lt\/product\/formo-f3-front-with-mirror-for-the-modular-wardrobe-system-dark-grey\/"},"modified":"2026-02-04T00:35:23","modified_gmt":"2026-02-03T21:35:23","slug":"formo-f3-front-with-mirror-for-the-modular-wardrobe-system-dark-grey","status":"publish","type":"product","link":"https:\/\/baldumarket.lt\/lt\/product\/formo-f3-front-with-mirror-for-the-modular-wardrobe-system-dark-grey\/","title":{"rendered":"FORMO \u2013 F3 fasadas su veidrod\u017eiu modulinei spint\u0173 sistemai \u2013 tamsiai pilka"},"content":{"rendered":"<h5><span style=\"color: #54859b\">Apsilankykite m\u016bs\u0173 virtualioje HALMAR MEBLE prek\u0117s \u017eenklo parduotuv\u0117je<\/span><\/h5>\n<p> <a href=\"https:\/\/my.matterport.com\/show\/?m=A37Zvh6YfmB\" target=\"_blank\" rel=\"noopener\"><span style=\"color: #e47025\">https:\/\/my.matterport.com\/<\/span><\/a><\/p>","protected":false},"excerpt":{"rendered":"<p>F3 fasadas modulinei spintos sistemai FORMO, matmenys: 50\/18\/238 cm, med\u017eiaga: laminuota med\u017eio dro\u017eli\u0173 plok\u0161t\u0117 \/ veidrodis \/ fasadas su \u0161velniai u\u017esidaran\u010diais vyriais, spalva: tamsiai pilka<\/p>","protected":false},"featured_media":67846,"comment_status":"open","ping_status":"open","template":"","meta":[],"product_brand":[],"product_cat":[2013,1177],"product_tag":[],"class_list":{"0":"post-67845","1":"product","2":"type-product","3":"status-publish","4":"has-post-thumbnail","6":"product_cat-halmar","7":"product_cat-wardrobes","9":"first","10":"instock","11":"purchasable","12":"product-type-simple"},"_links":{"self":[{"href":"https:\/\/baldumarket.lt\/lt\/wp-json\/wp\/v2\/product\/67845","targetHints":{"allow":["GET"]}}],"collection":[{"href":"https:\/\/baldumarket.lt\/lt\/wp-json\/wp\/v2\/product"}],"about":[{"href":"https:\/\/baldumarket.lt\/lt\/wp-json\/wp\/v2\/types\/product"}],"replies":[{"embeddable":true,"href":"https:\/\/baldumarket.lt\/lt\/wp-json\/wp\/v2\/comments?post=67845"}],"wp:featuredmedia":[{"embeddable":true,"href":"https:\/\/baldumarket.lt\/lt\/wp-json\/wp\/v2\/media\/67846"}],"wp:attachment":[{"href":"https:\/\/baldumarket.lt\/lt\/wp-json\/wp\/v2\/media?parent=67845"}],"wp:term":[{"taxonomy":"product_brand","embeddable":true,"href":"https:\/\/baldumarket.lt\/lt\/wp-json\/wp\/v2\/product_brand?post=67845"},{"taxonomy":"product_cat","embeddable":true,"href":"https:\/\/baldumarket.lt\/lt\/wp-json\/wp\/v2\/product_cat?post=67845"},{"taxonomy":"product_tag","embeddable":true,"href":"https:\/\/baldumarket.lt\/lt\/wp-json\/wp\/v2\/product_tag?post=67845"}],"curies":[{"name":"wp","href":"https:\/\/api.w.org\/{rel}","templated":true}]}}