{"id":67801,"date":"2025-11-22T03:51:21","date_gmt":"2025-11-22T00:51:21","guid":{"rendered":"https:\/\/baldumarket.lt\/product\/alvo-szf2d-wardrobe-andersen-white-pine-andersen-beige\/"},"modified":"2026-02-04T00:35:24","modified_gmt":"2026-02-03T21:35:24","slug":"alvo-szf2d-wardrobe-andersen-white-pine-andersen-beige","status":"publish","type":"product","link":"https:\/\/baldumarket.lt\/lt\/product\/alvo-szf2d-wardrobe-andersen-white-pine-andersen-beige\/","title":{"rendered":"ALVO SZF2D spinta (andersen baltos pu\u0161ies\/andersen sm\u0117lio spalvos)"},"content":{"rendered":"<h5><span style=\"color: #54859b\">Apsilankykite m\u016bs\u0173 virtualioje HALMAR MEBLE prek\u0117s \u017eenklo parduotuv\u0117je<\/span><\/h5>\n<p> <a href=\"https:\/\/my.matterport.com\/show\/?m=A37Zvh6YfmB\" target=\"_blank\" rel=\"noopener\"><span style=\"color: #e47025\">https:\/\/my.matterport.com\/<\/span><\/a><\/p>","protected":false},"excerpt":{"rendered":"<p>matmenys: <\/p>\n<p>plotis: 102 cm<\/p>\n<p>\u016bgis: 198 cm<\/p>\n<p>gylis: 58 cm <\/p>\n<p>med\u017eiaga:<br \/>\nKorpusas: laminuotas MDF<br \/>\nPriekin\u0117 dalis: laminuotas MDF<br \/>\nRankena: be ranken\u0117l\u0117s, spustel\u0117jus<\/p>","protected":false},"featured_media":67802,"comment_status":"open","ping_status":"open","template":"","meta":[],"product_brand":[],"product_cat":[2013,1177],"product_tag":[],"class_list":{"0":"post-67801","1":"product","2":"type-product","3":"status-publish","4":"has-post-thumbnail","6":"product_cat-halmar","7":"product_cat-wardrobes","9":"first","10":"instock","11":"purchasable","12":"product-type-simple"},"_links":{"self":[{"href":"https:\/\/baldumarket.lt\/lt\/wp-json\/wp\/v2\/product\/67801","targetHints":{"allow":["GET"]}}],"collection":[{"href":"https:\/\/baldumarket.lt\/lt\/wp-json\/wp\/v2\/product"}],"about":[{"href":"https:\/\/baldumarket.lt\/lt\/wp-json\/wp\/v2\/types\/product"}],"replies":[{"embeddable":true,"href":"https:\/\/baldumarket.lt\/lt\/wp-json\/wp\/v2\/comments?post=67801"}],"wp:featuredmedia":[{"embeddable":true,"href":"https:\/\/baldumarket.lt\/lt\/wp-json\/wp\/v2\/media\/67802"}],"wp:attachment":[{"href":"https:\/\/baldumarket.lt\/lt\/wp-json\/wp\/v2\/media?parent=67801"}],"wp:term":[{"taxonomy":"product_brand","embeddable":true,"href":"https:\/\/baldumarket.lt\/lt\/wp-json\/wp\/v2\/product_brand?post=67801"},{"taxonomy":"product_cat","embeddable":true,"href":"https:\/\/baldumarket.lt\/lt\/wp-json\/wp\/v2\/product_cat?post=67801"},{"taxonomy":"product_tag","embeddable":true,"href":"https:\/\/baldumarket.lt\/lt\/wp-json\/wp\/v2\/product_tag?post=67801"}],"curies":[{"name":"wp","href":"https:\/\/api.w.org\/{rel}","templated":true}]}}