{"id":67793,"date":"2025-11-22T03:51:13","date_gmt":"2025-11-22T00:51:13","guid":{"rendered":"https:\/\/baldumarket.lt\/product\/wardrobe-lotta-dimond-white-lsonoma-oak\/"},"modified":"2026-02-04T00:35:24","modified_gmt":"2026-02-03T21:35:24","slug":"wardrobe-lotta-dimond-white-lsonoma-oak","status":"publish","type":"product","link":"https:\/\/baldumarket.lt\/lt\/product\/wardrobe-lotta-dimond-white-lsonoma-oak\/","title":{"rendered":"Spinta LOTTA deimanto baltumo\/Isonoma \u0105\u017euolo spalvos"},"content":{"rendered":"<h5><span style=\"color: #54859b\">Apsilankykite m\u016bs\u0173 virtualioje HALMAR MEBLE prek\u0117s \u017eenklo parduotuv\u0117je<\/span><\/h5>\n<p> <a href=\"https:\/\/my.matterport.com\/show\/?m=A37Zvh6YfmB\" target=\"_blank\" rel=\"noopener\"><span style=\"color: #e47025\">https:\/\/my.matterport.com\/<\/span><\/a><\/p>","protected":false},"excerpt":{"rendered":"<p>Matmenys: auk\u0161tis\/plotis\/gylis 190 cm\/110 cm\/55 cm, koj\u0173 auk\u0161tis - 15 cm<br \/>\nmed\u017eiaga:<br \/>\nKorpusas: matin\u0117 med\u017eio dro\u017eli\u0173 plok\u0161t\u0117 16 mm<br \/>\nPriekin\u0117 dalis: matin\u0117 med\u017eio dro\u017eli\u0173 plok\u0161t\u0117 16 mm<br \/>\nVir\u0161us: matin\u0117 med\u017eio dro\u017eli\u0173 plok\u0161t\u0117 25 mm<br \/>\nRankena ir kojel\u0117s: da\u017eyta mediena<\/p>","protected":false},"featured_media":67794,"comment_status":"open","ping_status":"open","template":"","meta":[],"product_brand":[],"product_cat":[2013,1177],"product_tag":[],"class_list":{"0":"post-67793","1":"product","2":"type-product","3":"status-publish","4":"has-post-thumbnail","6":"product_cat-halmar","7":"product_cat-wardrobes","9":"first","10":"instock","11":"purchasable","12":"product-type-simple"},"_links":{"self":[{"href":"https:\/\/baldumarket.lt\/lt\/wp-json\/wp\/v2\/product\/67793","targetHints":{"allow":["GET"]}}],"collection":[{"href":"https:\/\/baldumarket.lt\/lt\/wp-json\/wp\/v2\/product"}],"about":[{"href":"https:\/\/baldumarket.lt\/lt\/wp-json\/wp\/v2\/types\/product"}],"replies":[{"embeddable":true,"href":"https:\/\/baldumarket.lt\/lt\/wp-json\/wp\/v2\/comments?post=67793"}],"wp:featuredmedia":[{"embeddable":true,"href":"https:\/\/baldumarket.lt\/lt\/wp-json\/wp\/v2\/media\/67794"}],"wp:attachment":[{"href":"https:\/\/baldumarket.lt\/lt\/wp-json\/wp\/v2\/media?parent=67793"}],"wp:term":[{"taxonomy":"product_brand","embeddable":true,"href":"https:\/\/baldumarket.lt\/lt\/wp-json\/wp\/v2\/product_brand?post=67793"},{"taxonomy":"product_cat","embeddable":true,"href":"https:\/\/baldumarket.lt\/lt\/wp-json\/wp\/v2\/product_cat?post=67793"},{"taxonomy":"product_tag","embeddable":true,"href":"https:\/\/baldumarket.lt\/lt\/wp-json\/wp\/v2\/product_tag?post=67793"}],"curies":[{"name":"wp","href":"https:\/\/api.w.org\/{rel}","templated":true}]}}