{"id":67775,"date":"2025-11-22T03:50:53","date_gmt":"2025-11-22T00:50:53","guid":{"rendered":"https:\/\/baldumarket.lt\/product\/volare-tv-stand-200-black-mat-blak-san-sebastian\/"},"modified":"2026-02-04T00:35:25","modified_gmt":"2026-02-03T21:35:25","slug":"volare-tv-stand-200-black-mat-blak-san-sebastian","status":"publish","type":"product","link":"https:\/\/baldumarket.lt\/lt\/product\/volare-tv-stand-200-black-mat-blak-san-sebastian\/","title":{"rendered":"VOLARE TV staliukas 200 juoda matin\u0117\/juoda San Sebastian"},"content":{"rendered":"<h5><span style=\"color: #54859b\">Apsilankykite m\u016bs\u0173 virtualioje HALMAR MEBLE prek\u0117s \u017eenklo parduotuv\u0117je<\/span><\/h5>\n<p> <a href=\"https:\/\/my.matterport.com\/show\/?m=A37Zvh6YfmB\" target=\"_blank\" rel=\"noopener\"><span style=\"color: #e47025\">https:\/\/my.matterport.com\/<\/span><\/a><\/p>","protected":false},"excerpt":{"rendered":"<p>(galimyb\u0117 \u012frengti \u017eidin\u012f, u\u017esakomas atskirai CAMA-KOMINEK\u2026) matmenys: auk\u0161tis\/plotis\/gylis \u2013 49 cm\/200 cm\/39 cm<br \/>\nMed\u017eiaga: korpusas: med\u017eio dro\u017eli\u0173 plok\u0161t\u0117 16 mm<br \/>\nPriekin\u0117 dalis: laminuota matin\u0117 med\u017eio dro\u017eli\u0173 plok\u0161t\u0117 16 mm + MDF plok\u0161t\u0117 16 mm<br \/>\nKojel\u0117s: plastikin\u0117s, auk\u0161tis 14 cm<br \/>\nRankena: Paspaudus atidaroma sistema<\/p>","protected":false},"featured_media":67776,"comment_status":"open","ping_status":"open","template":"","meta":[],"product_brand":[],"product_cat":[2013,9152,1175],"product_tag":[],"class_list":{"0":"post-67775","1":"product","2":"type-product","3":"status-publish","4":"has-post-thumbnail","6":"product_cat-halmar","7":"product_cat-rtv-tables-halmar","8":"product_cat-tv-stands","10":"first","11":"instock","12":"purchasable","13":"product-type-simple"},"_links":{"self":[{"href":"https:\/\/baldumarket.lt\/lt\/wp-json\/wp\/v2\/product\/67775","targetHints":{"allow":["GET"]}}],"collection":[{"href":"https:\/\/baldumarket.lt\/lt\/wp-json\/wp\/v2\/product"}],"about":[{"href":"https:\/\/baldumarket.lt\/lt\/wp-json\/wp\/v2\/types\/product"}],"replies":[{"embeddable":true,"href":"https:\/\/baldumarket.lt\/lt\/wp-json\/wp\/v2\/comments?post=67775"}],"wp:featuredmedia":[{"embeddable":true,"href":"https:\/\/baldumarket.lt\/lt\/wp-json\/wp\/v2\/media\/67776"}],"wp:attachment":[{"href":"https:\/\/baldumarket.lt\/lt\/wp-json\/wp\/v2\/media?parent=67775"}],"wp:term":[{"taxonomy":"product_brand","embeddable":true,"href":"https:\/\/baldumarket.lt\/lt\/wp-json\/wp\/v2\/product_brand?post=67775"},{"taxonomy":"product_cat","embeddable":true,"href":"https:\/\/baldumarket.lt\/lt\/wp-json\/wp\/v2\/product_cat?post=67775"},{"taxonomy":"product_tag","embeddable":true,"href":"https:\/\/baldumarket.lt\/lt\/wp-json\/wp\/v2\/product_tag?post=67775"}],"curies":[{"name":"wp","href":"https:\/\/api.w.org\/{rel}","templated":true}]}}