{"id":67739,"date":"2025-11-22T03:50:16","date_gmt":"2025-11-22T00:50:16","guid":{"rendered":"https:\/\/baldumarket.lt\/product\/tv-stand-reja-black-gloss-black-gloss\/"},"modified":"2026-02-04T00:35:25","modified_gmt":"2026-02-03T21:35:25","slug":"tv-stand-reja-black-gloss-black-gloss","status":"publish","type":"product","link":"https:\/\/baldumarket.lt\/lt\/product\/tv-stand-reja-black-gloss-black-gloss\/","title":{"rendered":"TV staliukas REJA juodas blizgus\/juodas blizgus"},"content":{"rendered":"<h5><span style=\"color: #54859b\">Apsilankykite m\u016bs\u0173 virtualioje HALMAR MEBLE prek\u0117s \u017eenklo parduotuv\u0117je<\/span><\/h5>\n<p> <a href=\"https:\/\/my.matterport.com\/show\/?m=A37Zvh6YfmB\" target=\"_blank\" rel=\"noopener\"><span style=\"color: #e47025\">https:\/\/my.matterport.com\/<\/span><\/a><\/p>","protected":false},"excerpt":{"rendered":"<p>matmenys:<br \/>\nsu kojel\u0117mis: auk\u0161tis\/plotis\/gylis - 57,5 cm \/ 184 cm \/ 45 cm<br \/>\nbe kojeli\u0173: auk\u0161tis\/plotis\/gylis - 52,5 cm \/ 184 cm \/ 45 cm<br \/>\nmed\u017eiaga<br \/>\n\u0161onai ir vir\u0161us: blizgiai frezuota MDF med\u017eio dro\u017eli\u0173 plok\u0161t\u0117<br \/>\nFasadas: blizgios, frezuotos MDF plok\u0161t\u0117s<br \/>\nLik\u0119 elementai: laminuota med\u017eio dro\u017eli\u0173 plok\u0161t\u0117<br \/>\nRankena: tr\u016bksta, daikto priekin\u0117 dalis t\u0119siasi per vir\u0161\u0173<br \/>\nKojel\u0117s: juodas plastikas ir cokolis<br \/>\nAp\u0161vietimas: LED juostel\u0117s ap\u0161vietimas turi b\u016bti priklijuotas prie cokolio + 2 ta\u0161k\u0173 LED juostel\u0117 turi b\u016bti priklijuota prie televizoriaus stovo \u012fdubos<br \/>\n(galimos spalvos: balta, m\u0117lyna)<\/p>","protected":false},"featured_media":67740,"comment_status":"open","ping_status":"open","template":"","meta":[],"product_brand":[],"product_cat":[2013,9152,1175],"product_tag":[],"class_list":{"0":"post-67739","1":"product","2":"type-product","3":"status-publish","4":"has-post-thumbnail","6":"product_cat-halmar","7":"product_cat-rtv-tables-halmar","8":"product_cat-tv-stands","10":"first","11":"instock","12":"purchasable","13":"product-type-simple"},"_links":{"self":[{"href":"https:\/\/baldumarket.lt\/lt\/wp-json\/wp\/v2\/product\/67739","targetHints":{"allow":["GET"]}}],"collection":[{"href":"https:\/\/baldumarket.lt\/lt\/wp-json\/wp\/v2\/product"}],"about":[{"href":"https:\/\/baldumarket.lt\/lt\/wp-json\/wp\/v2\/types\/product"}],"replies":[{"embeddable":true,"href":"https:\/\/baldumarket.lt\/lt\/wp-json\/wp\/v2\/comments?post=67739"}],"wp:featuredmedia":[{"embeddable":true,"href":"https:\/\/baldumarket.lt\/lt\/wp-json\/wp\/v2\/media\/67740"}],"wp:attachment":[{"href":"https:\/\/baldumarket.lt\/lt\/wp-json\/wp\/v2\/media?parent=67739"}],"wp:term":[{"taxonomy":"product_brand","embeddable":true,"href":"https:\/\/baldumarket.lt\/lt\/wp-json\/wp\/v2\/product_brand?post=67739"},{"taxonomy":"product_cat","embeddable":true,"href":"https:\/\/baldumarket.lt\/lt\/wp-json\/wp\/v2\/product_cat?post=67739"},{"taxonomy":"product_tag","embeddable":true,"href":"https:\/\/baldumarket.lt\/lt\/wp-json\/wp\/v2\/product_tag?post=67739"}],"curies":[{"name":"wp","href":"https:\/\/api.w.org\/{rel}","templated":true}]}}