{"id":67630,"date":"2025-11-22T03:48:09","date_gmt":"2025-11-22T00:48:09","guid":{"rendered":"https:\/\/baldumarket.lt\/product\/rtv-stand-eva-graphite-gloss-graphite-gloss\/"},"modified":"2026-02-04T00:35:28","modified_gmt":"2026-02-03T21:35:28","slug":"rtv-stand-eva-graphite-gloss-graphite-gloss","status":"publish","type":"product","link":"https:\/\/baldumarket.lt\/lt\/product\/rtv-stand-eva-graphite-gloss-graphite-gloss\/","title":{"rendered":"RTV stovas EVA grafito blizgesys\/grafito blizgesys"},"content":{"rendered":"<h5><span style=\"color: #54859b\">Apsilankykite m\u016bs\u0173 virtualioje HALMAR MEBLE prek\u0117s \u017eenklo parduotuv\u0117je<\/span><\/h5>\n<p> <a href=\"https:\/\/my.matterport.com\/show\/?m=A37Zvh6YfmB\" target=\"_blank\" rel=\"noopener\"><span style=\"color: #e47025\">https:\/\/my.matterport.com\/<\/span><\/a><\/p>","protected":false},"excerpt":{"rendered":"<p>matmenys:<br \/>\nauk\u0161tis\/plotis\/gylis - 56 m \/ 180 cm \/ 40 cm<br \/>\nmed\u017eiaga<br \/>\nKorpusas: laminuota med\u017eio dro\u017eli\u0173 plok\u0161t\u0117 16 mm<br \/>\nPriekin\u0117s dalys: 16 mm MDF plok\u0161t\u0117s, padengtos PVC pl\u0117vele<br \/>\nVir\u0161us: 16 mm MDF plok\u0161t\u0117, padengta PVC folija<br \/>\nRankena: tr\u016bksta,<br \/>\nKojel\u0117s: cokolis<br \/>\nAp\u0161vietimas: ap\u0161vietimas ne\u012fskai\u010diuotas, b\u016btina u\u017esisakyti atskirai POLARUS MICRO x2 ap\u0161vietim\u0105 ir maitinimo adapter\u012f bei 2LED<\/p>","protected":false},"featured_media":67631,"comment_status":"open","ping_status":"open","template":"","meta":[],"product_brand":[],"product_cat":[2013,9152,1175],"product_tag":[],"class_list":{"0":"post-67630","1":"product","2":"type-product","3":"status-publish","4":"has-post-thumbnail","6":"product_cat-halmar","7":"product_cat-rtv-tables-halmar","8":"product_cat-tv-stands","10":"first","11":"instock","12":"purchasable","13":"product-type-simple"},"_links":{"self":[{"href":"https:\/\/baldumarket.lt\/lt\/wp-json\/wp\/v2\/product\/67630","targetHints":{"allow":["GET"]}}],"collection":[{"href":"https:\/\/baldumarket.lt\/lt\/wp-json\/wp\/v2\/product"}],"about":[{"href":"https:\/\/baldumarket.lt\/lt\/wp-json\/wp\/v2\/types\/product"}],"replies":[{"embeddable":true,"href":"https:\/\/baldumarket.lt\/lt\/wp-json\/wp\/v2\/comments?post=67630"}],"wp:featuredmedia":[{"embeddable":true,"href":"https:\/\/baldumarket.lt\/lt\/wp-json\/wp\/v2\/media\/67631"}],"wp:attachment":[{"href":"https:\/\/baldumarket.lt\/lt\/wp-json\/wp\/v2\/media?parent=67630"}],"wp:term":[{"taxonomy":"product_brand","embeddable":true,"href":"https:\/\/baldumarket.lt\/lt\/wp-json\/wp\/v2\/product_brand?post=67630"},{"taxonomy":"product_cat","embeddable":true,"href":"https:\/\/baldumarket.lt\/lt\/wp-json\/wp\/v2\/product_cat?post=67630"},{"taxonomy":"product_tag","embeddable":true,"href":"https:\/\/baldumarket.lt\/lt\/wp-json\/wp\/v2\/product_tag?post=67630"}],"curies":[{"name":"wp","href":"https:\/\/api.w.org\/{rel}","templated":true}]}}