{"id":67598,"date":"2025-11-22T03:47:33","date_gmt":"2025-11-22T00:47:33","guid":{"rendered":"https:\/\/baldumarket.lt\/product\/roco-ro1-tv-stand-bodybclack-frontblack\/"},"modified":"2026-02-04T00:35:28","modified_gmt":"2026-02-03T21:35:28","slug":"roco-ro1-tv-stand-bodybclack-frontblack","status":"publish","type":"product","link":"https:\/\/baldumarket.lt\/lt\/product\/roco-ro1-tv-stand-bodybclack-frontblack\/","title":{"rendered":"ROCO RO1 TV STOV\u0116LIS Korpusas: juodas \/ Priekis: juodas"},"content":{"rendered":"<h5><span style=\"color: #54859b\">Apsilankykite m\u016bs\u0173 virtualioje HALMAR MEBLE prek\u0117s \u017eenklo parduotuv\u0117je<\/span><\/h5>\n<p> <a href=\"https:\/\/my.matterport.com\/show\/?m=A37Zvh6YfmB\" target=\"_blank\" rel=\"noopener\"><span style=\"color: #e47025\">https:\/\/my.matterport.com\/<\/span><\/a><\/p>","protected":false},"excerpt":{"rendered":"<p>Matmenys: auk\u0161tis\/plotis\/gylis - 37,5 cm \/ 112,5 cm \/ 39 cm<br \/>\nmed\u017eiaga<br \/>\nKorpusas: laminuota matin\u0117 med\u017eio dro\u017eli\u0173 plok\u0161t\u0117<br \/>\nPriekin\u0117s dalys: laminuota matin\u0117 MDF plok\u0161t\u0117<br \/>\ngalimyb\u0117 pakabinti \/ pastatyti spintel\u0119 horizontaliai arba vertikaliai<br \/>\nvienas atvartas, atsidarantis \u012f apa\u010di\u0105 arba \u012f \u0161on\u0105 (kair\u0119 \/ de\u0161in\u0119)<br \/>\nviduje dvi kameros, pertvara \/ lentyna<br \/>\npakabinama arba pastatoma spintel\u0117, komplekte yra spintel\u0117s koj\u0173 pagalv\u0117l\u0117s<br \/>\nJei priekin\u0117 dalis turi atsidaryti, tur\u0117tum\u0117te \u012fsigyti dujinius keltuvus (2 vnt. vienai spintelei).<br \/>\nPUSH-CLICK atidarymo sistema<\/p>","protected":false},"featured_media":67599,"comment_status":"open","ping_status":"closed","template":"","meta":[],"product_brand":[],"product_cat":[2013,9152,1175],"product_tag":[],"class_list":{"0":"post-67598","1":"product","2":"type-product","3":"status-publish","4":"has-post-thumbnail","6":"product_cat-halmar","7":"product_cat-rtv-tables-halmar","8":"product_cat-tv-stands","10":"first","11":"instock","12":"purchasable","13":"product-type-simple"},"_links":{"self":[{"href":"https:\/\/baldumarket.lt\/lt\/wp-json\/wp\/v2\/product\/67598","targetHints":{"allow":["GET"]}}],"collection":[{"href":"https:\/\/baldumarket.lt\/lt\/wp-json\/wp\/v2\/product"}],"about":[{"href":"https:\/\/baldumarket.lt\/lt\/wp-json\/wp\/v2\/types\/product"}],"replies":[{"embeddable":true,"href":"https:\/\/baldumarket.lt\/lt\/wp-json\/wp\/v2\/comments?post=67598"}],"wp:featuredmedia":[{"embeddable":true,"href":"https:\/\/baldumarket.lt\/lt\/wp-json\/wp\/v2\/media\/67599"}],"wp:attachment":[{"href":"https:\/\/baldumarket.lt\/lt\/wp-json\/wp\/v2\/media?parent=67598"}],"wp:term":[{"taxonomy":"product_brand","embeddable":true,"href":"https:\/\/baldumarket.lt\/lt\/wp-json\/wp\/v2\/product_brand?post=67598"},{"taxonomy":"product_cat","embeddable":true,"href":"https:\/\/baldumarket.lt\/lt\/wp-json\/wp\/v2\/product_cat?post=67598"},{"taxonomy":"product_tag","embeddable":true,"href":"https:\/\/baldumarket.lt\/lt\/wp-json\/wp\/v2\/product_tag?post=67598"}],"curies":[{"name":"wp","href":"https:\/\/api.w.org\/{rel}","templated":true}]}}