{"id":67507,"date":"2025-11-22T03:46:00","date_gmt":"2025-11-22T00:46:00","guid":{"rendered":"https:\/\/baldumarket.lt\/product\/paxos-rtv-2-tv-stand-200-cm-color-cashmere-black\/"},"modified":"2026-02-04T00:35:29","modified_gmt":"2026-02-03T21:35:29","slug":"paxos-rtv-2-tv-stand-200-cm-color-cashmere-black","status":"publish","type":"product","link":"https:\/\/baldumarket.lt\/lt\/product\/paxos-rtv-2-tv-stand-200-cm-color-cashmere-black\/","title":{"rendered":"PAXOS RTV-2 televizoriaus staliukas 200 cm, spalva: ka\u0161myras \/ juoda"},"content":{"rendered":"<h5><span style=\"color: #54859b\">Apsilankykite m\u016bs\u0173 virtualioje HALMAR MEBLE prek\u0117s \u017eenklo parduotuv\u0117je<\/span><\/h5>\n<p> <a href=\"https:\/\/my.matterport.com\/show\/?m=A37Zvh6YfmB\" target=\"_blank\" rel=\"noopener\"><span style=\"color: #e47025\">https:\/\/my.matterport.com\/<\/span><\/a><\/p>","protected":false},"excerpt":{"rendered":"<p>Matmenys: 200\/40\/54 cm, med\u017eiaga: laminuota med\u017eio dro\u017eli\u0173 plok\u0161t\u0117 \/ laminuotas MDF \/ milteliniu b\u016bdu da\u017eytas plienas, spalva: ka\u0161myras \/ juoda<\/p>","protected":false},"featured_media":67508,"comment_status":"open","ping_status":"open","template":"","meta":[],"product_brand":[],"product_cat":[2013,9152,1175],"product_tag":[],"class_list":{"0":"post-67507","1":"product","2":"type-product","3":"status-publish","4":"has-post-thumbnail","6":"product_cat-halmar","7":"product_cat-rtv-tables-halmar","8":"product_cat-tv-stands","10":"first","11":"instock","12":"purchasable","13":"product-type-simple"},"_links":{"self":[{"href":"https:\/\/baldumarket.lt\/lt\/wp-json\/wp\/v2\/product\/67507","targetHints":{"allow":["GET"]}}],"collection":[{"href":"https:\/\/baldumarket.lt\/lt\/wp-json\/wp\/v2\/product"}],"about":[{"href":"https:\/\/baldumarket.lt\/lt\/wp-json\/wp\/v2\/types\/product"}],"replies":[{"embeddable":true,"href":"https:\/\/baldumarket.lt\/lt\/wp-json\/wp\/v2\/comments?post=67507"}],"wp:featuredmedia":[{"embeddable":true,"href":"https:\/\/baldumarket.lt\/lt\/wp-json\/wp\/v2\/media\/67508"}],"wp:attachment":[{"href":"https:\/\/baldumarket.lt\/lt\/wp-json\/wp\/v2\/media?parent=67507"}],"wp:term":[{"taxonomy":"product_brand","embeddable":true,"href":"https:\/\/baldumarket.lt\/lt\/wp-json\/wp\/v2\/product_brand?post=67507"},{"taxonomy":"product_cat","embeddable":true,"href":"https:\/\/baldumarket.lt\/lt\/wp-json\/wp\/v2\/product_cat?post=67507"},{"taxonomy":"product_tag","embeddable":true,"href":"https:\/\/baldumarket.lt\/lt\/wp-json\/wp\/v2\/product_tag?post=67507"}],"curies":[{"name":"wp","href":"https:\/\/api.w.org\/{rel}","templated":true}]}}