{"id":67484,"date":"2025-11-22T03:45:37","date_gmt":"2025-11-22T00:45:37","guid":{"rendered":"https:\/\/baldumarket.lt\/product\/palazzo-tv-stand-150-3d\/"},"modified":"2026-02-04T00:35:29","modified_gmt":"2026-02-03T21:35:29","slug":"palazzo-tv-stand-150-3d","status":"publish","type":"product","link":"https:\/\/baldumarket.lt\/lt\/product\/palazzo-tv-stand-150-3d\/","title":{"rendered":"PALAZZO TV staliukas 150 (3D)"},"content":{"rendered":"<h5><span style=\"color: #54859b\">Apsilankykite m\u016bs\u0173 virtualioje HALMAR MEBLE prek\u0117s \u017eenklo parduotuv\u0117je<\/span><\/h5>\n<p> <a href=\"https:\/\/my.matterport.com\/show\/?m=A37Zvh6YfmB\" target=\"_blank\" rel=\"noopener\"><span style=\"color: #e47025\">https:\/\/my.matterport.com\/<\/span><\/a><\/p>","protected":false},"excerpt":{"rendered":"<p>matmenys: auk\u0161tis\/plotis\/gylis cm\/cm\/cm,<br \/>\nmed\u017eiaga:<br \/>\nKorpusas: matin\u0117 laminuota med\u017eio dro\u017eli\u0173 plok\u0161t\u0117, 16 mm<br \/>\nPriekin\u0117 dalis: 16 mm MDF plok\u0161t\u0117<br \/>\nKojel\u0117s: juodos spalvos metalin\u0117s, auk\u0161tis 20 cm<br \/>\nRankena: sistema STUMTI \u2013 SPRAUKTI<\/p>","protected":false},"featured_media":67485,"comment_status":"open","ping_status":"open","template":"","meta":[],"product_brand":[],"product_cat":[2013,9152,1175],"product_tag":[],"class_list":{"0":"post-67484","1":"product","2":"type-product","3":"status-publish","4":"has-post-thumbnail","6":"product_cat-halmar","7":"product_cat-rtv-tables-halmar","8":"product_cat-tv-stands","10":"first","11":"instock","12":"purchasable","13":"product-type-simple"},"_links":{"self":[{"href":"https:\/\/baldumarket.lt\/lt\/wp-json\/wp\/v2\/product\/67484","targetHints":{"allow":["GET"]}}],"collection":[{"href":"https:\/\/baldumarket.lt\/lt\/wp-json\/wp\/v2\/product"}],"about":[{"href":"https:\/\/baldumarket.lt\/lt\/wp-json\/wp\/v2\/types\/product"}],"replies":[{"embeddable":true,"href":"https:\/\/baldumarket.lt\/lt\/wp-json\/wp\/v2\/comments?post=67484"}],"wp:featuredmedia":[{"embeddable":true,"href":"https:\/\/baldumarket.lt\/lt\/wp-json\/wp\/v2\/media\/67485"}],"wp:attachment":[{"href":"https:\/\/baldumarket.lt\/lt\/wp-json\/wp\/v2\/media?parent=67484"}],"wp:term":[{"taxonomy":"product_brand","embeddable":true,"href":"https:\/\/baldumarket.lt\/lt\/wp-json\/wp\/v2\/product_brand?post=67484"},{"taxonomy":"product_cat","embeddable":true,"href":"https:\/\/baldumarket.lt\/lt\/wp-json\/wp\/v2\/product_cat?post=67484"},{"taxonomy":"product_tag","embeddable":true,"href":"https:\/\/baldumarket.lt\/lt\/wp-json\/wp\/v2\/product_tag?post=67484"}],"curies":[{"name":"wp","href":"https:\/\/api.w.org\/{rel}","templated":true}]}}