{"id":67456,"date":"2025-11-22T03:45:08","date_gmt":"2025-11-22T00:45:08","guid":{"rendered":"https:\/\/baldumarket.lt\/product\/pafos-tv-stand-150-2d2k-black-black\/"},"modified":"2026-02-04T00:35:30","modified_gmt":"2026-02-03T21:35:30","slug":"pafos-tv-stand-150-2d2k-black-black","status":"publish","type":"product","link":"https:\/\/baldumarket.lt\/lt\/product\/pafos-tv-stand-150-2d2k-black-black\/","title":{"rendered":"PAFOS TV staliukas 150 2D2K juodas\/juodas"},"content":{"rendered":"<h5><span style=\"color: #54859b\">Apsilankykite m\u016bs\u0173 virtualioje HALMAR MEBLE prek\u0117s \u017eenklo parduotuv\u0117je<\/span><\/h5>\n<p> <a href=\"https:\/\/my.matterport.com\/show\/?m=A37Zvh6YfmB\" target=\"_blank\" rel=\"noopener\"><span style=\"color: #e47025\">https:\/\/my.matterport.com\/<\/span><\/a><\/p>","protected":false},"excerpt":{"rendered":"<p>Matmenys: auk\u0161tis\/plotis\/gylis - 52\/150\/40<br \/>\nSpintel\u0117je galima keisti fasad\u0173 vietas pagal pageidavim\u0105, kad bet kurioje vietoje atsirast\u0173 atvira lentyna<br \/>\nKorpusas: laminuota matin\u0117 med\u017eio dro\u017eli\u0173 plok\u0161t\u0117 16 mm<br \/>\nPriekin\u0117s dalys: Laminuota MDF plok\u0161t\u0117, apdengta 16 mm folija, su matomomis pjaustymo briaunomis<br \/>\nBriauna: ABS<br \/>\nKojel\u0117s: plastikin\u0117 med\u017eiaga<br \/>\nRankena: tr\u016bksta. priekin\u0117s dalys t\u0119siasi u\u017e vir\u0161aus.<\/p>","protected":false},"featured_media":67457,"comment_status":"open","ping_status":"open","template":"","meta":[],"product_brand":[],"product_cat":[2013,9152,1175],"product_tag":[],"class_list":{"0":"post-67456","1":"product","2":"type-product","3":"status-publish","4":"has-post-thumbnail","6":"product_cat-halmar","7":"product_cat-rtv-tables-halmar","8":"product_cat-tv-stands","10":"first","11":"instock","12":"purchasable","13":"product-type-simple"},"_links":{"self":[{"href":"https:\/\/baldumarket.lt\/lt\/wp-json\/wp\/v2\/product\/67456","targetHints":{"allow":["GET"]}}],"collection":[{"href":"https:\/\/baldumarket.lt\/lt\/wp-json\/wp\/v2\/product"}],"about":[{"href":"https:\/\/baldumarket.lt\/lt\/wp-json\/wp\/v2\/types\/product"}],"replies":[{"embeddable":true,"href":"https:\/\/baldumarket.lt\/lt\/wp-json\/wp\/v2\/comments?post=67456"}],"wp:featuredmedia":[{"embeddable":true,"href":"https:\/\/baldumarket.lt\/lt\/wp-json\/wp\/v2\/media\/67457"}],"wp:attachment":[{"href":"https:\/\/baldumarket.lt\/lt\/wp-json\/wp\/v2\/media?parent=67456"}],"wp:term":[{"taxonomy":"product_brand","embeddable":true,"href":"https:\/\/baldumarket.lt\/lt\/wp-json\/wp\/v2\/product_brand?post=67456"},{"taxonomy":"product_cat","embeddable":true,"href":"https:\/\/baldumarket.lt\/lt\/wp-json\/wp\/v2\/product_cat?post=67456"},{"taxonomy":"product_tag","embeddable":true,"href":"https:\/\/baldumarket.lt\/lt\/wp-json\/wp\/v2\/product_tag?post=67456"}],"curies":[{"name":"wp","href":"https:\/\/api.w.org\/{rel}","templated":true}]}}