{"id":67306,"date":"2025-11-22T03:42:29","date_gmt":"2025-11-22T00:42:29","guid":{"rendered":"https:\/\/baldumarket.lt\/product\/granero-tv-stand-olad-wood-old-wood\/"},"modified":"2026-02-04T00:35:32","modified_gmt":"2026-02-03T21:35:32","slug":"granero-tv-stand-olad-wood-old-wood","status":"publish","type":"product","link":"https:\/\/baldumarket.lt\/lt\/product\/granero-tv-stand-olad-wood-old-wood\/","title":{"rendered":"GRANERO TV staliukas, sendintas medis \/ sena mediena"},"content":{"rendered":"<h5><span style=\"color: #54859b\">Apsilankykite m\u016bs\u0173 virtualioje HALMAR MEBLE prek\u0117s \u017eenklo parduotuv\u0117je<\/span><\/h5>\n<p> <a href=\"https:\/\/my.matterport.com\/show\/?m=A37Zvh6YfmB\" target=\"_blank\" rel=\"noopener\"><span style=\"color: #e47025\">https:\/\/my.matterport.com\/<\/span><\/a><\/p>","protected":false},"excerpt":{"rendered":"<p>Matmenys: auk\u0161tis\/plotis\/gylis - 56,7\/200\/35<br \/>\nKorpusas: 16 mm matin\u0117 laminuota plok\u0161t\u0117<br \/>\nPriekin\u0117 dalis: laminuota med\u017eio dro\u017eli\u0173 plok\u0161t\u0117 16 mm<br \/>\nBriauna: ABS 0,8 mm<br \/>\nRankena: n\u0117ra. LOFT LAGUNA sistema<\/p>\n<p>Galimyb\u0117 sumontuoti lentyn\u0105 arba \u017eidin\u012f.<br \/>\n\u017didinys parduodamas atskirai. CAMA- KOMINEK<br \/>\nGalimyb\u0117 savo nuo\u017ei\u016bra keisti priekin\u0117s dalies viet\u0105, kad bet kurioje vietoje atsirast\u0173 laisvos erdv\u0117s.<\/p>\n<p>Pakuot\u0117s matmenys:<br \/>\n1 d\u0117\u017e\u0117: 204,5x41x7, svoris 33 kg<br \/>\n2 d\u0117\u017e\u0117: 63,5 \u00d7 39,5 \u00d7 10, svoris 15 kg<\/p>","protected":false},"featured_media":67307,"comment_status":"open","ping_status":"open","template":"","meta":[],"product_brand":[],"product_cat":[2013,9152,1175],"product_tag":[],"class_list":{"0":"post-67306","1":"product","2":"type-product","3":"status-publish","4":"has-post-thumbnail","6":"product_cat-halmar","7":"product_cat-rtv-tables-halmar","8":"product_cat-tv-stands","10":"first","11":"instock","12":"purchasable","13":"product-type-simple"},"_links":{"self":[{"href":"https:\/\/baldumarket.lt\/lt\/wp-json\/wp\/v2\/product\/67306","targetHints":{"allow":["GET"]}}],"collection":[{"href":"https:\/\/baldumarket.lt\/lt\/wp-json\/wp\/v2\/product"}],"about":[{"href":"https:\/\/baldumarket.lt\/lt\/wp-json\/wp\/v2\/types\/product"}],"replies":[{"embeddable":true,"href":"https:\/\/baldumarket.lt\/lt\/wp-json\/wp\/v2\/comments?post=67306"}],"wp:featuredmedia":[{"embeddable":true,"href":"https:\/\/baldumarket.lt\/lt\/wp-json\/wp\/v2\/media\/67307"}],"wp:attachment":[{"href":"https:\/\/baldumarket.lt\/lt\/wp-json\/wp\/v2\/media?parent=67306"}],"wp:term":[{"taxonomy":"product_brand","embeddable":true,"href":"https:\/\/baldumarket.lt\/lt\/wp-json\/wp\/v2\/product_brand?post=67306"},{"taxonomy":"product_cat","embeddable":true,"href":"https:\/\/baldumarket.lt\/lt\/wp-json\/wp\/v2\/product_cat?post=67306"},{"taxonomy":"product_tag","embeddable":true,"href":"https:\/\/baldumarket.lt\/lt\/wp-json\/wp\/v2\/product_tag?post=67306"}],"curies":[{"name":"wp","href":"https:\/\/api.w.org\/{rel}","templated":true}]}}