{"id":67035,"date":"2025-11-22T03:37:50","date_gmt":"2025-11-22T00:37:50","guid":{"rendered":"https:\/\/baldumarket.lt\/product\/xavier-ext-table\/"},"modified":"2026-02-04T00:35:34","modified_gmt":"2026-02-03T21:35:34","slug":"xavier-ext-table","status":"publish","type":"product","link":"https:\/\/baldumarket.lt\/lt\/product\/xavier-ext-table\/","title":{"rendered":"XAVIER i\u0161skleid\u017eiamas stalas"},"content":{"rendered":"<h5><span style=\"color: #54859b\">Apsilankykite m\u016bs\u0173 virtualioje HALMAR MEBLE prek\u0117s \u017eenklo parduotuv\u0117je<\/span><\/h5>\n<p> <a href=\"https:\/\/my.matterport.com\/show\/?m=A37Zvh6YfmB\" target=\"_blank\" rel=\"noopener\"><span style=\"color: #e47025\">https:\/\/my.matterport.com\/<\/span><\/a><\/p>","protected":false},"excerpt":{"rendered":"<p>Matmenys: 160\u00f7250\/90\/76 cm, prailginamas stalas, med\u017eiaga: stalvir\u0161is \u2013 faneruota lenta, kra\u0161tai \u2013 med\u017eio masyvas, kojos \u2013 milteliniu b\u016bdu da\u017eytas plienas, spalva: stalvir\u0161is \u2013 \u0161viesus \u0105\u017euolas, kojos \u2013 juodos<br \/>\nAlyvuotas stalvir\u0161is \u2013 reikalauja specialios prie\u017ei\u016bros, i\u0161samesn\u0117 informacija pateikiama vadove.<\/p>","protected":false},"featured_media":67036,"comment_status":"open","ping_status":"open","template":"","meta":[],"product_brand":[],"product_cat":[2013,9136,1934],"product_tag":[],"class_list":{"0":"post-67035","1":"product","2":"type-product","3":"status-publish","4":"has-post-thumbnail","6":"product_cat-halmar","7":"product_cat-tables-halmar","8":"product_cat-tables","10":"first","11":"instock","12":"purchasable","13":"product-type-simple"},"_links":{"self":[{"href":"https:\/\/baldumarket.lt\/lt\/wp-json\/wp\/v2\/product\/67035","targetHints":{"allow":["GET"]}}],"collection":[{"href":"https:\/\/baldumarket.lt\/lt\/wp-json\/wp\/v2\/product"}],"about":[{"href":"https:\/\/baldumarket.lt\/lt\/wp-json\/wp\/v2\/types\/product"}],"replies":[{"embeddable":true,"href":"https:\/\/baldumarket.lt\/lt\/wp-json\/wp\/v2\/comments?post=67035"}],"wp:featuredmedia":[{"embeddable":true,"href":"https:\/\/baldumarket.lt\/lt\/wp-json\/wp\/v2\/media\/67036"}],"wp:attachment":[{"href":"https:\/\/baldumarket.lt\/lt\/wp-json\/wp\/v2\/media?parent=67035"}],"wp:term":[{"taxonomy":"product_brand","embeddable":true,"href":"https:\/\/baldumarket.lt\/lt\/wp-json\/wp\/v2\/product_brand?post=67035"},{"taxonomy":"product_cat","embeddable":true,"href":"https:\/\/baldumarket.lt\/lt\/wp-json\/wp\/v2\/product_cat?post=67035"},{"taxonomy":"product_tag","embeddable":true,"href":"https:\/\/baldumarket.lt\/lt\/wp-json\/wp\/v2\/product_tag?post=67035"}],"curies":[{"name":"wp","href":"https:\/\/api.w.org\/{rel}","templated":true}]}}