{"id":66911,"date":"2025-11-22T03:35:27","date_gmt":"2025-11-22T00:35:27","guid":{"rendered":"https:\/\/baldumarket.lt\/product\/william-table-color-dark-walnut\/"},"modified":"2026-02-04T00:35:36","modified_gmt":"2026-02-03T21:35:36","slug":"william-table-color-dark-walnut","status":"publish","type":"product","link":"https:\/\/baldumarket.lt\/lt\/product\/william-table-color-dark-walnut\/","title":{"rendered":"WILLIAM stalo spalva: tamsus rie\u0161utas"},"content":{"rendered":"<h5><span style=\"color: #54859b\">Apsilankykite m\u016bs\u0173 virtualioje HALMAR MEBLE prek\u0117s \u017eenklo parduotuv\u0117je<\/span><\/h5>\n<p> <a href=\"https:\/\/my.matterport.com\/show\/?m=A37Zvh6YfmB\" target=\"_blank\" rel=\"noopener\"><span style=\"color: #e47025\">https:\/\/my.matterport.com\/<\/span><\/a><\/p>","protected":false},"excerpt":{"rendered":"<p>Prailginamas stalas, matmenys: 90\u00f7124\/90\/75 cm, med\u017eiaga: stalvir\u0161is \u2013 MDF plok\u0161t\u0117 + nat\u016bralus faneravimas, kojos \u2013 med\u017eio masyvas, spalva: tamsus rie\u0161utmedis<br \/>\n* \u0160is gaminys pagamintas rankomis. Gali b\u016bti pasteb\u0117ti nedideli pa\u017eeidimai, kurie yra rank\u0173 darbo gaminio \u017eavesio dalis. Tai yra gaminio unikalumas ir netur\u0117t\u0173 b\u016bti laikomas gamybos defektu. Jie netur\u0117s \u012ftakos bendrai gaminio estetikai ir jo tinkamumui naudoti pagal paskirt\u012f.<\/p>","protected":false},"featured_media":66912,"comment_status":"open","ping_status":"open","template":"","meta":[],"product_brand":[],"product_cat":[2013,9136,1934],"product_tag":[],"class_list":{"0":"post-66911","1":"product","2":"type-product","3":"status-publish","4":"has-post-thumbnail","6":"product_cat-halmar","7":"product_cat-tables-halmar","8":"product_cat-tables","10":"first","11":"instock","12":"purchasable","13":"product-type-simple"},"_links":{"self":[{"href":"https:\/\/baldumarket.lt\/lt\/wp-json\/wp\/v2\/product\/66911","targetHints":{"allow":["GET"]}}],"collection":[{"href":"https:\/\/baldumarket.lt\/lt\/wp-json\/wp\/v2\/product"}],"about":[{"href":"https:\/\/baldumarket.lt\/lt\/wp-json\/wp\/v2\/types\/product"}],"replies":[{"embeddable":true,"href":"https:\/\/baldumarket.lt\/lt\/wp-json\/wp\/v2\/comments?post=66911"}],"wp:featuredmedia":[{"embeddable":true,"href":"https:\/\/baldumarket.lt\/lt\/wp-json\/wp\/v2\/media\/66912"}],"wp:attachment":[{"href":"https:\/\/baldumarket.lt\/lt\/wp-json\/wp\/v2\/media?parent=66911"}],"wp:term":[{"taxonomy":"product_brand","embeddable":true,"href":"https:\/\/baldumarket.lt\/lt\/wp-json\/wp\/v2\/product_brand?post=66911"},{"taxonomy":"product_cat","embeddable":true,"href":"https:\/\/baldumarket.lt\/lt\/wp-json\/wp\/v2\/product_cat?post=66911"},{"taxonomy":"product_tag","embeddable":true,"href":"https:\/\/baldumarket.lt\/lt\/wp-json\/wp\/v2\/product_tag?post=66911"}],"curies":[{"name":"wp","href":"https:\/\/api.w.org\/{rel}","templated":true}]}}